{"id":2751,"date":"2024-02-12T12:33:31","date_gmt":"2024-02-12T11:33:31","guid":{"rendered":"https:\/\/turrionsolutions.com\/politica-cookies\/"},"modified":"2024-10-08T17:57:09","modified_gmt":"2024-10-08T15:57:09","slug":"politica-cookies","status":"publish","type":"page","link":"https:\/\/turrionsolutions.com\/ca\/politica-cookies\/","title":{"rendered":"Pol\u00edtica de Cookies"},"content":{"rendered":"<div class=\"fusion-fullwidth fullwidth-box fusion-builder-row-1 fusion-flex-container nonhundred-percent-fullwidth non-hundred-percent-height-scrolling\" style=\"--awb-border-radius-top-left:0px;--awb-border-radius-top-right:0px;--awb-border-radius-bottom-right:0px;--awb-border-radius-bottom-left:0px;--awb-padding-top:4%;--awb-padding-bottom:90px;--awb-background-color:var(--awb-color1);--awb-background-image:linear-gradient(180deg, var(--awb-color1) 0%,rgba(255,255,255,0.7) 100%);--awb-flex-wrap:wrap;\" ><div class=\"fusion-builder-row fusion-row fusion-flex-align-items-flex-start fusion-flex-justify-content-center fusion-flex-content-wrap\" style=\"max-width:1248px;margin-left: calc(-4% \/ 2 );margin-right: calc(-4% \/ 2 );\"><div class=\"fusion-layout-column fusion_builder_column fusion-builder-column-0 fusion_builder_column_4_5 4_5 fusion-flex-column fusion-animated\" style=\"--awb-bg-size:cover;--awb-width-large:80%;--awb-margin-top-large:0px;--awb-spacing-right-large:2.4%;--awb-margin-bottom-large:0px;--awb-spacing-left-large:0%;--awb-width-medium:100%;--awb-spacing-right-medium:1.92%;--awb-spacing-left-medium:1.92%;--awb-width-small:100%;--awb-spacing-right-small:1.92%;--awb-spacing-left-small:1.92%;\" data-animationType=\"fadeInRight\" data-animationDuration=\"1.0\" data-animationOffset=\"top-into-view\"><div class=\"fusion-column-wrapper fusion-column-has-shadow fusion-flex-justify-content-flex-start fusion-content-layout-column\"><div class=\"fusion-text fusion-text-1\"><p><span style=\"vertical-align: inherit;\"><span style=\"vertical-align: inherit;\">Aquesta p\u00e0gina web utilitza cookies per millorar l&#8217;experi\u00e8ncia de l&#8217;usuari. A continuaci\u00f3, trobareu informaci\u00f3 sobre les galetes, quin tipus de galetes utilitza aquesta p\u00e0gina, com es pot desactivar les galetes al seu navegador i com desactivar espec\u00edficament la instal\u00b7laci\u00f3 de galetes de tercers. Si no troba la informaci\u00f3 espec\u00edfica que est\u00e0 buscant, per favor enviar un correu a <\/span><\/span><b><u><span style=\"vertical-align: inherit;\"><span style=\"vertical-align: inherit;\">serviagromario@gmail.com.<\/span><\/span><\/u><\/b><\/p>\n<h3 class=\"fusion-responsive-typography-calculated\" style=\"--fontsize: 32; line-height: 1.3;\" data-fontsize=\"32\" data-lineheight=\"41.6px\"><strong><span style=\"vertical-align: inherit;\"><span style=\"vertical-align: inherit;\">Qu\u00e8 s\u00f3n les galetes?<\/span><\/span><\/strong><\/h3>\n<p><span style=\"vertical-align: inherit;\"><span style=\"vertical-align: inherit;\">Les galetes s\u00f3n \u00fatils per diversos motius. Des d&#8217;un punt de vista t\u00e8cnic, permeten que les p\u00e0gines web funcionen de forma m\u00e9s \u00e0gil i adaptada a les seves prefer\u00e8ncies, com a emmagatzemar el seu idioma o la moneda del seu pa\u00eds. A m\u00e9s, ajuda als responsables dels llocs a millorar els serveis que ofereixen, gr\u00e0cies a la informaci\u00f3 estad\u00edstica que reconeix a trav\u00e9s d&#8217;elles i serveixen per fer m\u00e9s eficient la publicitat que podem mostrar.<\/span><\/span><\/p>\n<h3 class=\"fusion-responsive-typography-calculated\" style=\"--fontsize: 32; line-height: 1.3;\" data-fontsize=\"32\" data-lineheight=\"41.6px\"><strong><span style=\"vertical-align: inherit;\"><span style=\"vertical-align: inherit;\">Quin \u00fas donem als diferents tipus de cookies?<\/span><\/span><\/strong><\/h3>\n<p><strong>Cookies de sesi\u00f3n:<\/strong> Las cookies de sesi\u00f3n son aquellas que duran el tiempo que el usuario est\u00e1 navegando por la p\u00e1gina web y se borran al finalizar.<\/p>\n<p><strong><span style=\"vertical-align: inherit;\"><span style=\"vertical-align: inherit;\">Cookies persistents:<\/span><\/span><\/strong><span style=\"vertical-align: inherit;\"><span style=\"vertical-align: inherit;\"> Aquestes cookies queden emmagatzemades al terminal de l&#8217;usuari, per un temps m\u00e9s llarg, facilitant aix\u00ed el control de les prefer\u00e8ncies escollides sense haver de repetir certs par\u00e0metres cada cop que es visiti el lloc web.<\/span><\/span><\/p>\n<p><strong><span style=\"vertical-align: inherit;\"><span style=\"vertical-align: inherit;\">Cookies pr\u00f2pies:<\/span><\/span><\/strong><span style=\"vertical-align: inherit;\"><span style=\"vertical-align: inherit;\"> S\u00f3n cookies creades pel lloc web i que nom\u00e9s poden llegir la pr\u00f2pia p\u00e0gina. Per exemple: galetes t\u00e8cniques per la c\u00e0rrega d&#8217;imatges, galetes de personalitzaci\u00f3 de par\u00e0metres de la web, galetes d&#8217;an\u00e0lisi de tr\u00e0nsit, etc.<\/span><\/span><\/p>\n<p><strong><span style=\"vertical-align: inherit;\"><span style=\"vertical-align: inherit;\">Cookies de tercers:<\/span><\/span><\/strong><span style=\"vertical-align: inherit;\"><span style=\"vertical-align: inherit;\"> S\u00f3n cookies creades per tercers i que utilitzem per diferents serveis (per ex. An\u00e0lisi del lloc web o publicitat).<\/span><\/span><\/p>\n<p><b style=\"font-size: 20px;\" data-fusion-font=\"true\"><span style=\"vertical-align: inherit;\"><span style=\"vertical-align: inherit;\">Segons la finalitat:<\/span><\/span><\/b><\/p>\n<p><strong><span style=\"vertical-align: inherit;\"><span style=\"vertical-align: inherit;\">Cookies t\u00e8cniques:<\/span><\/span><\/strong><span style=\"vertical-align: inherit;\"><span style=\"vertical-align: inherit;\"> Les cookies t\u00e8cniques s\u00f3n aquelles imprescindibles i estrictament necess\u00e0ries per al funcionament correcte d&#8217;un portal web i la utilitzaci\u00f3 de les diferents opcions i serveis que ofereix. Per exemple, les que serveixen per al manteniment de la sessi\u00f3, gesti\u00f3 del temps de resposta, rendiment o validaci\u00f3 d&#8217;opcions, utilitzar elements de seguretat, compartir contingut a les xarxes socials, etc.<\/span><\/span><\/p>\n<p><strong><span style=\"vertical-align: inherit;\"><span style=\"vertical-align: inherit;\">Galetes de personalitzaci\u00f3:<\/span><\/span><\/strong><span style=\"vertical-align: inherit;\"><span style=\"vertical-align: inherit;\"> Aquestes galetes permeten a l&#8217;usuari especificar o personalitzar algunes caracter\u00edstiques de les opcions generals de la p\u00e0gina web, per exemple, definir l&#8217;idioma, configuraci\u00f3 regional o tipus de navegador.<\/span><\/span><\/p>\n<p><strong><span style=\"vertical-align: inherit;\"><span style=\"vertical-align: inherit;\">Galetes anal\u00edtiques:<\/span><\/span><\/strong><span style=\"vertical-align: inherit;\"><span style=\"vertical-align: inherit;\"> Les galetes anal\u00edtiques s\u00f3n les utilitzades pel nostre portal web, per elaborar perfils de navegaci\u00f3 i poder con\u00e8ixer les prefer\u00e8ncies dels usuaris del mateix per millorar l&#8217;oferta de productes i serveis. Per exemple, mitjan\u00e7ant una galeta anal\u00edtica es controlarien les \u00e0rees geogr\u00e0fiques de m\u00e9s inter\u00e8s d&#8217;un usuari, quin \u00e9s el producte de m\u00e9s acceptaci\u00f3, etc.<\/span><\/span><\/p>\n<p><strong><span style=\"vertical-align: inherit;\"><span style=\"vertical-align: inherit;\">Galetes publicit\u00e0ries :<\/span><\/span><\/strong><span style=\"vertical-align: inherit;\"><span style=\"vertical-align: inherit;\"> Les galetes publicit\u00e0ries permeten la gesti\u00f3 d&#8217;espais publicitaris en base a criteris concrets. Per exemple, la freq\u00fc\u00e8ncia dacc\u00e9s, el contingut editat, etc. Les galetes de publicitat permeten, a trav\u00e9s de la gesti\u00f3 de la publicitat, emmagatzemar informaci\u00f3 del comportament a trav\u00e9s de l&#8217;observaci\u00f3 d&#8217;h\u00e0bits, estudiant els accessos i formant un perfil de prefer\u00e8ncies de l&#8217;usuari, per oferir publicitat relacionada amb els interessos del seu perfil.<\/span><\/span><\/p>\n<\/div><\/div><\/div><\/div><\/div>\n","protected":false},"excerpt":{"rendered":"","protected":false},"author":1,"featured_media":2674,"parent":0,"menu_order":0,"comment_status":"closed","ping_status":"closed","template":"100-width.php","meta":{"footnotes":""},"class_list":["post-2751","page","type-page","status-publish","has-post-thumbnail","hentry"],"yoast_head":"<!-- This site is optimized with the Yoast SEO plugin v23.5 - https:\/\/yoast.com\/wordpress\/plugins\/seo\/ -->\n<title>Pol\u00edtica de Cookies - Turri\u00f3n Solutions<\/title>\n<meta name=\"robots\" content=\"index, follow, max-snippet:-1, max-image-preview:large, max-video-preview:-1\" \/>\n<link rel=\"canonical\" href=\"https:\/\/turrionsolutions.com\/ca\/politica-cookies\/\" \/>\n<meta property=\"og:locale\" content=\"ca_ES\" \/>\n<meta property=\"og:type\" content=\"article\" \/>\n<meta property=\"og:title\" content=\"Pol\u00edtica de Cookies - Turri\u00f3n Solutions\" \/>\n<meta property=\"og:url\" content=\"https:\/\/turrionsolutions.com\/ca\/politica-cookies\/\" \/>\n<meta property=\"og:site_name\" content=\"Turri\u00f3n Solutions\" \/>\n<meta property=\"article:modified_time\" content=\"2024-10-08T15:57:09+00:00\" \/>\n<meta property=\"og:image\" content=\"https:\/\/turrionsolutions.com\/wp-content\/uploads\/2024\/02\/header-quienes-somos-turrion-solutions.jpg\" \/>\n\t<meta property=\"og:image:width\" content=\"1920\" \/>\n\t<meta property=\"og:image:height\" content=\"448\" \/>\n\t<meta property=\"og:image:type\" content=\"image\/jpeg\" \/>\n<meta name=\"twitter:card\" content=\"summary_large_image\" \/>\n<meta name=\"twitter:label1\" content=\"Temps estimat de lectura\" \/>\n\t<meta name=\"twitter:data1\" content=\"3 minuts\" \/>\n<script type=\"application\/ld+json\" class=\"yoast-schema-graph\">{\"@context\":\"https:\/\/schema.org\",\"@graph\":[{\"@type\":\"WebPage\",\"@id\":\"https:\/\/turrionsolutions.com\/ca\/politica-cookies\/\",\"url\":\"https:\/\/turrionsolutions.com\/ca\/politica-cookies\/\",\"name\":\"Pol\u00edtica de Cookies - Turri\u00f3n Solutions\",\"isPartOf\":{\"@id\":\"https:\/\/turrionsolutions.com\/ca\/#website\"},\"primaryImageOfPage\":{\"@id\":\"https:\/\/turrionsolutions.com\/ca\/politica-cookies\/#primaryimage\"},\"image\":{\"@id\":\"https:\/\/turrionsolutions.com\/ca\/politica-cookies\/#primaryimage\"},\"thumbnailUrl\":\"https:\/\/turrionsolutions.com\/wp-content\/uploads\/2024\/02\/header-quienes-somos-turrion-solutions.jpg\",\"datePublished\":\"2024-02-12T11:33:31+00:00\",\"dateModified\":\"2024-10-08T15:57:09+00:00\",\"breadcrumb\":{\"@id\":\"https:\/\/turrionsolutions.com\/ca\/politica-cookies\/#breadcrumb\"},\"inLanguage\":\"ca\",\"potentialAction\":[{\"@type\":\"ReadAction\",\"target\":[\"https:\/\/turrionsolutions.com\/ca\/politica-cookies\/\"]}]},{\"@type\":\"ImageObject\",\"inLanguage\":\"ca\",\"@id\":\"https:\/\/turrionsolutions.com\/ca\/politica-cookies\/#primaryimage\",\"url\":\"https:\/\/turrionsolutions.com\/wp-content\/uploads\/2024\/02\/header-quienes-somos-turrion-solutions.jpg\",\"contentUrl\":\"https:\/\/turrionsolutions.com\/wp-content\/uploads\/2024\/02\/header-quienes-somos-turrion-solutions.jpg\",\"width\":1920,\"height\":448},{\"@type\":\"BreadcrumbList\",\"@id\":\"https:\/\/turrionsolutions.com\/ca\/politica-cookies\/#breadcrumb\",\"itemListElement\":[{\"@type\":\"ListItem\",\"position\":1,\"name\":\"Portada\",\"item\":\"https:\/\/turrionsolutions.com\/ca\/\"},{\"@type\":\"ListItem\",\"position\":2,\"name\":\"Pol\u00edtica de Cookies\"}]},{\"@type\":\"WebSite\",\"@id\":\"https:\/\/turrionsolutions.com\/ca\/#website\",\"url\":\"https:\/\/turrionsolutions.com\/ca\/\",\"name\":\"Turri\u00f3n Solutions\",\"description\":\"\",\"potentialAction\":[{\"@type\":\"SearchAction\",\"target\":{\"@type\":\"EntryPoint\",\"urlTemplate\":\"https:\/\/turrionsolutions.com\/ca\/?s={search_term_string}\"},\"query-input\":{\"@type\":\"PropertyValueSpecification\",\"valueRequired\":true,\"valueName\":\"search_term_string\"}}],\"inLanguage\":\"ca\"}]}<\/script>\n<!-- \/ Yoast SEO plugin. -->","yoast_head_json":{"title":"Pol\u00edtica de Cookies - Turri\u00f3n Solutions","robots":{"index":"index","follow":"follow","max-snippet":"max-snippet:-1","max-image-preview":"max-image-preview:large","max-video-preview":"max-video-preview:-1"},"canonical":"https:\/\/turrionsolutions.com\/ca\/politica-cookies\/","og_locale":"ca_ES","og_type":"article","og_title":"Pol\u00edtica de Cookies - Turri\u00f3n Solutions","og_url":"https:\/\/turrionsolutions.com\/ca\/politica-cookies\/","og_site_name":"Turri\u00f3n Solutions","article_modified_time":"2024-10-08T15:57:09+00:00","og_image":[{"width":1920,"height":448,"url":"https:\/\/turrionsolutions.com\/wp-content\/uploads\/2024\/02\/header-quienes-somos-turrion-solutions.jpg","type":"image\/jpeg"}],"twitter_card":"summary_large_image","twitter_misc":{"Temps estimat de lectura":"3 minuts"},"schema":{"@context":"https:\/\/schema.org","@graph":[{"@type":"WebPage","@id":"https:\/\/turrionsolutions.com\/ca\/politica-cookies\/","url":"https:\/\/turrionsolutions.com\/ca\/politica-cookies\/","name":"Pol\u00edtica de Cookies - Turri\u00f3n Solutions","isPartOf":{"@id":"https:\/\/turrionsolutions.com\/ca\/#website"},"primaryImageOfPage":{"@id":"https:\/\/turrionsolutions.com\/ca\/politica-cookies\/#primaryimage"},"image":{"@id":"https:\/\/turrionsolutions.com\/ca\/politica-cookies\/#primaryimage"},"thumbnailUrl":"https:\/\/turrionsolutions.com\/wp-content\/uploads\/2024\/02\/header-quienes-somos-turrion-solutions.jpg","datePublished":"2024-02-12T11:33:31+00:00","dateModified":"2024-10-08T15:57:09+00:00","breadcrumb":{"@id":"https:\/\/turrionsolutions.com\/ca\/politica-cookies\/#breadcrumb"},"inLanguage":"ca","potentialAction":[{"@type":"ReadAction","target":["https:\/\/turrionsolutions.com\/ca\/politica-cookies\/"]}]},{"@type":"ImageObject","inLanguage":"ca","@id":"https:\/\/turrionsolutions.com\/ca\/politica-cookies\/#primaryimage","url":"https:\/\/turrionsolutions.com\/wp-content\/uploads\/2024\/02\/header-quienes-somos-turrion-solutions.jpg","contentUrl":"https:\/\/turrionsolutions.com\/wp-content\/uploads\/2024\/02\/header-quienes-somos-turrion-solutions.jpg","width":1920,"height":448},{"@type":"BreadcrumbList","@id":"https:\/\/turrionsolutions.com\/ca\/politica-cookies\/#breadcrumb","itemListElement":[{"@type":"ListItem","position":1,"name":"Portada","item":"https:\/\/turrionsolutions.com\/ca\/"},{"@type":"ListItem","position":2,"name":"Pol\u00edtica de Cookies"}]},{"@type":"WebSite","@id":"https:\/\/turrionsolutions.com\/ca\/#website","url":"https:\/\/turrionsolutions.com\/ca\/","name":"Turri\u00f3n Solutions","description":"","potentialAction":[{"@type":"SearchAction","target":{"@type":"EntryPoint","urlTemplate":"https:\/\/turrionsolutions.com\/ca\/?s={search_term_string}"},"query-input":{"@type":"PropertyValueSpecification","valueRequired":true,"valueName":"search_term_string"}}],"inLanguage":"ca"}]}},"_links":{"self":[{"href":"https:\/\/turrionsolutions.com\/ca\/wp-json\/wp\/v2\/pages\/2751","targetHints":{"allow":["GET"]}}],"collection":[{"href":"https:\/\/turrionsolutions.com\/ca\/wp-json\/wp\/v2\/pages"}],"about":[{"href":"https:\/\/turrionsolutions.com\/ca\/wp-json\/wp\/v2\/types\/page"}],"author":[{"embeddable":true,"href":"https:\/\/turrionsolutions.com\/ca\/wp-json\/wp\/v2\/users\/1"}],"replies":[{"embeddable":true,"href":"https:\/\/turrionsolutions.com\/ca\/wp-json\/wp\/v2\/comments?post=2751"}],"version-history":[{"count":2,"href":"https:\/\/turrionsolutions.com\/ca\/wp-json\/wp\/v2\/pages\/2751\/revisions"}],"predecessor-version":[{"id":2757,"href":"https:\/\/turrionsolutions.com\/ca\/wp-json\/wp\/v2\/pages\/2751\/revisions\/2757"}],"wp:featuredmedia":[{"embeddable":true,"href":"https:\/\/turrionsolutions.com\/ca\/wp-json\/wp\/v2\/media\/2674"}],"wp:attachment":[{"href":"https:\/\/turrionsolutions.com\/ca\/wp-json\/wp\/v2\/media?parent=2751"}],"curies":[{"name":"wp","href":"https:\/\/api.w.org\/{rel}","templated":true}]}}