{"id":2754,"date":"2024-02-12T12:43:27","date_gmt":"2024-02-12T11:43:27","guid":{"rendered":"https:\/\/turrionsolutions.com\/politica-privacidad-2\/"},"modified":"2024-10-09T17:11:31","modified_gmt":"2024-10-09T15:11:31","slug":"politica-privacidad","status":"publish","type":"page","link":"https:\/\/turrionsolutions.com\/ca\/politica-privacidad\/","title":{"rendered":"Pol\u00edtica de Privacitat"},"content":{"rendered":"<div class=\"fusion-fullwidth fullwidth-box fusion-builder-row-1 fusion-flex-container nonhundred-percent-fullwidth non-hundred-percent-height-scrolling\" style=\"--awb-border-radius-top-left:0px;--awb-border-radius-top-right:0px;--awb-border-radius-bottom-right:0px;--awb-border-radius-bottom-left:0px;--awb-padding-top:4%;--awb-padding-bottom:90px;--awb-background-color:var(--awb-color1);--awb-background-image:linear-gradient(180deg, var(--awb-color1) 0%,rgba(255,255,255,0.7) 100%);--awb-flex-wrap:wrap;\" ><div class=\"fusion-builder-row fusion-row fusion-flex-align-items-flex-start fusion-flex-justify-content-center fusion-flex-content-wrap\" style=\"max-width:1248px;margin-left: calc(-4% \/ 2 );margin-right: calc(-4% \/ 2 );\"><div class=\"fusion-layout-column fusion_builder_column fusion-builder-column-0 fusion_builder_column_4_5 4_5 fusion-flex-column fusion-animated\" style=\"--awb-bg-size:cover;--awb-width-large:80%;--awb-margin-top-large:0px;--awb-spacing-right-large:2.4%;--awb-margin-bottom-large:0px;--awb-spacing-left-large:0%;--awb-width-medium:100%;--awb-spacing-right-medium:1.92%;--awb-spacing-left-medium:1.92%;--awb-width-small:100%;--awb-spacing-right-small:1.92%;--awb-spacing-left-small:1.92%;\" data-animationType=\"fadeInRight\" data-animationDuration=\"1.0\" data-animationOffset=\"top-into-view\"><div class=\"fusion-column-wrapper fusion-column-has-shadow fusion-flex-justify-content-flex-start fusion-content-layout-column\"><div class=\"fusion-text fusion-text-1\"><p><span style=\"vertical-align: inherit;\"><span style=\"vertical-align: inherit;\">En compliment del Cap\u00edtol II de la llei 34\/2002, LSSICE, les informacions que la present p\u00e0gina web \u00e9s propietat de <\/span><\/span><b><u><span style=\"vertical-align: inherit;\"><span style=\"vertical-align: inherit;\">Serveis Agr\u00edcoles Mario Turri\u00f3n, SLU<\/span><\/span><\/u><\/b><span style=\"vertical-align: inherit;\"><span style=\"vertical-align: inherit;\"> , en tamb\u00e9 el Prestador, domiciliada en <\/span><\/span><b><u><span style=\"vertical-align: inherit;\"><span style=\"vertical-align: inherit;\">Crta. Vall de Bo\u00ed &#8211; El Pont de Suert 25520 (Lleida)<\/span><\/span><\/u><\/b><span style=\"vertical-align: inherit;\"><span style=\"vertical-align: inherit;\"> , amb CIF <\/span><\/span><b><u><span style=\"vertical-align: inherit;\"><span style=\"vertical-align: inherit;\">B25844960<\/span><\/span><\/u><\/b><span style=\"vertical-align: inherit;\"><span style=\"vertical-align: inherit;\"> , tel\u00e8fon de contacte: <\/span><\/span><b><u><span style=\"vertical-align: inherit;\"><span style=\"vertical-align: inherit;\">628 25 66 25<\/span><\/span><\/u><\/b><span style=\"vertical-align: inherit;\"><span style=\"vertical-align: inherit;\"> , i email: <\/span><\/span><b><u><span style=\"vertical-align: inherit;\"><span style=\"vertical-align: inherit;\">serviagromario@gmail.com<\/span><\/span><\/u><\/b><span style=\"vertical-align: inherit;\"><span style=\"vertical-align: inherit;\"> .<\/span><\/span><\/p>\n<p><b><u><span style=\"vertical-align: inherit;\"><span style=\"vertical-align: inherit;\">Serveis Agr\u00edcoles Mario Turri\u00f3n, SLU<\/span><\/span><\/u><\/b><span style=\"vertical-align: inherit;\"><span style=\"vertical-align: inherit;\"> ., com a responsable del present Lloc Web i de conformitat amb el que disposa la normativa vigent en mat\u00e8ria de protecci\u00f3 de dades personals, el Reglament (UE) 2016\/679 de 27 d&#8217;abril de 2016 (RGPD) relatiu a la protecci\u00f3 de les persones f\u00edsiques pel que fa al tractament de dades personals ia la lliure circulaci\u00f3 d&#8217;aquestes dades, la Llei org\u00e0nica 15\/1999, de 13 de desembre, de protecci\u00f3 de dades de car\u00e0cter personal (LOPD) i per la Llei 34\/2002, d&#8217;11 de juliol, de Serveis de la Societat de la Informaci\u00f3 i del Comer\u00e7 Electr\u00f2nic (LSSICE), t\u00e9 implementades totes les mesures de seguretat, d&#8217;\u00edndole t\u00e8cnica i organitzatives, establertes al Reial Decret 1720\/2007 de 21 de Desembre, (que desenvolupa la LOPD) per garantir i protegir la confidencialitat, integritat i disponibilitat de les dades introdu\u00efdes.<\/span><\/span><\/p>\n<p><span style=\"vertical-align: inherit;\"><span style=\"vertical-align: inherit;\">A l&#8217;efecte del previst a la LOPD, <\/span><\/span><b><u><span style=\"vertical-align: inherit;\"><span style=\"vertical-align: inherit;\">Serveis Agr\u00edcoles Mario Turri\u00f3n, SLU<\/span><\/span><\/u><\/b><span style=\"vertical-align: inherit;\"><span style=\"vertical-align: inherit;\"> us informa que les dades que volunt\u00e0riament ens est\u00e0 facilitant seran incorporades als nostres sistemes d&#8217;informaci\u00f3 per tal de realitzar les gestions comercials i administratives necess\u00e0ries amb els usuaris de la web; Les operacions previstes per realitzar els tractaments s\u00f3n els seg\u00fcents: respondre les consultes i\/o proporcionar informacions requerides per l&#8217;Usuari; fer les prestacions de serveis i\/o productes contractats o subscrits per l&#8217;Usuari; realitzar totes aquelles activitats pr\u00f2pies de <\/span><\/span><b><u><span style=\"vertical-align: inherit;\"><span style=\"vertical-align: inherit;\">Serveis Agr\u00edcoles Mario Turri\u00f3n, SLU<\/span><\/span><\/u><\/b><span style=\"vertical-align: inherit;\"><span style=\"vertical-align: inherit;\"> pel present av\u00eds legal ressenyades i remetre el butllet\u00ed de not\u00edcies de la p\u00e0gina web. <\/span><\/span><br \/>\n<span style=\"vertical-align: inherit;\"><span style=\"vertical-align: inherit;\">El signant garanteix la veracitat de les dades aportades i es compromet a comunicar qualsevol canvi que s&#8217;hi produeixi.<\/span><\/span><\/p>\n<p><span style=\"vertical-align: inherit;\"><span style=\"vertical-align: inherit;\">El Prestador, mitjan\u00e7ant asterisc (*) a les caselles corresponents del formulari de contacte, us informa d&#8217;aquesta obligatorietat a l&#8217;Usuari, indicant quines dades s\u00f3n necess\u00e0ries. Mitjan\u00e7ant la indicaci\u00f3 i introducci\u00f3 de les dades, l&#8217;Usuari atorga el consentiment inequ\u00edvoc a <\/span><\/span><b><u><span style=\"vertical-align: inherit;\"><span style=\"vertical-align: inherit;\">Serveis Agr\u00edcoles Mario Turri\u00f3n, SLU<\/span><\/span><\/u><\/b><span style=\"vertical-align: inherit;\"><span style=\"vertical-align: inherit;\"> per procedir al tractament de les dades facilitades en pro de les finalitats esmentades.<\/span><\/span><\/p>\n<p><span style=\"vertical-align: inherit;\"><span style=\"vertical-align: inherit;\">No facilitar les dades personals sol\u00b7licitades o no acceptar aquesta pol\u00edtica de protecci\u00f3 de dades suposa la impossibilitat de subscriure&#8217;s, registrar-se o rebre informaci\u00f3 dels productes i serveis del prestador. <\/span><\/span><br \/>\n<span style=\"vertical-align: inherit;\"><span style=\"vertical-align: inherit;\">De conformitat amb el que disposen les normatives vigents en protecci\u00f3 de dades personals, el prestador est\u00e0 complint amb totes les disposicions de les normatives RGPD i LOPD per al tractament de les dades personals de la seva responsabilitat, i manifestament amb els principis descrits a l&#8217;art. 5 del RGPD ia l&#8217;art. 4 de la LOPD, pels quals s\u00f3n tractats de forma l\u00edcita, lleial i transparent en relaci\u00f3 amb linteressat i adequades, pertinents i limitats al necessari en relaci\u00f3 amb els fins per als quals s\u00f3n tractats.<\/span><\/span><\/p>\n<p><span style=\"vertical-align: inherit;\"><span style=\"vertical-align: inherit;\">El Responsable garanteix que ha implementat pol\u00edtiques t\u00e8cniques i organitzatives apropiades per aplicar les mesures de seguretat establertes pel RGPD i la LOPD per protegir els drets i les llibertats dels Usuaris. <\/span><\/span><br \/>\n<span style=\"vertical-align: inherit;\"><span style=\"vertical-align: inherit;\">D&#8217;acord amb aquestes normatives, doncs, us informem que teniu dret a sol\u00b7licitar l&#8217;acc\u00e9s, rectificaci\u00f3, portabilitat i supressi\u00f3 de les vostres dades i la limitaci\u00f3 i oposici\u00f3 al vostre tractament, dirigint-vos a PL. del Jutge, s\/n, enviant un correu electr\u00f2nic a <\/span><\/span><b><u><span style=\"vertical-align: inherit;\"><span style=\"vertical-align: inherit;\">serviagromario@gmail.com<\/span><\/span><\/u><\/b><span style=\"vertical-align: inherit;\"><span style=\"vertical-align: inherit;\"> , indicant com a Assumpte: \u201cLOPD, Drets ARCO\u201d, i adjuntant fotoc\u00f2pia del seu DNI o qualsevol mitj\u00e0 an\u00e0leg en dret, tal com indica la llei. Teniu dret a retirar el consentiment prestat en qualsevol moment. La retirada del consentiment no afecta la licitud del tractament efectuat abans de la retirada del consentiment. Tamb\u00e9 t\u00e9 dret a presentar una reclamaci\u00f3 davant l&#8217;autoritat de control si considera que els seus drets s&#8217;han vist vulnerats en relaci\u00f3 amb la protecci\u00f3 de les seves dades (agpd.es).<\/span><\/span><\/p>\n<\/div><\/div><\/div><\/div><\/div>\n","protected":false},"excerpt":{"rendered":"","protected":false},"author":1,"featured_media":2674,"parent":0,"menu_order":0,"comment_status":"closed","ping_status":"closed","template":"100-width.php","meta":{"footnotes":""},"class_list":["post-2754","page","type-page","status-publish","has-post-thumbnail","hentry"],"yoast_head":"<!-- This site is optimized with the Yoast SEO plugin v23.5 - https:\/\/yoast.com\/wordpress\/plugins\/seo\/ -->\n<title>Pol\u00edtica de Privacitat - Turri\u00f3n Solutions<\/title>\n<meta name=\"robots\" content=\"index, follow, max-snippet:-1, max-image-preview:large, max-video-preview:-1\" \/>\n<link rel=\"canonical\" href=\"https:\/\/turrionsolutions.com\/ca\/politica-privacidad\/\" \/>\n<meta property=\"og:locale\" content=\"ca_ES\" \/>\n<meta property=\"og:type\" content=\"article\" \/>\n<meta property=\"og:title\" content=\"Pol\u00edtica de Privacitat - Turri\u00f3n Solutions\" \/>\n<meta property=\"og:url\" content=\"https:\/\/turrionsolutions.com\/ca\/politica-privacidad\/\" \/>\n<meta property=\"og:site_name\" content=\"Turri\u00f3n Solutions\" \/>\n<meta property=\"article:modified_time\" content=\"2024-10-09T15:11:31+00:00\" \/>\n<meta property=\"og:image\" content=\"https:\/\/turrionsolutions.com\/wp-content\/uploads\/2024\/02\/header-quienes-somos-turrion-solutions.jpg\" \/>\n\t<meta property=\"og:image:width\" content=\"1920\" \/>\n\t<meta property=\"og:image:height\" content=\"448\" \/>\n\t<meta property=\"og:image:type\" content=\"image\/jpeg\" \/>\n<meta name=\"twitter:card\" content=\"summary_large_image\" \/>\n<meta name=\"twitter:label1\" content=\"Temps estimat de lectura\" \/>\n\t<meta name=\"twitter:data1\" content=\"4 minuts\" \/>\n<script type=\"application\/ld+json\" class=\"yoast-schema-graph\">{\"@context\":\"https:\/\/schema.org\",\"@graph\":[{\"@type\":\"WebPage\",\"@id\":\"https:\/\/turrionsolutions.com\/ca\/politica-privacidad\/\",\"url\":\"https:\/\/turrionsolutions.com\/ca\/politica-privacidad\/\",\"name\":\"Pol\u00edtica de Privacitat - Turri\u00f3n Solutions\",\"isPartOf\":{\"@id\":\"https:\/\/turrionsolutions.com\/ca\/#website\"},\"primaryImageOfPage\":{\"@id\":\"https:\/\/turrionsolutions.com\/ca\/politica-privacidad\/#primaryimage\"},\"image\":{\"@id\":\"https:\/\/turrionsolutions.com\/ca\/politica-privacidad\/#primaryimage\"},\"thumbnailUrl\":\"https:\/\/turrionsolutions.com\/wp-content\/uploads\/2024\/02\/header-quienes-somos-turrion-solutions.jpg\",\"datePublished\":\"2024-02-12T11:43:27+00:00\",\"dateModified\":\"2024-10-09T15:11:31+00:00\",\"breadcrumb\":{\"@id\":\"https:\/\/turrionsolutions.com\/ca\/politica-privacidad\/#breadcrumb\"},\"inLanguage\":\"ca\",\"potentialAction\":[{\"@type\":\"ReadAction\",\"target\":[\"https:\/\/turrionsolutions.com\/ca\/politica-privacidad\/\"]}]},{\"@type\":\"ImageObject\",\"inLanguage\":\"ca\",\"@id\":\"https:\/\/turrionsolutions.com\/ca\/politica-privacidad\/#primaryimage\",\"url\":\"https:\/\/turrionsolutions.com\/wp-content\/uploads\/2024\/02\/header-quienes-somos-turrion-solutions.jpg\",\"contentUrl\":\"https:\/\/turrionsolutions.com\/wp-content\/uploads\/2024\/02\/header-quienes-somos-turrion-solutions.jpg\",\"width\":1920,\"height\":448},{\"@type\":\"BreadcrumbList\",\"@id\":\"https:\/\/turrionsolutions.com\/ca\/politica-privacidad\/#breadcrumb\",\"itemListElement\":[{\"@type\":\"ListItem\",\"position\":1,\"name\":\"Portada\",\"item\":\"https:\/\/turrionsolutions.com\/ca\/\"},{\"@type\":\"ListItem\",\"position\":2,\"name\":\"Pol\u00edtica de Privacitat\"}]},{\"@type\":\"WebSite\",\"@id\":\"https:\/\/turrionsolutions.com\/ca\/#website\",\"url\":\"https:\/\/turrionsolutions.com\/ca\/\",\"name\":\"Turri\u00f3n Solutions\",\"description\":\"\",\"potentialAction\":[{\"@type\":\"SearchAction\",\"target\":{\"@type\":\"EntryPoint\",\"urlTemplate\":\"https:\/\/turrionsolutions.com\/ca\/?s={search_term_string}\"},\"query-input\":{\"@type\":\"PropertyValueSpecification\",\"valueRequired\":true,\"valueName\":\"search_term_string\"}}],\"inLanguage\":\"ca\"}]}<\/script>\n<!-- \/ Yoast SEO plugin. -->","yoast_head_json":{"title":"Pol\u00edtica de Privacitat - Turri\u00f3n Solutions","robots":{"index":"index","follow":"follow","max-snippet":"max-snippet:-1","max-image-preview":"max-image-preview:large","max-video-preview":"max-video-preview:-1"},"canonical":"https:\/\/turrionsolutions.com\/ca\/politica-privacidad\/","og_locale":"ca_ES","og_type":"article","og_title":"Pol\u00edtica de Privacitat - Turri\u00f3n Solutions","og_url":"https:\/\/turrionsolutions.com\/ca\/politica-privacidad\/","og_site_name":"Turri\u00f3n Solutions","article_modified_time":"2024-10-09T15:11:31+00:00","og_image":[{"width":1920,"height":448,"url":"https:\/\/turrionsolutions.com\/wp-content\/uploads\/2024\/02\/header-quienes-somos-turrion-solutions.jpg","type":"image\/jpeg"}],"twitter_card":"summary_large_image","twitter_misc":{"Temps estimat de lectura":"4 minuts"},"schema":{"@context":"https:\/\/schema.org","@graph":[{"@type":"WebPage","@id":"https:\/\/turrionsolutions.com\/ca\/politica-privacidad\/","url":"https:\/\/turrionsolutions.com\/ca\/politica-privacidad\/","name":"Pol\u00edtica de Privacitat - Turri\u00f3n Solutions","isPartOf":{"@id":"https:\/\/turrionsolutions.com\/ca\/#website"},"primaryImageOfPage":{"@id":"https:\/\/turrionsolutions.com\/ca\/politica-privacidad\/#primaryimage"},"image":{"@id":"https:\/\/turrionsolutions.com\/ca\/politica-privacidad\/#primaryimage"},"thumbnailUrl":"https:\/\/turrionsolutions.com\/wp-content\/uploads\/2024\/02\/header-quienes-somos-turrion-solutions.jpg","datePublished":"2024-02-12T11:43:27+00:00","dateModified":"2024-10-09T15:11:31+00:00","breadcrumb":{"@id":"https:\/\/turrionsolutions.com\/ca\/politica-privacidad\/#breadcrumb"},"inLanguage":"ca","potentialAction":[{"@type":"ReadAction","target":["https:\/\/turrionsolutions.com\/ca\/politica-privacidad\/"]}]},{"@type":"ImageObject","inLanguage":"ca","@id":"https:\/\/turrionsolutions.com\/ca\/politica-privacidad\/#primaryimage","url":"https:\/\/turrionsolutions.com\/wp-content\/uploads\/2024\/02\/header-quienes-somos-turrion-solutions.jpg","contentUrl":"https:\/\/turrionsolutions.com\/wp-content\/uploads\/2024\/02\/header-quienes-somos-turrion-solutions.jpg","width":1920,"height":448},{"@type":"BreadcrumbList","@id":"https:\/\/turrionsolutions.com\/ca\/politica-privacidad\/#breadcrumb","itemListElement":[{"@type":"ListItem","position":1,"name":"Portada","item":"https:\/\/turrionsolutions.com\/ca\/"},{"@type":"ListItem","position":2,"name":"Pol\u00edtica de Privacitat"}]},{"@type":"WebSite","@id":"https:\/\/turrionsolutions.com\/ca\/#website","url":"https:\/\/turrionsolutions.com\/ca\/","name":"Turri\u00f3n Solutions","description":"","potentialAction":[{"@type":"SearchAction","target":{"@type":"EntryPoint","urlTemplate":"https:\/\/turrionsolutions.com\/ca\/?s={search_term_string}"},"query-input":{"@type":"PropertyValueSpecification","valueRequired":true,"valueName":"search_term_string"}}],"inLanguage":"ca"}]}},"_links":{"self":[{"href":"https:\/\/turrionsolutions.com\/ca\/wp-json\/wp\/v2\/pages\/2754","targetHints":{"allow":["GET"]}}],"collection":[{"href":"https:\/\/turrionsolutions.com\/ca\/wp-json\/wp\/v2\/pages"}],"about":[{"href":"https:\/\/turrionsolutions.com\/ca\/wp-json\/wp\/v2\/types\/page"}],"author":[{"embeddable":true,"href":"https:\/\/turrionsolutions.com\/ca\/wp-json\/wp\/v2\/users\/1"}],"replies":[{"embeddable":true,"href":"https:\/\/turrionsolutions.com\/ca\/wp-json\/wp\/v2\/comments?post=2754"}],"version-history":[{"count":3,"href":"https:\/\/turrionsolutions.com\/ca\/wp-json\/wp\/v2\/pages\/2754\/revisions"}],"predecessor-version":[{"id":2853,"href":"https:\/\/turrionsolutions.com\/ca\/wp-json\/wp\/v2\/pages\/2754\/revisions\/2853"}],"wp:featuredmedia":[{"embeddable":true,"href":"https:\/\/turrionsolutions.com\/ca\/wp-json\/wp\/v2\/media\/2674"}],"wp:attachment":[{"href":"https:\/\/turrionsolutions.com\/ca\/wp-json\/wp\/v2\/media?parent=2754"}],"curies":[{"name":"wp","href":"https:\/\/api.w.org\/{rel}","templated":true}]}}