{"id":2779,"date":"2024-07-16T12:06:16","date_gmt":"2024-07-16T10:06:16","guid":{"rendered":"https:\/\/turrionsolutions.com\/producto\/pack-ts-pro-foam-radiator\/"},"modified":"2024-10-09T10:31:17","modified_gmt":"2024-10-09T08:31:17","slug":"pack-ts-pro-foam-radiator","status":"publish","type":"product","link":"https:\/\/turrionsolutions.com\/ca\/producto\/pack-ts-pro-foam-radiator\/","title":{"rendered":"PACK TS PRO FOAM + RADIATOR"},"content":{"rendered":"<p>Els nostres dos productes m\u00e9s revolucionaris ara junts, no deixeu passar l&#8217;oportunitat d&#8217;adquirir Radiator Cleaner i TS PRO FOAM per un millor preu.<\/p>\n<p>Radiator Cleaner, el netejador de radiadors i sistemes de refrigeraci\u00f3 que est\u00e0 canviant el m\u00f3n de la neteja de la maquin\u00e0ria agr\u00edcola, industrial i de transport.<\/p>\n<p>TS PRO FOAM, el nostre sab\u00f3 de carrosseries en escuma, aconsegueix una neteja sense esfor\u00e7, amb acabats impressionants i sempre respectant la brillantor de la teva carrosseria.<\/p>\n","protected":false},"excerpt":{"rendered":"<p>El pack cont\u00e9:<\/p>\n<p>1 TS PRO FOAM (sab\u00f3 de carrosseries)<\/p>\n<p>1 RADIATOR CLEANER (netejador de radiadors i de sistemes de refrigeraci\u00f3 de manera exterior)<\/p>\n","protected":false},"featured_media":2722,"comment_status":"open","ping_status":"closed","template":"","meta":[],"product_cat":[37],"product_tag":[],"class_list":{"0":"post-2779","1":"product","2":"type-product","3":"status-publish","4":"has-post-thumbnail","6":"product_cat-sense-categoria-ca","8":"first","9":"instock","10":"sale","11":"purchasable","12":"product-type-simple"},"yoast_head":"<!-- This site is optimized with the Yoast SEO plugin v23.5 - https:\/\/yoast.com\/wordpress\/plugins\/seo\/ -->\n<title>PACK TS PRO FOAM + RADIATOR - Turri\u00f3n Solutions<\/title>\n<meta name=\"robots\" content=\"index, follow, max-snippet:-1, max-image-preview:large, max-video-preview:-1\" \/>\n<link rel=\"canonical\" href=\"https:\/\/turrionsolutions.com\/ca\/producto\/pack-ts-pro-foam-radiator\/\" \/>\n<meta property=\"og:locale\" content=\"ca_ES\" \/>\n<meta property=\"og:type\" content=\"article\" \/>\n<meta property=\"og:title\" content=\"PACK TS PRO FOAM + RADIATOR - Turri\u00f3n Solutions\" \/>\n<meta property=\"og:description\" content=\"El pack cont\u00e9: 1 TS PRO FOAM (sab\u00f3 de carrosseries) 1 RADIATOR CLEANER (netejador de radiadors i de sistemes de refrigeraci\u00f3 de manera exterior)\" \/>\n<meta property=\"og:url\" content=\"https:\/\/turrionsolutions.com\/ca\/producto\/pack-ts-pro-foam-radiator\/\" \/>\n<meta property=\"og:site_name\" content=\"Turri\u00f3n Solutions\" \/>\n<meta property=\"article:modified_time\" content=\"2024-10-09T08:31:17+00:00\" \/>\n<meta property=\"og:image\" content=\"https:\/\/turrionsolutions.com\/wp-content\/uploads\/2024\/07\/WhatsApp-Image-2024-07-16-at-10.02.49-1.jpeg\" \/>\n\t<meta property=\"og:image:width\" content=\"1152\" \/>\n\t<meta property=\"og:image:height\" content=\"2048\" \/>\n\t<meta property=\"og:image:type\" content=\"image\/jpeg\" \/>\n<meta name=\"twitter:card\" content=\"summary_large_image\" \/>\n<script type=\"application\/ld+json\" class=\"yoast-schema-graph\">{\"@context\":\"https:\/\/schema.org\",\"@graph\":[{\"@type\":\"WebPage\",\"@id\":\"https:\/\/turrionsolutions.com\/ca\/producto\/pack-ts-pro-foam-radiator\/\",\"url\":\"https:\/\/turrionsolutions.com\/ca\/producto\/pack-ts-pro-foam-radiator\/\",\"name\":\"PACK TS PRO FOAM + RADIATOR - Turri\u00f3n Solutions\",\"isPartOf\":{\"@id\":\"https:\/\/turrionsolutions.com\/ca\/#website\"},\"primaryImageOfPage\":{\"@id\":\"https:\/\/turrionsolutions.com\/ca\/producto\/pack-ts-pro-foam-radiator\/#primaryimage\"},\"image\":{\"@id\":\"https:\/\/turrionsolutions.com\/ca\/producto\/pack-ts-pro-foam-radiator\/#primaryimage\"},\"thumbnailUrl\":\"https:\/\/turrionsolutions.com\/wp-content\/uploads\/2024\/07\/WhatsApp-Image-2024-07-16-at-10.02.49-1.jpeg\",\"datePublished\":\"2024-07-16T10:06:16+00:00\",\"dateModified\":\"2024-10-09T08:31:17+00:00\",\"breadcrumb\":{\"@id\":\"https:\/\/turrionsolutions.com\/ca\/producto\/pack-ts-pro-foam-radiator\/#breadcrumb\"},\"inLanguage\":\"ca\",\"potentialAction\":[{\"@type\":\"ReadAction\",\"target\":[\"https:\/\/turrionsolutions.com\/ca\/producto\/pack-ts-pro-foam-radiator\/\"]}]},{\"@type\":\"ImageObject\",\"inLanguage\":\"ca\",\"@id\":\"https:\/\/turrionsolutions.com\/ca\/producto\/pack-ts-pro-foam-radiator\/#primaryimage\",\"url\":\"https:\/\/turrionsolutions.com\/wp-content\/uploads\/2024\/07\/WhatsApp-Image-2024-07-16-at-10.02.49-1.jpeg\",\"contentUrl\":\"https:\/\/turrionsolutions.com\/wp-content\/uploads\/2024\/07\/WhatsApp-Image-2024-07-16-at-10.02.49-1.jpeg\",\"width\":1152,\"height\":2048},{\"@type\":\"BreadcrumbList\",\"@id\":\"https:\/\/turrionsolutions.com\/ca\/producto\/pack-ts-pro-foam-radiator\/#breadcrumb\",\"itemListElement\":[{\"@type\":\"ListItem\",\"position\":1,\"name\":\"Portada\",\"item\":\"https:\/\/turrionsolutions.com\/ca\/\"},{\"@type\":\"ListItem\",\"position\":2,\"name\":\"Shop\",\"item\":\"https:\/\/turrionsolutions.com\/ca\/shop\/\"},{\"@type\":\"ListItem\",\"position\":3,\"name\":\"PACK TS PRO FOAM + RADIATOR\"}]},{\"@type\":\"WebSite\",\"@id\":\"https:\/\/turrionsolutions.com\/ca\/#website\",\"url\":\"https:\/\/turrionsolutions.com\/ca\/\",\"name\":\"Turri\u00f3n Solutions\",\"description\":\"\",\"potentialAction\":[{\"@type\":\"SearchAction\",\"target\":{\"@type\":\"EntryPoint\",\"urlTemplate\":\"https:\/\/turrionsolutions.com\/ca\/?s={search_term_string}\"},\"query-input\":{\"@type\":\"PropertyValueSpecification\",\"valueRequired\":true,\"valueName\":\"search_term_string\"}}],\"inLanguage\":\"ca\"}]}<\/script>\n<!-- \/ Yoast SEO plugin. -->","yoast_head_json":{"title":"PACK TS PRO FOAM + RADIATOR - Turri\u00f3n Solutions","robots":{"index":"index","follow":"follow","max-snippet":"max-snippet:-1","max-image-preview":"max-image-preview:large","max-video-preview":"max-video-preview:-1"},"canonical":"https:\/\/turrionsolutions.com\/ca\/producto\/pack-ts-pro-foam-radiator\/","og_locale":"ca_ES","og_type":"article","og_title":"PACK TS PRO FOAM + RADIATOR - Turri\u00f3n Solutions","og_description":"El pack cont\u00e9: 1 TS PRO FOAM (sab\u00f3 de carrosseries) 1 RADIATOR CLEANER (netejador de radiadors i de sistemes de refrigeraci\u00f3 de manera exterior)","og_url":"https:\/\/turrionsolutions.com\/ca\/producto\/pack-ts-pro-foam-radiator\/","og_site_name":"Turri\u00f3n Solutions","article_modified_time":"2024-10-09T08:31:17+00:00","og_image":[{"width":1152,"height":2048,"url":"https:\/\/turrionsolutions.com\/wp-content\/uploads\/2024\/07\/WhatsApp-Image-2024-07-16-at-10.02.49-1.jpeg","type":"image\/jpeg"}],"twitter_card":"summary_large_image","schema":{"@context":"https:\/\/schema.org","@graph":[{"@type":"WebPage","@id":"https:\/\/turrionsolutions.com\/ca\/producto\/pack-ts-pro-foam-radiator\/","url":"https:\/\/turrionsolutions.com\/ca\/producto\/pack-ts-pro-foam-radiator\/","name":"PACK TS PRO FOAM + RADIATOR - Turri\u00f3n Solutions","isPartOf":{"@id":"https:\/\/turrionsolutions.com\/ca\/#website"},"primaryImageOfPage":{"@id":"https:\/\/turrionsolutions.com\/ca\/producto\/pack-ts-pro-foam-radiator\/#primaryimage"},"image":{"@id":"https:\/\/turrionsolutions.com\/ca\/producto\/pack-ts-pro-foam-radiator\/#primaryimage"},"thumbnailUrl":"https:\/\/turrionsolutions.com\/wp-content\/uploads\/2024\/07\/WhatsApp-Image-2024-07-16-at-10.02.49-1.jpeg","datePublished":"2024-07-16T10:06:16+00:00","dateModified":"2024-10-09T08:31:17+00:00","breadcrumb":{"@id":"https:\/\/turrionsolutions.com\/ca\/producto\/pack-ts-pro-foam-radiator\/#breadcrumb"},"inLanguage":"ca","potentialAction":[{"@type":"ReadAction","target":["https:\/\/turrionsolutions.com\/ca\/producto\/pack-ts-pro-foam-radiator\/"]}]},{"@type":"ImageObject","inLanguage":"ca","@id":"https:\/\/turrionsolutions.com\/ca\/producto\/pack-ts-pro-foam-radiator\/#primaryimage","url":"https:\/\/turrionsolutions.com\/wp-content\/uploads\/2024\/07\/WhatsApp-Image-2024-07-16-at-10.02.49-1.jpeg","contentUrl":"https:\/\/turrionsolutions.com\/wp-content\/uploads\/2024\/07\/WhatsApp-Image-2024-07-16-at-10.02.49-1.jpeg","width":1152,"height":2048},{"@type":"BreadcrumbList","@id":"https:\/\/turrionsolutions.com\/ca\/producto\/pack-ts-pro-foam-radiator\/#breadcrumb","itemListElement":[{"@type":"ListItem","position":1,"name":"Portada","item":"https:\/\/turrionsolutions.com\/ca\/"},{"@type":"ListItem","position":2,"name":"Shop","item":"https:\/\/turrionsolutions.com\/ca\/shop\/"},{"@type":"ListItem","position":3,"name":"PACK TS PRO FOAM + RADIATOR"}]},{"@type":"WebSite","@id":"https:\/\/turrionsolutions.com\/ca\/#website","url":"https:\/\/turrionsolutions.com\/ca\/","name":"Turri\u00f3n Solutions","description":"","potentialAction":[{"@type":"SearchAction","target":{"@type":"EntryPoint","urlTemplate":"https:\/\/turrionsolutions.com\/ca\/?s={search_term_string}"},"query-input":{"@type":"PropertyValueSpecification","valueRequired":true,"valueName":"search_term_string"}}],"inLanguage":"ca"}]}},"_links":{"self":[{"href":"https:\/\/turrionsolutions.com\/ca\/wp-json\/wp\/v2\/product\/2779","targetHints":{"allow":["GET"]}}],"collection":[{"href":"https:\/\/turrionsolutions.com\/ca\/wp-json\/wp\/v2\/product"}],"about":[{"href":"https:\/\/turrionsolutions.com\/ca\/wp-json\/wp\/v2\/types\/product"}],"replies":[{"embeddable":true,"href":"https:\/\/turrionsolutions.com\/ca\/wp-json\/wp\/v2\/comments?post=2779"}],"wp:featuredmedia":[{"embeddable":true,"href":"https:\/\/turrionsolutions.com\/ca\/wp-json\/wp\/v2\/media\/2722"}],"wp:attachment":[{"href":"https:\/\/turrionsolutions.com\/ca\/wp-json\/wp\/v2\/media?parent=2779"}],"wp:term":[{"taxonomy":"product_cat","embeddable":true,"href":"https:\/\/turrionsolutions.com\/ca\/wp-json\/wp\/v2\/product_cat?post=2779"},{"taxonomy":"product_tag","embeddable":true,"href":"https:\/\/turrionsolutions.com\/ca\/wp-json\/wp\/v2\/product_tag?post=2779"}],"curies":[{"name":"wp","href":"https:\/\/api.w.org\/{rel}","templated":true}]}}