{"id":2781,"date":"2024-04-27T22:14:01","date_gmt":"2024-04-27T20:14:01","guid":{"rendered":"https:\/\/turrionsolutions.com\/producto\/pack-neteja\/"},"modified":"2024-04-27T22:14:01","modified_gmt":"2024-04-27T20:14:01","slug":"pack-neteja","status":"publish","type":"product","link":"https:\/\/turrionsolutions.com\/ca\/producto\/pack-neteja\/","title":{"rendered":"Pack Neteja"},"content":{"rendered":"<p>Gaudeix d&#8217;aquest pack preparat per facilitar la neteja a un preu envejable. Amb el nostre pack neteja obt\u00e9 resultats \u00f2ptims sense necessitat d&#8217;invertir molt de temps i diners. El pack consta de: 1 EcoJab\u00f3n Turri\u00f3n, amb el qual podr\u00e0s netejar i eliminar de forma r\u00e0pida i efica\u00e7 tot tipus de greixos, olis cremats, etc. respectant la pell i deixant una agradable i persistent sensaci\u00f3 de suavitat. 1 Neteja Vidres, per poder netejar els vidres de manera r\u00e0pida i sense marques encara que toqui el sol directe. 1 Polvoritzador Professional, amb el qual podr\u00e0s aplicar la teva Neteja Vidres o el l\u00edquid que prefereixis de manera uniforme i amb el cabal que decideixis, gr\u00e0cies al tap regulador.<\/p>\n","protected":false},"excerpt":{"rendered":"<p>El Pack consta de:<\/p>\n<p>1 EcoSab\u00f3 Torri\u00f3 5kg amb dosificador incl\u00f2s<\/p>\n<p>1 Neteja Vidres 5L<\/p>\n<p>1 Polvoritzador Professional 1L<\/p>\n","protected":false},"featured_media":2719,"comment_status":"open","ping_status":"closed","template":"","meta":[],"product_cat":[37],"product_tag":[],"class_list":{"0":"post-2781","1":"product","2":"type-product","3":"status-publish","4":"has-post-thumbnail","6":"product_cat-sense-categoria-ca","8":"first","9":"instock","10":"sale","11":"purchasable","12":"product-type-simple"},"yoast_head":"<!-- This site is optimized with the Yoast SEO plugin v23.5 - https:\/\/yoast.com\/wordpress\/plugins\/seo\/ -->\n<title>Pack Neteja - Turri\u00f3n Solutions<\/title>\n<meta name=\"robots\" content=\"index, follow, max-snippet:-1, max-image-preview:large, max-video-preview:-1\" \/>\n<link rel=\"canonical\" href=\"https:\/\/turrionsolutions.com\/ca\/producto\/pack-neteja\/\" \/>\n<meta property=\"og:locale\" content=\"ca_ES\" \/>\n<meta property=\"og:type\" content=\"article\" \/>\n<meta property=\"og:title\" content=\"Pack Neteja - Turri\u00f3n Solutions\" \/>\n<meta property=\"og:description\" content=\"El Pack consta de: 1 EcoSab\u00f3 Torri\u00f3 5kg amb dosificador incl\u00f2s 1 Neteja Vidres 5L 1 Polvoritzador Professional 1L\" \/>\n<meta property=\"og:url\" content=\"https:\/\/turrionsolutions.com\/ca\/producto\/pack-neteja\/\" \/>\n<meta property=\"og:site_name\" content=\"Turri\u00f3n Solutions\" \/>\n<meta property=\"og:image\" content=\"https:\/\/turrionsolutions.com\/wp-content\/uploads\/2024\/04\/Sujeto-13.png\" \/>\n\t<meta property=\"og:image:width\" content=\"2240\" \/>\n\t<meta property=\"og:image:height\" content=\"2119\" \/>\n\t<meta property=\"og:image:type\" content=\"image\/png\" \/>\n<meta name=\"twitter:card\" content=\"summary_large_image\" \/>\n<meta name=\"twitter:label1\" content=\"Temps estimat de lectura\" \/>\n\t<meta name=\"twitter:data1\" content=\"1 minut\" \/>\n<script type=\"application\/ld+json\" class=\"yoast-schema-graph\">{\"@context\":\"https:\/\/schema.org\",\"@graph\":[{\"@type\":\"WebPage\",\"@id\":\"https:\/\/turrionsolutions.com\/ca\/producto\/pack-neteja\/\",\"url\":\"https:\/\/turrionsolutions.com\/ca\/producto\/pack-neteja\/\",\"name\":\"Pack Neteja - Turri\u00f3n Solutions\",\"isPartOf\":{\"@id\":\"https:\/\/turrionsolutions.com\/ca\/#website\"},\"primaryImageOfPage\":{\"@id\":\"https:\/\/turrionsolutions.com\/ca\/producto\/pack-neteja\/#primaryimage\"},\"image\":{\"@id\":\"https:\/\/turrionsolutions.com\/ca\/producto\/pack-neteja\/#primaryimage\"},\"thumbnailUrl\":\"https:\/\/turrionsolutions.com\/wp-content\/uploads\/2024\/04\/Sujeto-13.png\",\"datePublished\":\"2024-04-27T20:14:01+00:00\",\"dateModified\":\"2024-04-27T20:14:01+00:00\",\"breadcrumb\":{\"@id\":\"https:\/\/turrionsolutions.com\/ca\/producto\/pack-neteja\/#breadcrumb\"},\"inLanguage\":\"ca\",\"potentialAction\":[{\"@type\":\"ReadAction\",\"target\":[\"https:\/\/turrionsolutions.com\/ca\/producto\/pack-neteja\/\"]}]},{\"@type\":\"ImageObject\",\"inLanguage\":\"ca\",\"@id\":\"https:\/\/turrionsolutions.com\/ca\/producto\/pack-neteja\/#primaryimage\",\"url\":\"https:\/\/turrionsolutions.com\/wp-content\/uploads\/2024\/04\/Sujeto-13.png\",\"contentUrl\":\"https:\/\/turrionsolutions.com\/wp-content\/uploads\/2024\/04\/Sujeto-13.png\",\"width\":2240,\"height\":2119},{\"@type\":\"BreadcrumbList\",\"@id\":\"https:\/\/turrionsolutions.com\/ca\/producto\/pack-neteja\/#breadcrumb\",\"itemListElement\":[{\"@type\":\"ListItem\",\"position\":1,\"name\":\"Portada\",\"item\":\"https:\/\/turrionsolutions.com\/ca\/\"},{\"@type\":\"ListItem\",\"position\":2,\"name\":\"Shop\",\"item\":\"https:\/\/turrionsolutions.com\/ca\/shop\/\"},{\"@type\":\"ListItem\",\"position\":3,\"name\":\"Pack Neteja\"}]},{\"@type\":\"WebSite\",\"@id\":\"https:\/\/turrionsolutions.com\/ca\/#website\",\"url\":\"https:\/\/turrionsolutions.com\/ca\/\",\"name\":\"Turri\u00f3n Solutions\",\"description\":\"\",\"potentialAction\":[{\"@type\":\"SearchAction\",\"target\":{\"@type\":\"EntryPoint\",\"urlTemplate\":\"https:\/\/turrionsolutions.com\/ca\/?s={search_term_string}\"},\"query-input\":{\"@type\":\"PropertyValueSpecification\",\"valueRequired\":true,\"valueName\":\"search_term_string\"}}],\"inLanguage\":\"ca\"}]}<\/script>\n<!-- \/ Yoast SEO plugin. -->","yoast_head_json":{"title":"Pack Neteja - Turri\u00f3n Solutions","robots":{"index":"index","follow":"follow","max-snippet":"max-snippet:-1","max-image-preview":"max-image-preview:large","max-video-preview":"max-video-preview:-1"},"canonical":"https:\/\/turrionsolutions.com\/ca\/producto\/pack-neteja\/","og_locale":"ca_ES","og_type":"article","og_title":"Pack Neteja - Turri\u00f3n Solutions","og_description":"El Pack consta de: 1 EcoSab\u00f3 Torri\u00f3 5kg amb dosificador incl\u00f2s 1 Neteja Vidres 5L 1 Polvoritzador Professional 1L","og_url":"https:\/\/turrionsolutions.com\/ca\/producto\/pack-neteja\/","og_site_name":"Turri\u00f3n Solutions","og_image":[{"url":"https:\/\/turrionsolutions.com\/wp-content\/uploads\/2024\/04\/Sujeto-13.png","width":2240,"height":2119,"type":"image\/png"}],"twitter_card":"summary_large_image","twitter_misc":{"Temps estimat de lectura":"1 minut"},"schema":{"@context":"https:\/\/schema.org","@graph":[{"@type":"WebPage","@id":"https:\/\/turrionsolutions.com\/ca\/producto\/pack-neteja\/","url":"https:\/\/turrionsolutions.com\/ca\/producto\/pack-neteja\/","name":"Pack Neteja - Turri\u00f3n Solutions","isPartOf":{"@id":"https:\/\/turrionsolutions.com\/ca\/#website"},"primaryImageOfPage":{"@id":"https:\/\/turrionsolutions.com\/ca\/producto\/pack-neteja\/#primaryimage"},"image":{"@id":"https:\/\/turrionsolutions.com\/ca\/producto\/pack-neteja\/#primaryimage"},"thumbnailUrl":"https:\/\/turrionsolutions.com\/wp-content\/uploads\/2024\/04\/Sujeto-13.png","datePublished":"2024-04-27T20:14:01+00:00","dateModified":"2024-04-27T20:14:01+00:00","breadcrumb":{"@id":"https:\/\/turrionsolutions.com\/ca\/producto\/pack-neteja\/#breadcrumb"},"inLanguage":"ca","potentialAction":[{"@type":"ReadAction","target":["https:\/\/turrionsolutions.com\/ca\/producto\/pack-neteja\/"]}]},{"@type":"ImageObject","inLanguage":"ca","@id":"https:\/\/turrionsolutions.com\/ca\/producto\/pack-neteja\/#primaryimage","url":"https:\/\/turrionsolutions.com\/wp-content\/uploads\/2024\/04\/Sujeto-13.png","contentUrl":"https:\/\/turrionsolutions.com\/wp-content\/uploads\/2024\/04\/Sujeto-13.png","width":2240,"height":2119},{"@type":"BreadcrumbList","@id":"https:\/\/turrionsolutions.com\/ca\/producto\/pack-neteja\/#breadcrumb","itemListElement":[{"@type":"ListItem","position":1,"name":"Portada","item":"https:\/\/turrionsolutions.com\/ca\/"},{"@type":"ListItem","position":2,"name":"Shop","item":"https:\/\/turrionsolutions.com\/ca\/shop\/"},{"@type":"ListItem","position":3,"name":"Pack Neteja"}]},{"@type":"WebSite","@id":"https:\/\/turrionsolutions.com\/ca\/#website","url":"https:\/\/turrionsolutions.com\/ca\/","name":"Turri\u00f3n Solutions","description":"","potentialAction":[{"@type":"SearchAction","target":{"@type":"EntryPoint","urlTemplate":"https:\/\/turrionsolutions.com\/ca\/?s={search_term_string}"},"query-input":{"@type":"PropertyValueSpecification","valueRequired":true,"valueName":"search_term_string"}}],"inLanguage":"ca"}]}},"_links":{"self":[{"href":"https:\/\/turrionsolutions.com\/ca\/wp-json\/wp\/v2\/product\/2781","targetHints":{"allow":["GET"]}}],"collection":[{"href":"https:\/\/turrionsolutions.com\/ca\/wp-json\/wp\/v2\/product"}],"about":[{"href":"https:\/\/turrionsolutions.com\/ca\/wp-json\/wp\/v2\/types\/product"}],"replies":[{"embeddable":true,"href":"https:\/\/turrionsolutions.com\/ca\/wp-json\/wp\/v2\/comments?post=2781"}],"wp:featuredmedia":[{"embeddable":true,"href":"https:\/\/turrionsolutions.com\/ca\/wp-json\/wp\/v2\/media\/2719"}],"wp:attachment":[{"href":"https:\/\/turrionsolutions.com\/ca\/wp-json\/wp\/v2\/media?parent=2781"}],"wp:term":[{"taxonomy":"product_cat","embeddable":true,"href":"https:\/\/turrionsolutions.com\/ca\/wp-json\/wp\/v2\/product_cat?post=2781"},{"taxonomy":"product_tag","embeddable":true,"href":"https:\/\/turrionsolutions.com\/ca\/wp-json\/wp\/v2\/product_tag?post=2781"}],"curies":[{"name":"wp","href":"https:\/\/api.w.org\/{rel}","templated":true}]}}