{"id":2790,"date":"2024-03-11T22:11:45","date_gmt":"2024-03-11T21:11:45","guid":{"rendered":"https:\/\/turrionsolutions.com\/producto\/air-filter-blaster\/"},"modified":"2024-03-11T22:11:45","modified_gmt":"2024-03-11T21:11:45","slug":"air-filter-blaster","status":"publish","type":"product","link":"https:\/\/turrionsolutions.com\/ca\/producto\/air-filter-blaster\/","title":{"rendered":"Air Filter Blaster"},"content":{"rendered":"<p>Air Filter Blaster \u00e9s un m\u00e8tode patentat nou per a la neteja de filtres d&#8217;aire que redueix dr\u00e0sticament el reempla\u00e7ament de filtres d&#8217;aire i l&#8217;\u00fas de combustible en equips motoritzats. La tecnologia ha estat provada en extenses proves de camp. En reduir l&#8217;\u00fas de combustible i els reempla\u00e7aments de filtres, Air Filter Blaster genera importants estalvis i alhora tenint en compte que la pols no nom\u00e9s \u00e9s perjudicial per a les persones, sin\u00f3 tamb\u00e9 per al medi ambient, els filtres d&#8217;aire nets garanteixen un entorn de vida m\u00e9s saludable. L&#8217;Air Filter Blaster \u00e9s simple i r\u00e0pid d&#8217;utilitzar. El malet\u00ed complet d&#8217;Air Filter Blaster consta d&#8217;una coberta c\u00f2nica, un tub, quatre discos guia i quatre rotors de les diferents mides disponibles (75, 115, 150 i 230 mm). La tapa c\u00f2nica s&#8217;adapta a gaireb\u00e9 totes les mides de filtres rodons. A la canonada es connecta una m\u00e0nega d&#8217;aire comprimit mitjan\u00e7ant un acoblament r\u00e0pid. Es col\u00b7loca un disc guia i un rotor de la mateixa mida a la part inferior del tub. El rotor vibratori de gir r\u00e0pid t\u00e9 quatre obertures de sortida que bufen a diferents direccions. Aix\u00f2 allibera pols i part\u00edcules de brut\u00edcia. El rotor bufa la pols de dins cap a fora. Moure el tub cap amunt i cap avall neteja tota la superf\u00edcie del filtre. <\/p>\n","protected":false},"excerpt":{"rendered":"<p>El pack cont\u00e9:<\/p>\n<ul>\n<li>1 malet\u00ed de transport.<\/li>\n<li>1 coberta c\u00f2nica.<\/li>\n<li>1 tub.<\/li>\n<li>4 discos guia (75, 115, 150 i 230mm)<\/li>\n<li>4 rotors (75, 115, 150 y 230mm)<\/li>\n<\/ul>\n","protected":false},"featured_media":2709,"comment_status":"open","ping_status":"closed","template":"","meta":[],"product_cat":[36],"product_tag":[],"class_list":{"0":"post-2790","1":"product","2":"type-product","3":"status-publish","4":"has-post-thumbnail","6":"product_cat-air-filter-blaster-ca","7":"product_shipping_class-especials","9":"first","10":"outofstock","11":"taxable","12":"shipping-taxable","13":"purchasable","14":"product-type-simple"},"yoast_head":"<!-- This site is optimized with the Yoast SEO plugin v23.5 - https:\/\/yoast.com\/wordpress\/plugins\/seo\/ -->\n<title>Air Filter Blaster - Turri\u00f3n Solutions<\/title>\n<meta name=\"robots\" content=\"index, follow, max-snippet:-1, max-image-preview:large, max-video-preview:-1\" \/>\n<link rel=\"canonical\" href=\"https:\/\/turrionsolutions.com\/ca\/producto\/air-filter-blaster\/\" \/>\n<meta property=\"og:locale\" content=\"ca_ES\" \/>\n<meta property=\"og:type\" content=\"article\" \/>\n<meta property=\"og:title\" content=\"Air Filter Blaster - Turri\u00f3n Solutions\" \/>\n<meta property=\"og:description\" content=\"El pack cont\u00e9:  1 malet\u00ed de transport.  1 coberta c\u00f2nica.  1 tub.  4 discos guia (75, 115, 150 i 230mm)  4 rotors (75, 115, 150 y 230mm)\" \/>\n<meta property=\"og:url\" content=\"https:\/\/turrionsolutions.com\/ca\/producto\/air-filter-blaster\/\" \/>\n<meta property=\"og:site_name\" content=\"Turri\u00f3n Solutions\" \/>\n<meta name=\"twitter:card\" content=\"summary_large_image\" \/>\n<meta name=\"twitter:label1\" content=\"Temps estimat de lectura\" \/>\n\t<meta name=\"twitter:data1\" content=\"1 minut\" \/>\n<script type=\"application\/ld+json\" class=\"yoast-schema-graph\">{\"@context\":\"https:\/\/schema.org\",\"@graph\":[{\"@type\":\"WebPage\",\"@id\":\"https:\/\/turrionsolutions.com\/ca\/producto\/air-filter-blaster\/\",\"url\":\"https:\/\/turrionsolutions.com\/ca\/producto\/air-filter-blaster\/\",\"name\":\"Air Filter Blaster - Turri\u00f3n Solutions\",\"isPartOf\":{\"@id\":\"https:\/\/turrionsolutions.com\/ca\/#website\"},\"primaryImageOfPage\":{\"@id\":\"https:\/\/turrionsolutions.com\/ca\/producto\/air-filter-blaster\/#primaryimage\"},\"image\":{\"@id\":\"https:\/\/turrionsolutions.com\/ca\/producto\/air-filter-blaster\/#primaryimage\"},\"thumbnailUrl\":\"https:\/\/turrionsolutions.com\/wp-content\/uploads\/2024\/03\/fe8721ac-e480-4d41-80ed-f8e2ce71dbdd.jpg\",\"datePublished\":\"2024-03-11T21:11:45+00:00\",\"dateModified\":\"2024-03-11T21:11:45+00:00\",\"breadcrumb\":{\"@id\":\"https:\/\/turrionsolutions.com\/ca\/producto\/air-filter-blaster\/#breadcrumb\"},\"inLanguage\":\"ca\",\"potentialAction\":[{\"@type\":\"ReadAction\",\"target\":[\"https:\/\/turrionsolutions.com\/ca\/producto\/air-filter-blaster\/\"]}]},{\"@type\":\"ImageObject\",\"inLanguage\":\"ca\",\"@id\":\"https:\/\/turrionsolutions.com\/ca\/producto\/air-filter-blaster\/#primaryimage\",\"url\":\"https:\/\/turrionsolutions.com\/wp-content\/uploads\/2024\/03\/fe8721ac-e480-4d41-80ed-f8e2ce71dbdd.jpg\",\"contentUrl\":\"https:\/\/turrionsolutions.com\/wp-content\/uploads\/2024\/03\/fe8721ac-e480-4d41-80ed-f8e2ce71dbdd.jpg\",\"width\":1600,\"height\":1599},{\"@type\":\"BreadcrumbList\",\"@id\":\"https:\/\/turrionsolutions.com\/ca\/producto\/air-filter-blaster\/#breadcrumb\",\"itemListElement\":[{\"@type\":\"ListItem\",\"position\":1,\"name\":\"Portada\",\"item\":\"https:\/\/turrionsolutions.com\/ca\/\"},{\"@type\":\"ListItem\",\"position\":2,\"name\":\"Shop\",\"item\":\"https:\/\/turrionsolutions.com\/ca\/shop\/\"},{\"@type\":\"ListItem\",\"position\":3,\"name\":\"Air Filter Blaster\"}]},{\"@type\":\"WebSite\",\"@id\":\"https:\/\/turrionsolutions.com\/ca\/#website\",\"url\":\"https:\/\/turrionsolutions.com\/ca\/\",\"name\":\"Turri\u00f3n Solutions\",\"description\":\"\",\"potentialAction\":[{\"@type\":\"SearchAction\",\"target\":{\"@type\":\"EntryPoint\",\"urlTemplate\":\"https:\/\/turrionsolutions.com\/ca\/?s={search_term_string}\"},\"query-input\":{\"@type\":\"PropertyValueSpecification\",\"valueRequired\":true,\"valueName\":\"search_term_string\"}}],\"inLanguage\":\"ca\"}]}<\/script>\n<!-- \/ Yoast SEO plugin. -->","yoast_head_json":{"title":"Air Filter Blaster - Turri\u00f3n Solutions","robots":{"index":"index","follow":"follow","max-snippet":"max-snippet:-1","max-image-preview":"max-image-preview:large","max-video-preview":"max-video-preview:-1"},"canonical":"https:\/\/turrionsolutions.com\/ca\/producto\/air-filter-blaster\/","og_locale":"ca_ES","og_type":"article","og_title":"Air Filter Blaster - Turri\u00f3n Solutions","og_description":"El pack cont\u00e9:  1 malet\u00ed de transport.  1 coberta c\u00f2nica.  1 tub.  4 discos guia (75, 115, 150 i 230mm)  4 rotors (75, 115, 150 y 230mm)","og_url":"https:\/\/turrionsolutions.com\/ca\/producto\/air-filter-blaster\/","og_site_name":"Turri\u00f3n Solutions","twitter_card":"summary_large_image","twitter_misc":{"Temps estimat de lectura":"1 minut"},"schema":{"@context":"https:\/\/schema.org","@graph":[{"@type":"WebPage","@id":"https:\/\/turrionsolutions.com\/ca\/producto\/air-filter-blaster\/","url":"https:\/\/turrionsolutions.com\/ca\/producto\/air-filter-blaster\/","name":"Air Filter Blaster - Turri\u00f3n Solutions","isPartOf":{"@id":"https:\/\/turrionsolutions.com\/ca\/#website"},"primaryImageOfPage":{"@id":"https:\/\/turrionsolutions.com\/ca\/producto\/air-filter-blaster\/#primaryimage"},"image":{"@id":"https:\/\/turrionsolutions.com\/ca\/producto\/air-filter-blaster\/#primaryimage"},"thumbnailUrl":"https:\/\/turrionsolutions.com\/wp-content\/uploads\/2024\/03\/fe8721ac-e480-4d41-80ed-f8e2ce71dbdd.jpg","datePublished":"2024-03-11T21:11:45+00:00","dateModified":"2024-03-11T21:11:45+00:00","breadcrumb":{"@id":"https:\/\/turrionsolutions.com\/ca\/producto\/air-filter-blaster\/#breadcrumb"},"inLanguage":"ca","potentialAction":[{"@type":"ReadAction","target":["https:\/\/turrionsolutions.com\/ca\/producto\/air-filter-blaster\/"]}]},{"@type":"ImageObject","inLanguage":"ca","@id":"https:\/\/turrionsolutions.com\/ca\/producto\/air-filter-blaster\/#primaryimage","url":"https:\/\/turrionsolutions.com\/wp-content\/uploads\/2024\/03\/fe8721ac-e480-4d41-80ed-f8e2ce71dbdd.jpg","contentUrl":"https:\/\/turrionsolutions.com\/wp-content\/uploads\/2024\/03\/fe8721ac-e480-4d41-80ed-f8e2ce71dbdd.jpg","width":1600,"height":1599},{"@type":"BreadcrumbList","@id":"https:\/\/turrionsolutions.com\/ca\/producto\/air-filter-blaster\/#breadcrumb","itemListElement":[{"@type":"ListItem","position":1,"name":"Portada","item":"https:\/\/turrionsolutions.com\/ca\/"},{"@type":"ListItem","position":2,"name":"Shop","item":"https:\/\/turrionsolutions.com\/ca\/shop\/"},{"@type":"ListItem","position":3,"name":"Air Filter Blaster"}]},{"@type":"WebSite","@id":"https:\/\/turrionsolutions.com\/ca\/#website","url":"https:\/\/turrionsolutions.com\/ca\/","name":"Turri\u00f3n Solutions","description":"","potentialAction":[{"@type":"SearchAction","target":{"@type":"EntryPoint","urlTemplate":"https:\/\/turrionsolutions.com\/ca\/?s={search_term_string}"},"query-input":{"@type":"PropertyValueSpecification","valueRequired":true,"valueName":"search_term_string"}}],"inLanguage":"ca"}]}},"_links":{"self":[{"href":"https:\/\/turrionsolutions.com\/ca\/wp-json\/wp\/v2\/product\/2790","targetHints":{"allow":["GET"]}}],"collection":[{"href":"https:\/\/turrionsolutions.com\/ca\/wp-json\/wp\/v2\/product"}],"about":[{"href":"https:\/\/turrionsolutions.com\/ca\/wp-json\/wp\/v2\/types\/product"}],"replies":[{"embeddable":true,"href":"https:\/\/turrionsolutions.com\/ca\/wp-json\/wp\/v2\/comments?post=2790"}],"wp:featuredmedia":[{"embeddable":true,"href":"https:\/\/turrionsolutions.com\/ca\/wp-json\/wp\/v2\/media\/2709"}],"wp:attachment":[{"href":"https:\/\/turrionsolutions.com\/ca\/wp-json\/wp\/v2\/media?parent=2790"}],"wp:term":[{"taxonomy":"product_cat","embeddable":true,"href":"https:\/\/turrionsolutions.com\/ca\/wp-json\/wp\/v2\/product_cat?post=2790"},{"taxonomy":"product_tag","embeddable":true,"href":"https:\/\/turrionsolutions.com\/ca\/wp-json\/wp\/v2\/product_tag?post=2790"}],"curies":[{"name":"wp","href":"https:\/\/api.w.org\/{rel}","templated":true}]}}