{"id":2791,"date":"2024-02-29T17:51:25","date_gmt":"2024-02-29T16:51:25","guid":{"rendered":"https:\/\/turrionsolutions.com\/producto\/ik-foam-pro-2\/"},"modified":"2024-02-29T17:51:25","modified_gmt":"2024-02-29T16:51:25","slug":"ik-foam-pro-2","status":"publish","type":"product","link":"https:\/\/turrionsolutions.com\/ca\/producto\/ik-foam-pro-2\/","title":{"rendered":"IK FOAM Pro 2 +"},"content":{"rendered":"<p>El <strong>polvoritzador professional IK FOAM Pro 2+<\/strong> ha estat fabricat per a la generaci\u00f3 d&#8217;escuma seca i duradora. Dissenyat per ser emprat amb agents qu\u00edmics amb propietats surfactants (tensoactius). Resulta especialment avantatj\u00f3s el fet que el <strong>Foam Pro 2+ inclogui un connector d&#8217;aire comprimit<\/strong>; una v\u00e0lvula d&#8217;entrada que est\u00e0 situada a la part superior del polvoritzador i permet la inserci\u00f3 d&#8217;aire al dip\u00f2sit gr\u00e0cies a la <strong>v\u00e0lvula universal de Schrader que \u00e9s apta per a compressors a nivell mundial.<\/strong> <\/p>\n","protected":false},"excerpt":{"rendered":"<p><a href=\"https:\/\/turrionsolutions.com\/wp-content\/uploads\/2024\/02\/4f53a5ea0b2346eeb8830cc591863f93.mov\">DEMO VIDEO<\/a><\/p>\n<p>&nbsp;<\/p>\n<p><a href=\"https:\/\/turrionsolutions.com\/wp-content\/uploads\/2024\/02\/IMG_8138.mov\">DEMO 2 VIDEO<\/a><\/p>\n","protected":false},"featured_media":2705,"comment_status":"open","ping_status":"closed","template":"","meta":[],"product_cat":[37],"product_tag":[],"class_list":{"0":"post-2791","1":"product","2":"type-product","3":"status-publish","4":"has-post-thumbnail","6":"product_cat-sense-categoria-ca","8":"first","9":"instock","10":"purchasable","11":"product-type-simple"},"yoast_head":"<!-- This site is optimized with the Yoast SEO plugin v23.5 - https:\/\/yoast.com\/wordpress\/plugins\/seo\/ -->\n<title>IK FOAM Pro 2 + - Turri\u00f3n Solutions<\/title>\n<meta name=\"robots\" content=\"index, follow, max-snippet:-1, max-image-preview:large, max-video-preview:-1\" \/>\n<link rel=\"canonical\" href=\"https:\/\/turrionsolutions.com\/ca\/producto\/ik-foam-pro-2\/\" \/>\n<meta property=\"og:locale\" content=\"ca_ES\" \/>\n<meta property=\"og:type\" content=\"article\" \/>\n<meta property=\"og:title\" content=\"IK FOAM Pro 2 + - Turri\u00f3n Solutions\" \/>\n<meta property=\"og:description\" content=\"DEMO VIDEO &nbsp; DEMO 2 VIDEO\" \/>\n<meta property=\"og:url\" content=\"https:\/\/turrionsolutions.com\/ca\/producto\/ik-foam-pro-2\/\" \/>\n<meta property=\"og:site_name\" content=\"Turri\u00f3n Solutions\" \/>\n<meta name=\"twitter:card\" content=\"summary_large_image\" \/>\n<script type=\"application\/ld+json\" class=\"yoast-schema-graph\">{\"@context\":\"https:\/\/schema.org\",\"@graph\":[{\"@type\":\"WebPage\",\"@id\":\"https:\/\/turrionsolutions.com\/ca\/producto\/ik-foam-pro-2\/\",\"url\":\"https:\/\/turrionsolutions.com\/ca\/producto\/ik-foam-pro-2\/\",\"name\":\"IK FOAM Pro 2 + - Turri\u00f3n Solutions\",\"isPartOf\":{\"@id\":\"https:\/\/turrionsolutions.com\/ca\/#website\"},\"primaryImageOfPage\":{\"@id\":\"https:\/\/turrionsolutions.com\/ca\/producto\/ik-foam-pro-2\/#primaryimage\"},\"image\":{\"@id\":\"https:\/\/turrionsolutions.com\/ca\/producto\/ik-foam-pro-2\/#primaryimage\"},\"thumbnailUrl\":\"https:\/\/turrionsolutions.com\/wp-content\/uploads\/2024\/02\/Sujeto-12.png\",\"datePublished\":\"2024-02-29T16:51:25+00:00\",\"dateModified\":\"2024-02-29T16:51:25+00:00\",\"breadcrumb\":{\"@id\":\"https:\/\/turrionsolutions.com\/ca\/producto\/ik-foam-pro-2\/#breadcrumb\"},\"inLanguage\":\"ca\",\"potentialAction\":[{\"@type\":\"ReadAction\",\"target\":[\"https:\/\/turrionsolutions.com\/ca\/producto\/ik-foam-pro-2\/\"]}]},{\"@type\":\"ImageObject\",\"inLanguage\":\"ca\",\"@id\":\"https:\/\/turrionsolutions.com\/ca\/producto\/ik-foam-pro-2\/#primaryimage\",\"url\":\"https:\/\/turrionsolutions.com\/wp-content\/uploads\/2024\/02\/Sujeto-12.png\",\"contentUrl\":\"https:\/\/turrionsolutions.com\/wp-content\/uploads\/2024\/02\/Sujeto-12.png\",\"width\":1165,\"height\":1675},{\"@type\":\"BreadcrumbList\",\"@id\":\"https:\/\/turrionsolutions.com\/ca\/producto\/ik-foam-pro-2\/#breadcrumb\",\"itemListElement\":[{\"@type\":\"ListItem\",\"position\":1,\"name\":\"Portada\",\"item\":\"https:\/\/turrionsolutions.com\/ca\/\"},{\"@type\":\"ListItem\",\"position\":2,\"name\":\"Shop\",\"item\":\"https:\/\/turrionsolutions.com\/ca\/shop\/\"},{\"@type\":\"ListItem\",\"position\":3,\"name\":\"IK FOAM Pro 2 +\"}]},{\"@type\":\"WebSite\",\"@id\":\"https:\/\/turrionsolutions.com\/ca\/#website\",\"url\":\"https:\/\/turrionsolutions.com\/ca\/\",\"name\":\"Turri\u00f3n Solutions\",\"description\":\"\",\"potentialAction\":[{\"@type\":\"SearchAction\",\"target\":{\"@type\":\"EntryPoint\",\"urlTemplate\":\"https:\/\/turrionsolutions.com\/ca\/?s={search_term_string}\"},\"query-input\":{\"@type\":\"PropertyValueSpecification\",\"valueRequired\":true,\"valueName\":\"search_term_string\"}}],\"inLanguage\":\"ca\"}]}<\/script>\n<!-- \/ Yoast SEO plugin. -->","yoast_head_json":{"title":"IK FOAM Pro 2 + - Turri\u00f3n Solutions","robots":{"index":"index","follow":"follow","max-snippet":"max-snippet:-1","max-image-preview":"max-image-preview:large","max-video-preview":"max-video-preview:-1"},"canonical":"https:\/\/turrionsolutions.com\/ca\/producto\/ik-foam-pro-2\/","og_locale":"ca_ES","og_type":"article","og_title":"IK FOAM Pro 2 + - Turri\u00f3n Solutions","og_description":"DEMO VIDEO &nbsp; DEMO 2 VIDEO","og_url":"https:\/\/turrionsolutions.com\/ca\/producto\/ik-foam-pro-2\/","og_site_name":"Turri\u00f3n Solutions","twitter_card":"summary_large_image","schema":{"@context":"https:\/\/schema.org","@graph":[{"@type":"WebPage","@id":"https:\/\/turrionsolutions.com\/ca\/producto\/ik-foam-pro-2\/","url":"https:\/\/turrionsolutions.com\/ca\/producto\/ik-foam-pro-2\/","name":"IK FOAM Pro 2 + - Turri\u00f3n Solutions","isPartOf":{"@id":"https:\/\/turrionsolutions.com\/ca\/#website"},"primaryImageOfPage":{"@id":"https:\/\/turrionsolutions.com\/ca\/producto\/ik-foam-pro-2\/#primaryimage"},"image":{"@id":"https:\/\/turrionsolutions.com\/ca\/producto\/ik-foam-pro-2\/#primaryimage"},"thumbnailUrl":"https:\/\/turrionsolutions.com\/wp-content\/uploads\/2024\/02\/Sujeto-12.png","datePublished":"2024-02-29T16:51:25+00:00","dateModified":"2024-02-29T16:51:25+00:00","breadcrumb":{"@id":"https:\/\/turrionsolutions.com\/ca\/producto\/ik-foam-pro-2\/#breadcrumb"},"inLanguage":"ca","potentialAction":[{"@type":"ReadAction","target":["https:\/\/turrionsolutions.com\/ca\/producto\/ik-foam-pro-2\/"]}]},{"@type":"ImageObject","inLanguage":"ca","@id":"https:\/\/turrionsolutions.com\/ca\/producto\/ik-foam-pro-2\/#primaryimage","url":"https:\/\/turrionsolutions.com\/wp-content\/uploads\/2024\/02\/Sujeto-12.png","contentUrl":"https:\/\/turrionsolutions.com\/wp-content\/uploads\/2024\/02\/Sujeto-12.png","width":1165,"height":1675},{"@type":"BreadcrumbList","@id":"https:\/\/turrionsolutions.com\/ca\/producto\/ik-foam-pro-2\/#breadcrumb","itemListElement":[{"@type":"ListItem","position":1,"name":"Portada","item":"https:\/\/turrionsolutions.com\/ca\/"},{"@type":"ListItem","position":2,"name":"Shop","item":"https:\/\/turrionsolutions.com\/ca\/shop\/"},{"@type":"ListItem","position":3,"name":"IK FOAM Pro 2 +"}]},{"@type":"WebSite","@id":"https:\/\/turrionsolutions.com\/ca\/#website","url":"https:\/\/turrionsolutions.com\/ca\/","name":"Turri\u00f3n Solutions","description":"","potentialAction":[{"@type":"SearchAction","target":{"@type":"EntryPoint","urlTemplate":"https:\/\/turrionsolutions.com\/ca\/?s={search_term_string}"},"query-input":{"@type":"PropertyValueSpecification","valueRequired":true,"valueName":"search_term_string"}}],"inLanguage":"ca"}]}},"_links":{"self":[{"href":"https:\/\/turrionsolutions.com\/ca\/wp-json\/wp\/v2\/product\/2791","targetHints":{"allow":["GET"]}}],"collection":[{"href":"https:\/\/turrionsolutions.com\/ca\/wp-json\/wp\/v2\/product"}],"about":[{"href":"https:\/\/turrionsolutions.com\/ca\/wp-json\/wp\/v2\/types\/product"}],"replies":[{"embeddable":true,"href":"https:\/\/turrionsolutions.com\/ca\/wp-json\/wp\/v2\/comments?post=2791"}],"wp:featuredmedia":[{"embeddable":true,"href":"https:\/\/turrionsolutions.com\/ca\/wp-json\/wp\/v2\/media\/2705"}],"wp:attachment":[{"href":"https:\/\/turrionsolutions.com\/ca\/wp-json\/wp\/v2\/media?parent=2791"}],"wp:term":[{"taxonomy":"product_cat","embeddable":true,"href":"https:\/\/turrionsolutions.com\/ca\/wp-json\/wp\/v2\/product_cat?post=2791"},{"taxonomy":"product_tag","embeddable":true,"href":"https:\/\/turrionsolutions.com\/ca\/wp-json\/wp\/v2\/product_tag?post=2791"}],"curies":[{"name":"wp","href":"https:\/\/api.w.org\/{rel}","templated":true}]}}