{"id":2796,"date":"2024-02-19T21:44:03","date_gmt":"2024-02-19T20:44:03","guid":{"rendered":"https:\/\/turrionsolutions.com\/producto\/polvoritzador-ik-multi-6\/"},"modified":"2024-02-19T21:44:03","modified_gmt":"2024-02-19T20:44:03","slug":"polvoritzador-ik-multi-6","status":"publish","type":"product","link":"https:\/\/turrionsolutions.com\/ca\/producto\/polvoritzador-ik-multi-6\/","title":{"rendered":"Polvoritzador iK MULTI 6"},"content":{"rendered":"<p>El polvoritzador IK MULTI 6, amb capacitat m\u00e0xima de 4L, ofereix la soluci\u00f3 professional de polvoritzat per aconseguir resultats \u00f2ptims en una gran varietat de sectors com la neteja i desinfecci\u00f3, construcci\u00f3, control de plagues, virus i epid\u00e8mies, automoci\u00f3, ind\u00fastria i la climatitzaci\u00f3 (HVAC).<\/p>\n<p><strong> Polvoritzador perfecte per a l&#8217;aplicaci\u00f3 de RadiatorCleaner!<\/strong><\/p>\n","protected":false},"excerpt":{"rendered":"<p>El polvoritzador IK MULTI 6, amb capacitat m\u00e0xima de 4L, [&hellip;]<\/p>\n","protected":false},"featured_media":2700,"comment_status":"open","ping_status":"closed","template":"","meta":[],"product_cat":[37],"product_tag":[],"class_list":{"0":"post-2796","1":"product","2":"type-product","3":"status-publish","4":"has-post-thumbnail","6":"product_cat-sense-categoria-ca","8":"first","9":"instock","10":"purchasable","11":"product-type-simple"},"yoast_head":"<!-- This site is optimized with the Yoast SEO plugin v23.5 - https:\/\/yoast.com\/wordpress\/plugins\/seo\/ -->\n<title>Polvoritzador iK MULTI 6 - Turri\u00f3n Solutions<\/title>\n<meta name=\"robots\" content=\"index, follow, max-snippet:-1, max-image-preview:large, max-video-preview:-1\" \/>\n<link rel=\"canonical\" href=\"https:\/\/turrionsolutions.com\/ca\/producto\/polvoritzador-ik-multi-6\/\" \/>\n<meta property=\"og:locale\" content=\"ca_ES\" \/>\n<meta property=\"og:type\" content=\"article\" \/>\n<meta property=\"og:title\" content=\"Polvoritzador iK MULTI 6 - Turri\u00f3n Solutions\" \/>\n<meta property=\"og:description\" content=\"El polvoritzador IK MULTI 6, amb capacitat m\u00e0xima de 4L, [&hellip;]\" \/>\n<meta property=\"og:url\" content=\"https:\/\/turrionsolutions.com\/ca\/producto\/polvoritzador-ik-multi-6\/\" \/>\n<meta property=\"og:site_name\" content=\"Turri\u00f3n Solutions\" \/>\n<meta name=\"twitter:card\" content=\"summary_large_image\" \/>\n<script type=\"application\/ld+json\" class=\"yoast-schema-graph\">{\"@context\":\"https:\/\/schema.org\",\"@graph\":[{\"@type\":\"WebPage\",\"@id\":\"https:\/\/turrionsolutions.com\/ca\/producto\/polvoritzador-ik-multi-6\/\",\"url\":\"https:\/\/turrionsolutions.com\/ca\/producto\/polvoritzador-ik-multi-6\/\",\"name\":\"Polvoritzador iK MULTI 6 - Turri\u00f3n Solutions\",\"isPartOf\":{\"@id\":\"https:\/\/turrionsolutions.com\/ca\/#website\"},\"primaryImageOfPage\":{\"@id\":\"https:\/\/turrionsolutions.com\/ca\/producto\/polvoritzador-ik-multi-6\/#primaryimage\"},\"image\":{\"@id\":\"https:\/\/turrionsolutions.com\/ca\/producto\/polvoritzador-ik-multi-6\/#primaryimage\"},\"thumbnailUrl\":\"https:\/\/turrionsolutions.com\/wp-content\/uploads\/2024\/02\/producto-ik-800px.png\",\"datePublished\":\"2024-02-19T20:44:03+00:00\",\"dateModified\":\"2024-02-19T20:44:03+00:00\",\"breadcrumb\":{\"@id\":\"https:\/\/turrionsolutions.com\/ca\/producto\/polvoritzador-ik-multi-6\/#breadcrumb\"},\"inLanguage\":\"ca\",\"potentialAction\":[{\"@type\":\"ReadAction\",\"target\":[\"https:\/\/turrionsolutions.com\/ca\/producto\/polvoritzador-ik-multi-6\/\"]}]},{\"@type\":\"ImageObject\",\"inLanguage\":\"ca\",\"@id\":\"https:\/\/turrionsolutions.com\/ca\/producto\/polvoritzador-ik-multi-6\/#primaryimage\",\"url\":\"https:\/\/turrionsolutions.com\/wp-content\/uploads\/2024\/02\/producto-ik-800px.png\",\"contentUrl\":\"https:\/\/turrionsolutions.com\/wp-content\/uploads\/2024\/02\/producto-ik-800px.png\",\"width\":800,\"height\":1414},{\"@type\":\"BreadcrumbList\",\"@id\":\"https:\/\/turrionsolutions.com\/ca\/producto\/polvoritzador-ik-multi-6\/#breadcrumb\",\"itemListElement\":[{\"@type\":\"ListItem\",\"position\":1,\"name\":\"Portada\",\"item\":\"https:\/\/turrionsolutions.com\/ca\/\"},{\"@type\":\"ListItem\",\"position\":2,\"name\":\"Shop\",\"item\":\"https:\/\/turrionsolutions.com\/ca\/shop\/\"},{\"@type\":\"ListItem\",\"position\":3,\"name\":\"Polvoritzador iK MULTI 6\"}]},{\"@type\":\"WebSite\",\"@id\":\"https:\/\/turrionsolutions.com\/ca\/#website\",\"url\":\"https:\/\/turrionsolutions.com\/ca\/\",\"name\":\"Turri\u00f3n Solutions\",\"description\":\"\",\"potentialAction\":[{\"@type\":\"SearchAction\",\"target\":{\"@type\":\"EntryPoint\",\"urlTemplate\":\"https:\/\/turrionsolutions.com\/ca\/?s={search_term_string}\"},\"query-input\":{\"@type\":\"PropertyValueSpecification\",\"valueRequired\":true,\"valueName\":\"search_term_string\"}}],\"inLanguage\":\"ca\"}]}<\/script>\n<!-- \/ Yoast SEO plugin. -->","yoast_head_json":{"title":"Polvoritzador iK MULTI 6 - Turri\u00f3n Solutions","robots":{"index":"index","follow":"follow","max-snippet":"max-snippet:-1","max-image-preview":"max-image-preview:large","max-video-preview":"max-video-preview:-1"},"canonical":"https:\/\/turrionsolutions.com\/ca\/producto\/polvoritzador-ik-multi-6\/","og_locale":"ca_ES","og_type":"article","og_title":"Polvoritzador iK MULTI 6 - Turri\u00f3n Solutions","og_description":"El polvoritzador IK MULTI 6, amb capacitat m\u00e0xima de 4L, [&hellip;]","og_url":"https:\/\/turrionsolutions.com\/ca\/producto\/polvoritzador-ik-multi-6\/","og_site_name":"Turri\u00f3n Solutions","twitter_card":"summary_large_image","schema":{"@context":"https:\/\/schema.org","@graph":[{"@type":"WebPage","@id":"https:\/\/turrionsolutions.com\/ca\/producto\/polvoritzador-ik-multi-6\/","url":"https:\/\/turrionsolutions.com\/ca\/producto\/polvoritzador-ik-multi-6\/","name":"Polvoritzador iK MULTI 6 - Turri\u00f3n Solutions","isPartOf":{"@id":"https:\/\/turrionsolutions.com\/ca\/#website"},"primaryImageOfPage":{"@id":"https:\/\/turrionsolutions.com\/ca\/producto\/polvoritzador-ik-multi-6\/#primaryimage"},"image":{"@id":"https:\/\/turrionsolutions.com\/ca\/producto\/polvoritzador-ik-multi-6\/#primaryimage"},"thumbnailUrl":"https:\/\/turrionsolutions.com\/wp-content\/uploads\/2024\/02\/producto-ik-800px.png","datePublished":"2024-02-19T20:44:03+00:00","dateModified":"2024-02-19T20:44:03+00:00","breadcrumb":{"@id":"https:\/\/turrionsolutions.com\/ca\/producto\/polvoritzador-ik-multi-6\/#breadcrumb"},"inLanguage":"ca","potentialAction":[{"@type":"ReadAction","target":["https:\/\/turrionsolutions.com\/ca\/producto\/polvoritzador-ik-multi-6\/"]}]},{"@type":"ImageObject","inLanguage":"ca","@id":"https:\/\/turrionsolutions.com\/ca\/producto\/polvoritzador-ik-multi-6\/#primaryimage","url":"https:\/\/turrionsolutions.com\/wp-content\/uploads\/2024\/02\/producto-ik-800px.png","contentUrl":"https:\/\/turrionsolutions.com\/wp-content\/uploads\/2024\/02\/producto-ik-800px.png","width":800,"height":1414},{"@type":"BreadcrumbList","@id":"https:\/\/turrionsolutions.com\/ca\/producto\/polvoritzador-ik-multi-6\/#breadcrumb","itemListElement":[{"@type":"ListItem","position":1,"name":"Portada","item":"https:\/\/turrionsolutions.com\/ca\/"},{"@type":"ListItem","position":2,"name":"Shop","item":"https:\/\/turrionsolutions.com\/ca\/shop\/"},{"@type":"ListItem","position":3,"name":"Polvoritzador iK MULTI 6"}]},{"@type":"WebSite","@id":"https:\/\/turrionsolutions.com\/ca\/#website","url":"https:\/\/turrionsolutions.com\/ca\/","name":"Turri\u00f3n Solutions","description":"","potentialAction":[{"@type":"SearchAction","target":{"@type":"EntryPoint","urlTemplate":"https:\/\/turrionsolutions.com\/ca\/?s={search_term_string}"},"query-input":{"@type":"PropertyValueSpecification","valueRequired":true,"valueName":"search_term_string"}}],"inLanguage":"ca"}]}},"_links":{"self":[{"href":"https:\/\/turrionsolutions.com\/ca\/wp-json\/wp\/v2\/product\/2796","targetHints":{"allow":["GET"]}}],"collection":[{"href":"https:\/\/turrionsolutions.com\/ca\/wp-json\/wp\/v2\/product"}],"about":[{"href":"https:\/\/turrionsolutions.com\/ca\/wp-json\/wp\/v2\/types\/product"}],"replies":[{"embeddable":true,"href":"https:\/\/turrionsolutions.com\/ca\/wp-json\/wp\/v2\/comments?post=2796"}],"wp:featuredmedia":[{"embeddable":true,"href":"https:\/\/turrionsolutions.com\/ca\/wp-json\/wp\/v2\/media\/2700"}],"wp:attachment":[{"href":"https:\/\/turrionsolutions.com\/ca\/wp-json\/wp\/v2\/media?parent=2796"}],"wp:term":[{"taxonomy":"product_cat","embeddable":true,"href":"https:\/\/turrionsolutions.com\/ca\/wp-json\/wp\/v2\/product_cat?post=2796"},{"taxonomy":"product_tag","embeddable":true,"href":"https:\/\/turrionsolutions.com\/ca\/wp-json\/wp\/v2\/product_tag?post=2796"}],"curies":[{"name":"wp","href":"https:\/\/api.w.org\/{rel}","templated":true}]}}