{"id":3534,"date":"2024-02-12T12:43:27","date_gmt":"2024-02-12T11:43:27","guid":{"rendered":"https:\/\/turrionsolutions.com\/?page_id=3534"},"modified":"2024-12-19T13:28:53","modified_gmt":"2024-12-19T12:28:53","slug":"datenschutzrichtlinie","status":"publish","type":"page","link":"https:\/\/turrionsolutions.com\/de\/datenschutzrichtlinie\/","title":{"rendered":"Datenschutzrichtlinie"},"content":{"rendered":"<div class=\"fusion-fullwidth fullwidth-box fusion-builder-row-1 fusion-flex-container nonhundred-percent-fullwidth non-hundred-percent-height-scrolling\" style=\"--awb-border-radius-top-left:0px;--awb-border-radius-top-right:0px;--awb-border-radius-bottom-right:0px;--awb-border-radius-bottom-left:0px;--awb-padding-top:4%;--awb-padding-bottom:90px;--awb-background-color:var(--awb-color1);--awb-background-image:linear-gradient(180deg, var(--awb-color1) 0%,rgba(255,255,255,0.7) 100%);--awb-flex-wrap:wrap;\" ><div class=\"fusion-builder-row fusion-row fusion-flex-align-items-flex-start fusion-flex-justify-content-center fusion-flex-content-wrap\" style=\"max-width:1248px;margin-left: calc(-4% \/ 2 );margin-right: calc(-4% \/ 2 );\"><div class=\"fusion-layout-column fusion_builder_column fusion-builder-column-0 fusion_builder_column_4_5 4_5 fusion-flex-column fusion-animated\" style=\"--awb-bg-size:cover;--awb-width-large:80%;--awb-margin-top-large:0px;--awb-spacing-right-large:2.4%;--awb-margin-bottom-large:0px;--awb-spacing-left-large:0%;--awb-width-medium:100%;--awb-spacing-right-medium:1.92%;--awb-spacing-left-medium:1.92%;--awb-width-small:100%;--awb-spacing-right-small:1.92%;--awb-spacing-left-small:1.92%;\" data-animationType=\"fadeInRight\" data-animationDuration=\"1.0\" data-animationOffset=\"top-into-view\"><div class=\"fusion-column-wrapper fusion-column-has-shadow fusion-flex-justify-content-flex-start fusion-content-layout-column\"><div class=\"fusion-text fusion-text-1\"><p>Gem\u00e4\u00df Kapitel II des Gesetzes 34\/2002, LSSICE, informieren wir Sie dar\u00fcber, dass diese Website Eigentum von <b><u>Serveis Agr\u00edcoles Mario Turri\u00f3n, SLU<\/u><\/b>, im Folgenden auch der Anbieter, mit Sitz ist in <b><u>Crta. Vall de Bo\u00ed &#8211; El Pont de Suert 25520 (Lleida)<\/u><\/b>, mit CIF <b><u>B25844960<\/u><\/b>, Kontakttelefonnummer: <b><u>628 25 66 25<\/u><\/b> und E-Mail: <b><u>serviagromario@gmail.com<\/u><\/b>.<\/p>\n<p><b><u>Serveis Agr\u00edcoles Mario Turri\u00f3n, SLU<\/u><\/b>., als Verantwortlicher f\u00fcr diese Website und in \u00dcbereinstimmung mit den Bestimmungen der geltenden Vorschriften zum Schutz personenbezogener Daten, der Verordnung (EU) 2016\/ 679 vom 27. April 2016 (RGPD) zum Schutz nat\u00fcrlicher Personen bei der Verarbeitung personenbezogener Daten und zum freien Verkehr dieser Daten, das Organgesetz 15\/1999 vom 13. Dezember \u00fcber den Schutz personenbezogener Daten (LOPD) und Gesetz 34\/2002 vom 11. Juli \u00fcber Dienste der Informationsgesellschaft und elektronischen Handel (LSSICE) hat alle technischen und organisatorischen Sicherheitsma\u00dfnahmen umgesetzt Natur, festgelegt im K\u00f6niglichen Erlass 1720\/2007 vom 21. Dezember (der die entwickelt LOPD) zur Gew\u00e4hrleistung und zum Schutz der Vertraulichkeit, Integrit\u00e4t und Verf\u00fcgbarkeit der eingegebenen Daten.<\/p>\n<p>Im Sinne der Bestimmungen des LOPD informiert Sie <b><u>Serveis Agr\u00edcoles Mario Turri\u00f3n, SLU<\/u><\/b> dar\u00fcber, dass die Daten, die Sie uns freiwillig zur Verf\u00fcgung stellen, in unsere Informationssysteme aufgenommen werden um die notwendigen kommerziellen und administrativen Verfahren mit den Nutzern der Website durchzuf\u00fchren; Die zur Durchf\u00fchrung der Behandlungen geplanten Vorg\u00e4nge sind folgende: Beantwortung von Anfragen und\/oder Bereitstellung der vom Benutzer ben\u00f6tigten Informationen; die Bereitstellung der vom Nutzer vertraglich vereinbarten oder abonnierten Dienstleistungen und\/oder Produkte durchzuf\u00fchren; Alle in diesem rechtlichen Hinweis aufgef\u00fchrten Aktivit\u00e4ten von <b><u>Serveis Agr\u00edcoles Mario Turri\u00f3n, SLU<\/u><\/b> durchf\u00fchren und den Newsletter der Website versenden.<br \/>\nDer Unterzeichner garantiert die Richtigkeit der bereitgestellten Daten und verpflichtet sich, etwaige \u00c4nderungen mitzuteilen.<\/p>\n<p>Der Anbieter weist den Nutzer durch ein Sternchen (*) in den entsprechenden Feldern des Kontaktformulars auf diese Verpflichtung hin und gibt an, welche Daten erforderlich sind. Durch die Angabe und Eingabe der Daten erteilt der Nutzer <b><u>Serveis Agr\u00edcoles Mario Turri\u00f3n, SLU<\/u><\/b> seine eindeutige Einwilligung zur Verarbeitung der angegebenen Daten zu den oben genannten Zwecken.<\/p>\n<p>Die Nichtbereitstellung der angeforderten personenbezogenen Daten oder die Nichtakzeptierung dieser Datenschutzrichtlinie f\u00fchrt dazu, dass es nicht m\u00f6glich ist, sich anzumelden, sich zu registrieren oder Informationen \u00fcber die Produkte und Dienstleistungen des Kreditgebers zu erhalten.<br \/>\nIn \u00dcbereinstimmung mit den Bestimmungen der geltenden Vorschriften zum Schutz personenbezogener Daten h\u00e4lt der Anbieter alle Bestimmungen der RGPD- und LOPD-Vorschriften f\u00fcr die Verarbeitung personenbezogener Daten unter seiner Verantwortung und offensichtlich die in Art. 1 beschriebenen Grunds\u00e4tze ein. 5 DSGVO und Art. 4 des LOPD, f\u00fcr die sie in Bezug auf die betroffene Partei rechtm\u00e4\u00dfig, fair und transparent behandelt werden und angemessen, relevant und auf das f\u00fcr die Zwecke, f\u00fcr die sie verarbeitet werden, Notwendige beschr\u00e4nkt ist.<\/p>\n<p>Der Verantwortliche garantiert, dass er geeignete technische und organisatorische Richtlinien implementiert hat, um die vom RGPD und dem LOPD festgelegten Sicherheitsma\u00dfnahmen zum Schutz der Rechte und Freiheiten der Benutzer anzuwenden.<br \/>\nGem\u00e4\u00df diesen Bestimmungen informieren wir Sie daher dar\u00fcber, dass Sie das Recht haben, Zugang, Berichtigung, \u00dcbertragbarkeit und L\u00f6schung Ihrer Daten sowie die Einschr\u00e4nkung und den Widerspruch gegen deren Verarbeitung zu verlangen, indem Sie sich an PL wenden. des Richters, s\/n, senden Sie eine E-Mail an <b><u>serviagromario@gmail.com<\/u><\/b>, geben Sie als Betreff \u201eLOPD, ARCO Rights\u201c an und f\u00fcgen Sie eine Fotokopie Ihres Personalausweises bei oder jedes analoge Rechtsmittel, wie gesetzlich vorgesehen. Sie haben das Recht, Ihre Einwilligung jederzeit zu widerrufen. Durch den Widerruf der Einwilligung wird die Rechtm\u00e4\u00dfigkeit der bis zum Widerruf erfolgten Verarbeitung nicht ber\u00fchrt. Sie haben au\u00dferdem das Recht, eine Beschwerde bei der Aufsichtsbeh\u00f6rde einzureichen, wenn Sie der Ansicht sind, dass Ihre Rechte in Bezug auf den Schutz Ihrer Daten verletzt wurden (agpd.es).<\/p>\n<\/div><\/div><\/div><\/div><\/div>\n","protected":false},"excerpt":{"rendered":"","protected":false},"author":1,"featured_media":3494,"parent":0,"menu_order":0,"comment_status":"closed","ping_status":"closed","template":"100-width.php","meta":{"footnotes":""},"class_list":["post-3534","page","type-page","status-publish","has-post-thumbnail","hentry"],"yoast_head":"<!-- This site is optimized with the Yoast SEO plugin v23.5 - https:\/\/yoast.com\/wordpress\/plugins\/seo\/ -->\n<title>Datenschutzrichtlinie - Turri\u00f3n Solutions<\/title>\n<meta name=\"robots\" content=\"index, follow, max-snippet:-1, max-image-preview:large, max-video-preview:-1\" \/>\n<link rel=\"canonical\" href=\"https:\/\/turrionsolutions.com\/de\/datenschutzrichtlinie\/\" \/>\n<meta property=\"og:locale\" content=\"de_DE\" \/>\n<meta property=\"og:type\" content=\"article\" \/>\n<meta property=\"og:title\" content=\"Datenschutzrichtlinie - Turri\u00f3n Solutions\" \/>\n<meta property=\"og:url\" content=\"https:\/\/turrionsolutions.com\/de\/datenschutzrichtlinie\/\" \/>\n<meta property=\"og:site_name\" content=\"Turri\u00f3n Solutions\" \/>\n<meta property=\"article:modified_time\" content=\"2024-12-19T12:28:53+00:00\" \/>\n<meta property=\"og:image\" content=\"https:\/\/turrionsolutions.com\/wp-content\/uploads\/2024\/02\/header-quienes-somos-turrion-solutions.jpg\" \/>\n\t<meta property=\"og:image:width\" content=\"1920\" \/>\n\t<meta property=\"og:image:height\" content=\"448\" \/>\n\t<meta property=\"og:image:type\" content=\"image\/jpeg\" \/>\n<meta name=\"twitter:card\" content=\"summary_large_image\" \/>\n<meta name=\"twitter:label1\" content=\"Gesch\u00e4tzte Lesezeit\" \/>\n\t<meta name=\"twitter:data1\" content=\"3\u00a0Minuten\" \/>\n<script type=\"application\/ld+json\" class=\"yoast-schema-graph\">{\"@context\":\"https:\/\/schema.org\",\"@graph\":[{\"@type\":\"WebPage\",\"@id\":\"https:\/\/turrionsolutions.com\/de\/datenschutzrichtlinie\/\",\"url\":\"https:\/\/turrionsolutions.com\/de\/datenschutzrichtlinie\/\",\"name\":\"Datenschutzrichtlinie - Turri\u00f3n Solutions\",\"isPartOf\":{\"@id\":\"https:\/\/turrionsolutions.com\/de\/#website\"},\"primaryImageOfPage\":{\"@id\":\"https:\/\/turrionsolutions.com\/de\/datenschutzrichtlinie\/#primaryimage\"},\"image\":{\"@id\":\"https:\/\/turrionsolutions.com\/de\/datenschutzrichtlinie\/#primaryimage\"},\"thumbnailUrl\":\"https:\/\/turrionsolutions.com\/wp-content\/uploads\/2024\/02\/header-quienes-somos-turrion-solutions.jpg\",\"datePublished\":\"2024-02-12T11:43:27+00:00\",\"dateModified\":\"2024-12-19T12:28:53+00:00\",\"breadcrumb\":{\"@id\":\"https:\/\/turrionsolutions.com\/de\/datenschutzrichtlinie\/#breadcrumb\"},\"inLanguage\":\"de\",\"potentialAction\":[{\"@type\":\"ReadAction\",\"target\":[\"https:\/\/turrionsolutions.com\/de\/datenschutzrichtlinie\/\"]}]},{\"@type\":\"ImageObject\",\"inLanguage\":\"de\",\"@id\":\"https:\/\/turrionsolutions.com\/de\/datenschutzrichtlinie\/#primaryimage\",\"url\":\"https:\/\/turrionsolutions.com\/wp-content\/uploads\/2024\/02\/header-quienes-somos-turrion-solutions.jpg\",\"contentUrl\":\"https:\/\/turrionsolutions.com\/wp-content\/uploads\/2024\/02\/header-quienes-somos-turrion-solutions.jpg\",\"width\":1920,\"height\":448},{\"@type\":\"BreadcrumbList\",\"@id\":\"https:\/\/turrionsolutions.com\/de\/datenschutzrichtlinie\/#breadcrumb\",\"itemListElement\":[{\"@type\":\"ListItem\",\"position\":1,\"name\":\"Portada\",\"item\":\"https:\/\/turrionsolutions.com\/de\/\"},{\"@type\":\"ListItem\",\"position\":2,\"name\":\"Datenschutzrichtlinie\"}]},{\"@type\":\"WebSite\",\"@id\":\"https:\/\/turrionsolutions.com\/de\/#website\",\"url\":\"https:\/\/turrionsolutions.com\/de\/\",\"name\":\"Turri\u00f3n Solutions\",\"description\":\"\",\"potentialAction\":[{\"@type\":\"SearchAction\",\"target\":{\"@type\":\"EntryPoint\",\"urlTemplate\":\"https:\/\/turrionsolutions.com\/de\/?s={search_term_string}\"},\"query-input\":{\"@type\":\"PropertyValueSpecification\",\"valueRequired\":true,\"valueName\":\"search_term_string\"}}],\"inLanguage\":\"de\"}]}<\/script>\n<!-- \/ Yoast SEO plugin. -->","yoast_head_json":{"title":"Datenschutzrichtlinie - Turri\u00f3n Solutions","robots":{"index":"index","follow":"follow","max-snippet":"max-snippet:-1","max-image-preview":"max-image-preview:large","max-video-preview":"max-video-preview:-1"},"canonical":"https:\/\/turrionsolutions.com\/de\/datenschutzrichtlinie\/","og_locale":"de_DE","og_type":"article","og_title":"Datenschutzrichtlinie - Turri\u00f3n Solutions","og_url":"https:\/\/turrionsolutions.com\/de\/datenschutzrichtlinie\/","og_site_name":"Turri\u00f3n Solutions","article_modified_time":"2024-12-19T12:28:53+00:00","og_image":[{"width":1920,"height":448,"url":"https:\/\/turrionsolutions.com\/wp-content\/uploads\/2024\/02\/header-quienes-somos-turrion-solutions.jpg","type":"image\/jpeg"}],"twitter_card":"summary_large_image","twitter_misc":{"Gesch\u00e4tzte Lesezeit":"3\u00a0Minuten"},"schema":{"@context":"https:\/\/schema.org","@graph":[{"@type":"WebPage","@id":"https:\/\/turrionsolutions.com\/de\/datenschutzrichtlinie\/","url":"https:\/\/turrionsolutions.com\/de\/datenschutzrichtlinie\/","name":"Datenschutzrichtlinie - Turri\u00f3n Solutions","isPartOf":{"@id":"https:\/\/turrionsolutions.com\/de\/#website"},"primaryImageOfPage":{"@id":"https:\/\/turrionsolutions.com\/de\/datenschutzrichtlinie\/#primaryimage"},"image":{"@id":"https:\/\/turrionsolutions.com\/de\/datenschutzrichtlinie\/#primaryimage"},"thumbnailUrl":"https:\/\/turrionsolutions.com\/wp-content\/uploads\/2024\/02\/header-quienes-somos-turrion-solutions.jpg","datePublished":"2024-02-12T11:43:27+00:00","dateModified":"2024-12-19T12:28:53+00:00","breadcrumb":{"@id":"https:\/\/turrionsolutions.com\/de\/datenschutzrichtlinie\/#breadcrumb"},"inLanguage":"de","potentialAction":[{"@type":"ReadAction","target":["https:\/\/turrionsolutions.com\/de\/datenschutzrichtlinie\/"]}]},{"@type":"ImageObject","inLanguage":"de","@id":"https:\/\/turrionsolutions.com\/de\/datenschutzrichtlinie\/#primaryimage","url":"https:\/\/turrionsolutions.com\/wp-content\/uploads\/2024\/02\/header-quienes-somos-turrion-solutions.jpg","contentUrl":"https:\/\/turrionsolutions.com\/wp-content\/uploads\/2024\/02\/header-quienes-somos-turrion-solutions.jpg","width":1920,"height":448},{"@type":"BreadcrumbList","@id":"https:\/\/turrionsolutions.com\/de\/datenschutzrichtlinie\/#breadcrumb","itemListElement":[{"@type":"ListItem","position":1,"name":"Portada","item":"https:\/\/turrionsolutions.com\/de\/"},{"@type":"ListItem","position":2,"name":"Datenschutzrichtlinie"}]},{"@type":"WebSite","@id":"https:\/\/turrionsolutions.com\/de\/#website","url":"https:\/\/turrionsolutions.com\/de\/","name":"Turri\u00f3n Solutions","description":"","potentialAction":[{"@type":"SearchAction","target":{"@type":"EntryPoint","urlTemplate":"https:\/\/turrionsolutions.com\/de\/?s={search_term_string}"},"query-input":{"@type":"PropertyValueSpecification","valueRequired":true,"valueName":"search_term_string"}}],"inLanguage":"de"}]}},"_links":{"self":[{"href":"https:\/\/turrionsolutions.com\/de\/wp-json\/wp\/v2\/pages\/3534","targetHints":{"allow":["GET"]}}],"collection":[{"href":"https:\/\/turrionsolutions.com\/de\/wp-json\/wp\/v2\/pages"}],"about":[{"href":"https:\/\/turrionsolutions.com\/de\/wp-json\/wp\/v2\/types\/page"}],"author":[{"embeddable":true,"href":"https:\/\/turrionsolutions.com\/de\/wp-json\/wp\/v2\/users\/1"}],"replies":[{"embeddable":true,"href":"https:\/\/turrionsolutions.com\/de\/wp-json\/wp\/v2\/comments?post=3534"}],"version-history":[{"count":3,"href":"https:\/\/turrionsolutions.com\/de\/wp-json\/wp\/v2\/pages\/3534\/revisions"}],"predecessor-version":[{"id":3537,"href":"https:\/\/turrionsolutions.com\/de\/wp-json\/wp\/v2\/pages\/3534\/revisions\/3537"}],"wp:featuredmedia":[{"embeddable":true,"href":"https:\/\/turrionsolutions.com\/de\/wp-json\/wp\/v2\/media\/3494"}],"wp:attachment":[{"href":"https:\/\/turrionsolutions.com\/de\/wp-json\/wp\/v2\/media?parent=3534"}],"curies":[{"name":"wp","href":"https:\/\/api.w.org\/{rel}","templated":true}]}}