{"id":3538,"date":"2024-02-12T12:33:31","date_gmt":"2024-02-12T11:33:31","guid":{"rendered":"https:\/\/turrionsolutions.com\/?page_id=3538"},"modified":"2024-12-19T13:45:02","modified_gmt":"2024-12-19T12:45:02","slug":"cookie-richtlinie","status":"publish","type":"page","link":"https:\/\/turrionsolutions.com\/de\/cookie-richtlinie\/","title":{"rendered":"Cookie-Richtlinie"},"content":{"rendered":"<div class=\"fusion-fullwidth fullwidth-box fusion-builder-row-1 fusion-flex-container nonhundred-percent-fullwidth non-hundred-percent-height-scrolling\" style=\"--awb-border-radius-top-left:0px;--awb-border-radius-top-right:0px;--awb-border-radius-bottom-right:0px;--awb-border-radius-bottom-left:0px;--awb-padding-top:4%;--awb-padding-bottom:90px;--awb-background-color:var(--awb-color1);--awb-background-image:linear-gradient(180deg, var(--awb-color1) 0%,rgba(255,255,255,0.7) 100%);--awb-flex-wrap:wrap;\" ><div class=\"fusion-builder-row fusion-row fusion-flex-align-items-flex-start fusion-flex-justify-content-center fusion-flex-content-wrap\" style=\"max-width:1248px;margin-left: calc(-4% \/ 2 );margin-right: calc(-4% \/ 2 );\"><div class=\"fusion-layout-column fusion_builder_column fusion-builder-column-0 fusion_builder_column_4_5 4_5 fusion-flex-column fusion-animated\" style=\"--awb-bg-size:cover;--awb-width-large:80%;--awb-margin-top-large:0px;--awb-spacing-right-large:2.4%;--awb-margin-bottom-large:0px;--awb-spacing-left-large:0%;--awb-width-medium:100%;--awb-spacing-right-medium:1.92%;--awb-spacing-left-medium:1.92%;--awb-width-small:100%;--awb-spacing-right-small:1.92%;--awb-spacing-left-small:1.92%;\" data-animationType=\"fadeInRight\" data-animationDuration=\"1.0\" data-animationOffset=\"top-into-view\"><div class=\"fusion-column-wrapper fusion-column-has-shadow fusion-flex-justify-content-flex-start fusion-content-layout-column\"><div class=\"fusion-text fusion-text-1\"><p>Diese Website verwendet Cookies, um die Benutzererfahrung zu verbessern. Nachfolgend finden Sie Informationen dar\u00fcber, was Cookies sind, welche Art von Cookies diese Seite verwendet, wie Sie Cookies in Ihrem Browser deaktivieren k\u00f6nnen und wie Sie die Installation von Cookies von Drittanbietern gezielt deaktivieren k\u00f6nnen. Wenn Sie die gesuchten spezifischen Informationen nicht finden, senden Sie bitte eine E-Mail an <b><u>serviagromario@gmail.com.<\/u><\/b><\/p>\n<h3 class=\"fusion-responsive-typography-calculated\" style=\"--fontsize: 32; line-height: 1.3;\" data-fontsize=\"32\" data-lineheight=\"41.6px\"><strong>Was sind Cookies?<\/strong><\/h3>\n<p>Cookies sind aus mehreren Gr\u00fcnden n\u00fctzlich. Aus technischer Sicht erm\u00f6glichen sie eine flexiblere Funktionsweise von Webseiten und eine Anpassung an Ihre Vorlieben, beispielsweise durch die Speicherung Ihrer Sprache oder der W\u00e4hrung Ihres Landes. Dar\u00fcber hinaus helfen sie den Verantwortlichen der Websites, dank der statistischen Informationen, die sie \u00fcber sie sammeln, die von ihnen angebotenen Dienste zu verbessern und dienen dazu, die Werbung, die wir Ihnen zeigen k\u00f6nnen, effizienter zu gestalten.<\/p>\n<h3 class=\"fusion-responsive-typography-calculated\" style=\"--fontsize: 32; line-height: 1.3;\" data-fontsize=\"32\" data-lineheight=\"41.6px\"><strong>Welchen Nutzen geben wir den verschiedenen Arten von Cookies?<\/strong><\/h3>\n<p><strong>Sitzungscookies:<\/strong> Sitzungscookies sind solche, die so lange bestehen bleiben, wie der Benutzer auf der Website surft, und gel\u00f6scht werden, wenn sie fertig sind.<\/p>\n<p><strong>Persistente Cookies:<\/strong> Diese Cookies werden f\u00fcr einen l\u00e4ngeren Zeitraum auf dem Endger\u00e4t des Benutzers gespeichert und erleichtern so die Kontrolle der gew\u00e4hlten Pr\u00e4ferenzen, ohne dass bei jedem Besuch der Website bestimmte Parameter wiederholt werden m\u00fcssen.<\/p>\n<p><strong>Eigene Cookies:<\/strong> Hierbei handelt es sich um von der Website erstellte Cookies, die nur von der Seite selbst gelesen werden k\u00f6nnen. Zum Beispiel: technische Cookies zum Laden von Bildern, Cookies zum Anpassen von Website-Parametern, Cookies zur Verkehrsanalyse usw.<\/p>\n<p><strong>Cookies von Drittanbietern:<\/strong> Hierbei handelt es sich um Cookies, die von Drittanbietern erstellt werden und die wir f\u00fcr verschiedene Dienste (z. B. Website-Analyse oder Werbung) verwenden.<\/p>\n<p><b style=\"font-size: 20px;\" data-fusion-font=\"true\">Nach seinem Zweck: <\/b><\/p>\n<p><strong>Technische Cookies:<\/strong> Technische Cookies sind diejenigen, die f\u00fcr das ordnungsgem\u00e4\u00dfe Funktionieren eines Webportals und die Nutzung der verschiedenen angebotenen Optionen und Dienste unbedingt erforderlich sind. Beispielsweise solche, die der Aufrechterhaltung der Sitzung, dem Reaktionszeitmanagement, der Leistung oder Validierung von Optionen, der Verwendung von Sicherheitselementen, dem Teilen von Inhalten in sozialen Netzwerken usw. dienen.<\/p>\n<p><strong>Personalisierungs-Cookies:<\/strong> Mit diesen Cookies kann der Benutzer einige Funktionen der allgemeinen Optionen der Website angeben oder personalisieren, beispielsweise die Definition der Sprache, der regionalen Konfiguration oder der Browsertypen.<\/p>\n<p><strong>Analytische Cookies:<\/strong> Analytische Cookies werden von unserem Webportal verwendet, um Navigationsprofile zu erstellen und die Pr\u00e4ferenzen seiner Benutzer zu kennen, um das Angebot an Produkten und Dienstleistungen zu verbessern. Mithilfe eines analytischen Cookies w\u00fcrden beispielsweise die geografischen Gebiete kontrolliert, die f\u00fcr einen Benutzer am interessantesten sind, welches Produkt am weitesten verbreitet ist usw.<\/p>\n<p><strong>Werbe-Cookies:<\/strong> Werbe-Cookies erm\u00f6glichen die Verwaltung von Werbefl\u00e4chen nach bestimmten Kriterien. Zum Beispiel Zugriffsh\u00e4ufigkeit, bearbeitete Inhalte usw. Werbe-Cookies erm\u00f6glichen durch die Werbeverwaltung die Speicherung von Verhaltensinformationen durch die Beobachtung von Gewohnheiten, die Untersuchung des Zugriffs und die Erstellung eines Profils der Benutzerpr\u00e4ferenzen, um Werbung anzubieten, die auf die Interessen Ihres Profils abgestimmt ist.<\/p>\n<\/div><\/div><\/div><\/div><\/div>\n","protected":false},"excerpt":{"rendered":"","protected":false},"author":1,"featured_media":3494,"parent":0,"menu_order":0,"comment_status":"closed","ping_status":"closed","template":"100-width.php","meta":{"footnotes":""},"class_list":["post-3538","page","type-page","status-publish","has-post-thumbnail","hentry"],"yoast_head":"<!-- This site is optimized with the Yoast SEO plugin v23.5 - https:\/\/yoast.com\/wordpress\/plugins\/seo\/ -->\n<title>Cookie-Richtlinie - Turri\u00f3n Solutions<\/title>\n<meta name=\"robots\" content=\"index, follow, max-snippet:-1, max-image-preview:large, max-video-preview:-1\" \/>\n<link rel=\"canonical\" href=\"https:\/\/turrionsolutions.com\/de\/cookie-richtlinie\/\" \/>\n<meta property=\"og:locale\" content=\"de_DE\" \/>\n<meta property=\"og:type\" content=\"article\" \/>\n<meta property=\"og:title\" content=\"Cookie-Richtlinie - Turri\u00f3n Solutions\" \/>\n<meta property=\"og:url\" content=\"https:\/\/turrionsolutions.com\/de\/cookie-richtlinie\/\" \/>\n<meta property=\"og:site_name\" content=\"Turri\u00f3n Solutions\" \/>\n<meta property=\"article:modified_time\" content=\"2024-12-19T12:45:02+00:00\" \/>\n<meta property=\"og:image\" content=\"https:\/\/turrionsolutions.com\/wp-content\/uploads\/2024\/02\/header-quienes-somos-turrion-solutions.jpg\" \/>\n\t<meta property=\"og:image:width\" content=\"1920\" \/>\n\t<meta property=\"og:image:height\" content=\"448\" \/>\n\t<meta property=\"og:image:type\" content=\"image\/jpeg\" \/>\n<meta name=\"twitter:card\" content=\"summary_large_image\" \/>\n<meta name=\"twitter:label1\" content=\"Gesch\u00e4tzte Lesezeit\" \/>\n\t<meta name=\"twitter:data1\" content=\"3\u00a0Minuten\" \/>\n<script type=\"application\/ld+json\" class=\"yoast-schema-graph\">{\"@context\":\"https:\/\/schema.org\",\"@graph\":[{\"@type\":\"WebPage\",\"@id\":\"https:\/\/turrionsolutions.com\/de\/cookie-richtlinie\/\",\"url\":\"https:\/\/turrionsolutions.com\/de\/cookie-richtlinie\/\",\"name\":\"Cookie-Richtlinie - Turri\u00f3n Solutions\",\"isPartOf\":{\"@id\":\"https:\/\/turrionsolutions.com\/de\/#website\"},\"primaryImageOfPage\":{\"@id\":\"https:\/\/turrionsolutions.com\/de\/cookie-richtlinie\/#primaryimage\"},\"image\":{\"@id\":\"https:\/\/turrionsolutions.com\/de\/cookie-richtlinie\/#primaryimage\"},\"thumbnailUrl\":\"https:\/\/turrionsolutions.com\/wp-content\/uploads\/2024\/02\/header-quienes-somos-turrion-solutions.jpg\",\"datePublished\":\"2024-02-12T11:33:31+00:00\",\"dateModified\":\"2024-12-19T12:45:02+00:00\",\"breadcrumb\":{\"@id\":\"https:\/\/turrionsolutions.com\/de\/cookie-richtlinie\/#breadcrumb\"},\"inLanguage\":\"de\",\"potentialAction\":[{\"@type\":\"ReadAction\",\"target\":[\"https:\/\/turrionsolutions.com\/de\/cookie-richtlinie\/\"]}]},{\"@type\":\"ImageObject\",\"inLanguage\":\"de\",\"@id\":\"https:\/\/turrionsolutions.com\/de\/cookie-richtlinie\/#primaryimage\",\"url\":\"https:\/\/turrionsolutions.com\/wp-content\/uploads\/2024\/02\/header-quienes-somos-turrion-solutions.jpg\",\"contentUrl\":\"https:\/\/turrionsolutions.com\/wp-content\/uploads\/2024\/02\/header-quienes-somos-turrion-solutions.jpg\",\"width\":1920,\"height\":448},{\"@type\":\"BreadcrumbList\",\"@id\":\"https:\/\/turrionsolutions.com\/de\/cookie-richtlinie\/#breadcrumb\",\"itemListElement\":[{\"@type\":\"ListItem\",\"position\":1,\"name\":\"Portada\",\"item\":\"https:\/\/turrionsolutions.com\/de\/\"},{\"@type\":\"ListItem\",\"position\":2,\"name\":\"Cookie-Richtlinie\"}]},{\"@type\":\"WebSite\",\"@id\":\"https:\/\/turrionsolutions.com\/de\/#website\",\"url\":\"https:\/\/turrionsolutions.com\/de\/\",\"name\":\"Turri\u00f3n Solutions\",\"description\":\"\",\"potentialAction\":[{\"@type\":\"SearchAction\",\"target\":{\"@type\":\"EntryPoint\",\"urlTemplate\":\"https:\/\/turrionsolutions.com\/de\/?s={search_term_string}\"},\"query-input\":{\"@type\":\"PropertyValueSpecification\",\"valueRequired\":true,\"valueName\":\"search_term_string\"}}],\"inLanguage\":\"de\"}]}<\/script>\n<!-- \/ Yoast SEO plugin. -->","yoast_head_json":{"title":"Cookie-Richtlinie - Turri\u00f3n Solutions","robots":{"index":"index","follow":"follow","max-snippet":"max-snippet:-1","max-image-preview":"max-image-preview:large","max-video-preview":"max-video-preview:-1"},"canonical":"https:\/\/turrionsolutions.com\/de\/cookie-richtlinie\/","og_locale":"de_DE","og_type":"article","og_title":"Cookie-Richtlinie - Turri\u00f3n Solutions","og_url":"https:\/\/turrionsolutions.com\/de\/cookie-richtlinie\/","og_site_name":"Turri\u00f3n Solutions","article_modified_time":"2024-12-19T12:45:02+00:00","og_image":[{"width":1920,"height":448,"url":"https:\/\/turrionsolutions.com\/wp-content\/uploads\/2024\/02\/header-quienes-somos-turrion-solutions.jpg","type":"image\/jpeg"}],"twitter_card":"summary_large_image","twitter_misc":{"Gesch\u00e4tzte Lesezeit":"3\u00a0Minuten"},"schema":{"@context":"https:\/\/schema.org","@graph":[{"@type":"WebPage","@id":"https:\/\/turrionsolutions.com\/de\/cookie-richtlinie\/","url":"https:\/\/turrionsolutions.com\/de\/cookie-richtlinie\/","name":"Cookie-Richtlinie - Turri\u00f3n Solutions","isPartOf":{"@id":"https:\/\/turrionsolutions.com\/de\/#website"},"primaryImageOfPage":{"@id":"https:\/\/turrionsolutions.com\/de\/cookie-richtlinie\/#primaryimage"},"image":{"@id":"https:\/\/turrionsolutions.com\/de\/cookie-richtlinie\/#primaryimage"},"thumbnailUrl":"https:\/\/turrionsolutions.com\/wp-content\/uploads\/2024\/02\/header-quienes-somos-turrion-solutions.jpg","datePublished":"2024-02-12T11:33:31+00:00","dateModified":"2024-12-19T12:45:02+00:00","breadcrumb":{"@id":"https:\/\/turrionsolutions.com\/de\/cookie-richtlinie\/#breadcrumb"},"inLanguage":"de","potentialAction":[{"@type":"ReadAction","target":["https:\/\/turrionsolutions.com\/de\/cookie-richtlinie\/"]}]},{"@type":"ImageObject","inLanguage":"de","@id":"https:\/\/turrionsolutions.com\/de\/cookie-richtlinie\/#primaryimage","url":"https:\/\/turrionsolutions.com\/wp-content\/uploads\/2024\/02\/header-quienes-somos-turrion-solutions.jpg","contentUrl":"https:\/\/turrionsolutions.com\/wp-content\/uploads\/2024\/02\/header-quienes-somos-turrion-solutions.jpg","width":1920,"height":448},{"@type":"BreadcrumbList","@id":"https:\/\/turrionsolutions.com\/de\/cookie-richtlinie\/#breadcrumb","itemListElement":[{"@type":"ListItem","position":1,"name":"Portada","item":"https:\/\/turrionsolutions.com\/de\/"},{"@type":"ListItem","position":2,"name":"Cookie-Richtlinie"}]},{"@type":"WebSite","@id":"https:\/\/turrionsolutions.com\/de\/#website","url":"https:\/\/turrionsolutions.com\/de\/","name":"Turri\u00f3n Solutions","description":"","potentialAction":[{"@type":"SearchAction","target":{"@type":"EntryPoint","urlTemplate":"https:\/\/turrionsolutions.com\/de\/?s={search_term_string}"},"query-input":{"@type":"PropertyValueSpecification","valueRequired":true,"valueName":"search_term_string"}}],"inLanguage":"de"}]}},"_links":{"self":[{"href":"https:\/\/turrionsolutions.com\/de\/wp-json\/wp\/v2\/pages\/3538","targetHints":{"allow":["GET"]}}],"collection":[{"href":"https:\/\/turrionsolutions.com\/de\/wp-json\/wp\/v2\/pages"}],"about":[{"href":"https:\/\/turrionsolutions.com\/de\/wp-json\/wp\/v2\/types\/page"}],"author":[{"embeddable":true,"href":"https:\/\/turrionsolutions.com\/de\/wp-json\/wp\/v2\/users\/1"}],"replies":[{"embeddable":true,"href":"https:\/\/turrionsolutions.com\/de\/wp-json\/wp\/v2\/comments?post=3538"}],"version-history":[{"count":3,"href":"https:\/\/turrionsolutions.com\/de\/wp-json\/wp\/v2\/pages\/3538\/revisions"}],"predecessor-version":[{"id":3541,"href":"https:\/\/turrionsolutions.com\/de\/wp-json\/wp\/v2\/pages\/3538\/revisions\/3541"}],"wp:featuredmedia":[{"embeddable":true,"href":"https:\/\/turrionsolutions.com\/de\/wp-json\/wp\/v2\/media\/3494"}],"wp:attachment":[{"href":"https:\/\/turrionsolutions.com\/de\/wp-json\/wp\/v2\/media?parent=3538"}],"curies":[{"name":"wp","href":"https:\/\/api.w.org\/{rel}","templated":true}]}}