{"id":3542,"date":"2024-02-12T13:08:59","date_gmt":"2024-02-12T12:08:59","guid":{"rendered":"https:\/\/turrionsolutions.com\/?page_id=3542"},"modified":"2024-12-19T17:37:18","modified_gmt":"2024-12-19T16:37:18","slug":"einkaufsbedingungen","status":"publish","type":"page","link":"https:\/\/turrionsolutions.com\/de\/einkaufsbedingungen\/","title":{"rendered":"Einkaufsbedingungen"},"content":{"rendered":"<div class=\"fusion-fullwidth fullwidth-box fusion-builder-row-1 fusion-flex-container nonhundred-percent-fullwidth non-hundred-percent-height-scrolling\" style=\"--awb-border-radius-top-left:0px;--awb-border-radius-top-right:0px;--awb-border-radius-bottom-right:0px;--awb-border-radius-bottom-left:0px;--awb-padding-top:4%;--awb-padding-bottom:90px;--awb-background-color:var(--awb-color1);--awb-background-image:linear-gradient(180deg, var(--awb-color1) 0%,rgba(255,255,255,0.7) 100%);--awb-flex-wrap:wrap;\" ><div class=\"fusion-builder-row fusion-row fusion-flex-align-items-flex-start fusion-flex-justify-content-center fusion-flex-content-wrap\" style=\"max-width:1248px;margin-left: calc(-4% \/ 2 );margin-right: calc(-4% \/ 2 );\"><div class=\"fusion-layout-column fusion_builder_column fusion-builder-column-0 fusion_builder_column_4_5 4_5 fusion-flex-column fusion-animated\" style=\"--awb-bg-size:cover;--awb-width-large:80%;--awb-margin-top-large:0px;--awb-spacing-right-large:2.4%;--awb-margin-bottom-large:0px;--awb-spacing-left-large:0%;--awb-width-medium:100%;--awb-spacing-right-medium:1.92%;--awb-spacing-left-medium:1.92%;--awb-width-small:100%;--awb-spacing-right-small:1.92%;--awb-spacing-left-small:1.92%;\" data-animationType=\"fadeInRight\" data-animationDuration=\"1.0\" data-animationOffset=\"top-into-view\"><div class=\"fusion-column-wrapper fusion-column-has-shadow fusion-flex-justify-content-flex-start fusion-content-layout-column\"><div class=\"fusion-text fusion-text-1\"><p>Zahlungen f\u00fcr Bestellungen k\u00f6nnen mit einer Kredit- oder Debitkarte \u00fcber den <b><u>BBVA REDSYS VIRTUAL POS<\/u><\/b> erfolgen.<\/p>\n<h3 class=\"fusion-responsive-typography-calculated\" style=\"--fontsize: 32; line-height: 1.3;\" data-fontsize=\"32\" data-lineheight=\"41.6px\">Privatsph\u00e4re und Sicherheit<\/h3>\n<p>Datenschutz und Sicherheit von <b><u>BBVA REDSYS VIRTUAL POS<\/u><\/b> sind eine zuverl\u00e4ssige, sichere und schnelle M\u00f6glichkeit, Zahlungen online zu t\u00e4tigen. Tats\u00e4chlich ist <b><u>BBVA REDSYS VIRTUAL POS<\/u><\/b> derjenige, der Zahlungen direkt an unsere Kunden leistet, <b><u>Serveis Agr\u00edcoles Mario Turri\u00f3n, SLU<\/u> <\/b> hat keinen Zugriff auf dessen Bankdaten.<br \/>\nWir haben das SSL-Zertifikat abgeschlossen, das die Privatsph\u00e4re des Benutzers beim Surfen oder Einkaufen im Internet sch\u00fctzt.<\/p>\n<p>Weitere Informationen finden Sie in unserer <a href=\"\/es\/LINK\/politica-de-privadesa\/\">Datenschutzerkl\u00e4rung<\/a> und unserer <a href=\"\/es\/LINK\/politica-de-cookies\/\"> Cookie-Richtlinie<\/a>.<\/p>\n<div>\n<div>\n<h2 class=\"fusion-responsive-typography-calculated\" style=\"text-align: center; --fontsize: 40; line-height: 1.2;\" data-fontsize=\"40\" data-lineheight=\"48px\">LIEFERUNG<\/h2>\n<\/div>\n<p style=\"text-align: left;\">Der Versand erfolgt mit dem Transportunternehmen Sociedad Estado Correos y Tel\u00e9grafos SA SME, mit Handelsname CORREOS und Steueradresse Calle de Eduardo Barreiros, 3, 28041 Madrid (Madrid)<\/p>\n<\/div>\n<p>Kostenloser Versand in Spanien (Halbinsel)<\/p>\n<div>\n<h3 class=\"fusion-responsive-typography-calculated\" style=\"--fontsize: 32; line-height: 1.3;\" data-fontsize=\"32\" data-lineheight=\"41.6px\"><b>LIEFERZEITEN<\/b><\/h3>\n<p>Wir verstehen, dass Sie als Kunde erwarten, Ihre Bestellung so schnell wie m\u00f6glich zu erhalten. Deshalb arbeiten wir daran, Ihre Bestellung so schnell wie m\u00f6glich zu liefern, mit Lieferungen innerhalb von 24 bis 72 Arbeitsstunden auf der Halbinsel. Um zu wissen, wann Ihre Bestellung versandt wird, empfehlen wir Ihnen, Ihr E-Mail-Postfach im Auge zu behalten. Wir senden Ihnen eine Versandbest\u00e4tigung f\u00fcr Ihre Bestellung mit dem voraussichtlichen Liefertermin. An Wochenenden oder Feiertagen werden Sendungen am n\u00e4chsten Werktag bearbeitet.<\/p>\n<\/div>\n<div>\n<h3 class=\"fusion-responsive-typography-calculated\" style=\"--fontsize: 32; line-height: 1.3;\" data-fontsize=\"32\" data-lineheight=\"41.6px\"><b>Wie funktioniert der Versand und was muss ich tun, wenn ich am Tag der Zustellung nicht zu Hause bin?<\/b><\/h3>\n<p>Eine erste Lieferung erfolgt an die angegebene Lieferadresse. Sollten Sie zum Zeitpunkt der Lieferung abwesend sein, wird der Kurier versuchen, eine Nachricht im Briefkasten zu hinterlassen. Es ist nicht immer m\u00f6glich, eine Nachricht zu hinterlassen, da der Kurier manchmal keinen Zugang zum Portal oder zur Wohnanlage hat. Nach diesem ersten Zustellversuch wird die Delegation, die Ihr Gebiet verteilt, versuchen, Sie zu kontaktieren, um eine zweite Zustellung zu vereinbaren. Sollten Sie auch bei der zweiten Lieferung abwesend sein, verbleibt die Bestellung in der Filiale in Ihrer N\u00e4he, sodass Sie sie in der Agentur abholen k\u00f6nnen. Wenn sie aus irgendeinem Grund nicht in der Lage waren, Sie zu kontaktieren, um die Lieferung zu arrangieren,<\/p>\n<\/div>\n<div>\n<h3 class=\"fusion-responsive-typography-calculated\" style=\"--fontsize: 32; line-height: 1.3;\" data-fontsize=\"32\" data-lineheight=\"41.6px\"><b>Wie kann ich meine Sendung verfolgen?<\/b><\/h3>\n<p>Sie k\u00f6nnen Ihre Sendung \u00fcber den Link verfolgen, den Sie in der E-Mail mit der Versandbest\u00e4tigung Ihrer Bestellung finden.<\/p>\n<\/div>\n<div>\n<h3 class=\"fusion-responsive-typography-calculated\" style=\"--fontsize: 32; line-height: 1.3;\" data-fontsize=\"32\" data-lineheight=\"41.6px\"><b>Kann ich meine Bestellung in dem Zeitfenster meiner Wahl erhalten?<\/b><\/h3>\n<p>Sie k\u00f6nnen Ihre Pr\u00e4ferenzen bez\u00fcglich der Lieferzeit im Kommentarfeld des Spediteurs hinterlassen, das Sie vor Abschluss Ihrer Bestellung finden. Obwohl wir wissen, dass sie ihr Bestes tun, um innerhalb der angegebenen Zeit zu liefern, kann es f\u00fcr sie je nach Route des Spediteurs schwierig sein, diese einzuhalten.<\/p>\n<\/div>\n<div>\n<h3 class=\"fusion-responsive-typography-calculated\" style=\"--fontsize: 32; line-height: 1.3;\" data-fontsize=\"32\" data-lineheight=\"41.6px\"><b>Was passiert, wenn meine Lieferadresse falsch ist?<\/b><\/h3>\n<p>Wir empfehlen Ihnen, die angegebene Adresse vor der Bestellung zu \u00fcberpr\u00fcfen, um sicherzustellen, dass die Informationen korrekt und vollst\u00e4ndig sind, da eine \u00c4nderung der Adresse nach erfolgter Lieferung nicht m\u00f6glich ist, ohne dass zus\u00e4tzliche Versandkosten entstehen. Wenn Sie falsche Informationen feststellen, kontaktieren Sie uns bitte so schnell wie m\u00f6glich unter <b><u>serviagromario@gmail.com<\/u><\/b>. Dieses Management kann auch die Lieferverz\u00f6gerung um weitere 24 bis 72 Stunden verl\u00e4ngern. Vergessen Sie nicht, alle Felder sorgf\u00e4ltig zu pr\u00fcfen, bevor Sie die Bestellung abschlie\u00dfen!<\/p>\n<\/div>\n<div>\n<h3 class=\"fusion-responsive-typography-calculated\" style=\"--fontsize: 32; line-height: 1.3;\" data-fontsize=\"32\" data-lineheight=\"41.6px\"><b>Feiertage<\/b><\/h3>\n<p>Arbeitsfreie Tage in unserem Logistikzentrum. An diesen Tagen werden keine Bestellungen vorbereitet, daher werden Bestellungen auf den n\u00e4chsten Werktag verschoben. Wir entschuldigen uns f\u00fcr die Unannehmlichkeiten. Januar: Tag 1 und 6. Mai: Tag 1. Juni: Tag 24. August: Tag 15. Oktober: Tag 12. November: Tag 1. Dezember: Tage 6,8, 25 und 26<\/p>\n<\/div>\n<div>\n<h3 class=\"fusion-responsive-typography-calculated\" style=\"--fontsize: 32; line-height: 1.3;\" data-fontsize=\"32\" data-lineheight=\"41.6px\"><b>INTERNATIONALER VERSAND<\/b><\/h3>\n<div>\n<h3 class=\"fusion-responsive-typography-calculated\" style=\"--fontsize: 32; line-height: 1.3;\" data-fontsize=\"32\" data-lineheight=\"41.6px\"><b>Derzeit versenden wir nicht au\u00dferhalb Europas. <\/b><\/h3>\n<\/div>\n<\/div>\n<div>\n<div>\n<h2 class=\"fusion-responsive-typography-calculated\" style=\"text-align: center; --fontsize: 40; line-height: 1.2;\" data-fontsize=\"40\" data-lineheight=\"48px\">R\u00dcCKGABEN<\/h2>\n<\/div>\n<div>\n<p><b>Widerrufsrecht:<\/b><\/p>\n<p>Bei Turrion Solutions legen wir Wert auf die Zufriedenheit unserer Kunden. Aus diesem Grund gew\u00e4hren wir dem Verbraucher eine Widerrufsfrist von 14 Kalendertagen ab Erhalt der Bestellung. W\u00e4hrend dieser Zeit kann der Kunde das Produkt in einwandfreiem Zustand, in der Originalverpackung und unge\u00f6ffnet zur\u00fcckgeben. Um den Prozess zu starten, muss der Kunde seine Entscheidung \u00fcber unsere Kundendienst-E-Mail-Adresse info@turrionsolutions.com mitteilen.<\/p>\n<p><b>R\u00fcckgabeprozess:<\/b><\/p>\n<p>Turrion Solutions verpflichtet sich, den gesamten Produktbetrag mit der gleichen Zahlungsmethode zur\u00fcckzuerstatten, die der Kunde verwendet hat, sofern das zur\u00fcckgegebene Produkt in einwandfreiem Zustand ist. Die R\u00fcckerstattung erfolgt innerhalb eines Zeitraums von maximal 14 Kalendertagen nach Erhalt des zur\u00fcckgegebenen Produkts. Das zur\u00fcckzusendende Produkt muss an folgende Adresse gesendet werden: <b><u>Crta. Vall de Bo\u00ed \u2013 El Pont de Suert 25520 (Lleida)<\/u><\/b><\/p>\n<p><b>R\u00fccksendekosten:<\/b><\/p>\n<p>Die mit der R\u00fccksendung verbundenen Transportkosten gehen zu Lasten des Kunden. Turrion Solutions \u00fcbernimmt nicht die Kosten f\u00fcr die Abholung zur\u00fcckgegebener Produkte.<\/p>\n<p><b>Ausnahmen vom Widerruf:<\/b><\/p>\n<p>Das Widerrufsrecht besteht nicht nach Ablauf von 14 Kalendertagen ab Erhalt der Ware. Dar\u00fcber hinaus werden R\u00fccksendungen gebrauchter Produkte nicht akzeptiert. Im Falle des Erwerbs durch Unternehmen oder Gewerbetreibende oder bei beruflicher Nutzung der Produkte ist die Aus\u00fcbung des Widerrufsrechts nicht m\u00f6glich.<\/p>\n<p>1) Das Produkt ist defekt oder w\u00e4hrend des Transports kaputt gegangen:<\/p>\n<ul>\n<li>Wenn das Produkt defekt ist, kann der Benutzer es innerhalb von 24 Stunden nach Erhalt zur\u00fccksenden, wobei <b><u>Serveis Agr\u00edcoles Mario Turri\u00f3n, SLU<\/u><\/b> die durch die Lieferung des Produkts entstehenden Versandkosten \u00fcbernimmt und seine R\u00fcckkehr. <b><u>Serveis Agr\u00edcoles Mario Turri\u00f3n, SLU<\/u><\/b> sendet das ersetzte Produkt erneut, ohne dass dem Kunden zus\u00e4tzliche Kosten entstehen. Sie m\u00fcssen uns lediglich unter <u><b>serviagromario@gmail.com<\/b><\/u> \u00fcber Ihren Vorfall informieren und ein Foto des Produkts beif\u00fcgen. <b><u>Serveis Agr\u00edcoles Mario Turri\u00f3n, SLU<\/u><\/b> beh\u00e4lt sich das Recht vor, weitere Informationen im Zusammenhang mit der R\u00fcckgabe anzufordern.<\/li>\n<li>Bei gr\u00f6\u00dferen und sichtbaren Sch\u00e4den an der Verpackung der Ware w\u00e4hrend des Transports wird dem Kunden dringend empfohlen, die Vorkommnisse auf dem Lieferschein des Spediteurs zu vermerken (es empfiehlt sich sogar, ein Foto zu machen) und uns unter <b> zu benachrichtigen <u>serviagromario@gmail.com<\/u><\/b> so schnell wie m\u00f6glich.<\/li>\n<\/ul>\n<\/div>\n<p><b>Nur derselbe Benutzer, der es gekauft hat, kann die R\u00fccksendung bearbeiten.<\/b><\/p>\n<\/div>\n<div>\n<h3 class=\"fusion-responsive-typography-calculated\" style=\"--fontsize: 32; line-height: 1.3;\" data-fontsize=\"32\" data-lineheight=\"41.6px\"><b>ALLGEMEINE GARANTIE F\u00dcR ALLE PRODUKTE<\/b><\/h3>\n<p>Bis zum Beweis des Gegenteils wird davon ausgegangen, dass die Produkte dem Vertrag entsprechen, sofern sie alle nachstehend aufgef\u00fchrten Anforderungen erf\u00fcllen:<\/p>\n<ul>\n<li>1.-Sie entsprechen der Beschreibung des Verk\u00e4ufers und weisen die Eigenschaften des Produkts auf, das der Verk\u00e4ufer dem Verbraucher und Nutzer auf der Website pr\u00e4sentiert hat.<\/li>\n<li>2.-Sie eignen sich f\u00fcr die Verwendungszwecke, f\u00fcr die Produkte gleicher Art \u00fcblicherweise vorgesehen sind.<\/li>\n<li>3.-Sie stellen die \u00fcbliche Qualit\u00e4t und Leistung eines Produkts der gleichen Art dar, die der Verbraucher und Benutzer unter Ber\u00fccksichtigung der Art des Produkts vern\u00fcnftigerweise erwarten kann.<\/li>\n<\/ul>\n<\/div>\n<\/div><\/div><\/div><\/div><\/div>\n","protected":false},"excerpt":{"rendered":"","protected":false},"author":1,"featured_media":3494,"parent":0,"menu_order":0,"comment_status":"closed","ping_status":"closed","template":"100-width.php","meta":{"footnotes":""},"class_list":["post-3542","page","type-page","status-publish","has-post-thumbnail","hentry"],"yoast_head":"<!-- This site is optimized with the Yoast SEO plugin v23.5 - https:\/\/yoast.com\/wordpress\/plugins\/seo\/ -->\n<title>Einkaufsbedingungen - Turri\u00f3n Solutions<\/title>\n<meta name=\"robots\" content=\"index, follow, max-snippet:-1, max-image-preview:large, max-video-preview:-1\" \/>\n<link rel=\"canonical\" href=\"https:\/\/turrionsolutions.com\/de\/einkaufsbedingungen\/\" \/>\n<meta property=\"og:locale\" content=\"de_DE\" \/>\n<meta property=\"og:type\" content=\"article\" \/>\n<meta property=\"og:title\" content=\"Einkaufsbedingungen - Turri\u00f3n Solutions\" \/>\n<meta property=\"og:url\" content=\"https:\/\/turrionsolutions.com\/de\/einkaufsbedingungen\/\" \/>\n<meta property=\"og:site_name\" content=\"Turri\u00f3n Solutions\" \/>\n<meta property=\"article:modified_time\" content=\"2024-12-19T16:37:18+00:00\" \/>\n<meta property=\"og:image\" content=\"https:\/\/turrionsolutions.com\/wp-content\/uploads\/2024\/02\/header-quienes-somos-turrion-solutions.jpg\" \/>\n\t<meta property=\"og:image:width\" content=\"1920\" \/>\n\t<meta property=\"og:image:height\" content=\"448\" \/>\n\t<meta property=\"og:image:type\" content=\"image\/jpeg\" \/>\n<meta name=\"twitter:card\" content=\"summary_large_image\" \/>\n<meta name=\"twitter:label1\" content=\"Gesch\u00e4tzte Lesezeit\" \/>\n\t<meta name=\"twitter:data1\" content=\"5\u00a0Minuten\" \/>\n<script type=\"application\/ld+json\" class=\"yoast-schema-graph\">{\"@context\":\"https:\/\/schema.org\",\"@graph\":[{\"@type\":\"WebPage\",\"@id\":\"https:\/\/turrionsolutions.com\/de\/einkaufsbedingungen\/\",\"url\":\"https:\/\/turrionsolutions.com\/de\/einkaufsbedingungen\/\",\"name\":\"Einkaufsbedingungen - Turri\u00f3n Solutions\",\"isPartOf\":{\"@id\":\"https:\/\/turrionsolutions.com\/de\/#website\"},\"primaryImageOfPage\":{\"@id\":\"https:\/\/turrionsolutions.com\/de\/einkaufsbedingungen\/#primaryimage\"},\"image\":{\"@id\":\"https:\/\/turrionsolutions.com\/de\/einkaufsbedingungen\/#primaryimage\"},\"thumbnailUrl\":\"https:\/\/turrionsolutions.com\/wp-content\/uploads\/2024\/02\/header-quienes-somos-turrion-solutions.jpg\",\"datePublished\":\"2024-02-12T12:08:59+00:00\",\"dateModified\":\"2024-12-19T16:37:18+00:00\",\"breadcrumb\":{\"@id\":\"https:\/\/turrionsolutions.com\/de\/einkaufsbedingungen\/#breadcrumb\"},\"inLanguage\":\"de\",\"potentialAction\":[{\"@type\":\"ReadAction\",\"target\":[\"https:\/\/turrionsolutions.com\/de\/einkaufsbedingungen\/\"]}]},{\"@type\":\"ImageObject\",\"inLanguage\":\"de\",\"@id\":\"https:\/\/turrionsolutions.com\/de\/einkaufsbedingungen\/#primaryimage\",\"url\":\"https:\/\/turrionsolutions.com\/wp-content\/uploads\/2024\/02\/header-quienes-somos-turrion-solutions.jpg\",\"contentUrl\":\"https:\/\/turrionsolutions.com\/wp-content\/uploads\/2024\/02\/header-quienes-somos-turrion-solutions.jpg\",\"width\":1920,\"height\":448},{\"@type\":\"BreadcrumbList\",\"@id\":\"https:\/\/turrionsolutions.com\/de\/einkaufsbedingungen\/#breadcrumb\",\"itemListElement\":[{\"@type\":\"ListItem\",\"position\":1,\"name\":\"Portada\",\"item\":\"https:\/\/turrionsolutions.com\/de\/\"},{\"@type\":\"ListItem\",\"position\":2,\"name\":\"Einkaufsbedingungen\"}]},{\"@type\":\"WebSite\",\"@id\":\"https:\/\/turrionsolutions.com\/de\/#website\",\"url\":\"https:\/\/turrionsolutions.com\/de\/\",\"name\":\"Turri\u00f3n Solutions\",\"description\":\"\",\"potentialAction\":[{\"@type\":\"SearchAction\",\"target\":{\"@type\":\"EntryPoint\",\"urlTemplate\":\"https:\/\/turrionsolutions.com\/de\/?s={search_term_string}\"},\"query-input\":{\"@type\":\"PropertyValueSpecification\",\"valueRequired\":true,\"valueName\":\"search_term_string\"}}],\"inLanguage\":\"de\"}]}<\/script>\n<!-- \/ Yoast SEO plugin. -->","yoast_head_json":{"title":"Einkaufsbedingungen - Turri\u00f3n Solutions","robots":{"index":"index","follow":"follow","max-snippet":"max-snippet:-1","max-image-preview":"max-image-preview:large","max-video-preview":"max-video-preview:-1"},"canonical":"https:\/\/turrionsolutions.com\/de\/einkaufsbedingungen\/","og_locale":"de_DE","og_type":"article","og_title":"Einkaufsbedingungen - Turri\u00f3n Solutions","og_url":"https:\/\/turrionsolutions.com\/de\/einkaufsbedingungen\/","og_site_name":"Turri\u00f3n Solutions","article_modified_time":"2024-12-19T16:37:18+00:00","og_image":[{"width":1920,"height":448,"url":"https:\/\/turrionsolutions.com\/wp-content\/uploads\/2024\/02\/header-quienes-somos-turrion-solutions.jpg","type":"image\/jpeg"}],"twitter_card":"summary_large_image","twitter_misc":{"Gesch\u00e4tzte Lesezeit":"5\u00a0Minuten"},"schema":{"@context":"https:\/\/schema.org","@graph":[{"@type":"WebPage","@id":"https:\/\/turrionsolutions.com\/de\/einkaufsbedingungen\/","url":"https:\/\/turrionsolutions.com\/de\/einkaufsbedingungen\/","name":"Einkaufsbedingungen - Turri\u00f3n Solutions","isPartOf":{"@id":"https:\/\/turrionsolutions.com\/de\/#website"},"primaryImageOfPage":{"@id":"https:\/\/turrionsolutions.com\/de\/einkaufsbedingungen\/#primaryimage"},"image":{"@id":"https:\/\/turrionsolutions.com\/de\/einkaufsbedingungen\/#primaryimage"},"thumbnailUrl":"https:\/\/turrionsolutions.com\/wp-content\/uploads\/2024\/02\/header-quienes-somos-turrion-solutions.jpg","datePublished":"2024-02-12T12:08:59+00:00","dateModified":"2024-12-19T16:37:18+00:00","breadcrumb":{"@id":"https:\/\/turrionsolutions.com\/de\/einkaufsbedingungen\/#breadcrumb"},"inLanguage":"de","potentialAction":[{"@type":"ReadAction","target":["https:\/\/turrionsolutions.com\/de\/einkaufsbedingungen\/"]}]},{"@type":"ImageObject","inLanguage":"de","@id":"https:\/\/turrionsolutions.com\/de\/einkaufsbedingungen\/#primaryimage","url":"https:\/\/turrionsolutions.com\/wp-content\/uploads\/2024\/02\/header-quienes-somos-turrion-solutions.jpg","contentUrl":"https:\/\/turrionsolutions.com\/wp-content\/uploads\/2024\/02\/header-quienes-somos-turrion-solutions.jpg","width":1920,"height":448},{"@type":"BreadcrumbList","@id":"https:\/\/turrionsolutions.com\/de\/einkaufsbedingungen\/#breadcrumb","itemListElement":[{"@type":"ListItem","position":1,"name":"Portada","item":"https:\/\/turrionsolutions.com\/de\/"},{"@type":"ListItem","position":2,"name":"Einkaufsbedingungen"}]},{"@type":"WebSite","@id":"https:\/\/turrionsolutions.com\/de\/#website","url":"https:\/\/turrionsolutions.com\/de\/","name":"Turri\u00f3n Solutions","description":"","potentialAction":[{"@type":"SearchAction","target":{"@type":"EntryPoint","urlTemplate":"https:\/\/turrionsolutions.com\/de\/?s={search_term_string}"},"query-input":{"@type":"PropertyValueSpecification","valueRequired":true,"valueName":"search_term_string"}}],"inLanguage":"de"}]}},"_links":{"self":[{"href":"https:\/\/turrionsolutions.com\/de\/wp-json\/wp\/v2\/pages\/3542","targetHints":{"allow":["GET"]}}],"collection":[{"href":"https:\/\/turrionsolutions.com\/de\/wp-json\/wp\/v2\/pages"}],"about":[{"href":"https:\/\/turrionsolutions.com\/de\/wp-json\/wp\/v2\/types\/page"}],"author":[{"embeddable":true,"href":"https:\/\/turrionsolutions.com\/de\/wp-json\/wp\/v2\/users\/1"}],"replies":[{"embeddable":true,"href":"https:\/\/turrionsolutions.com\/de\/wp-json\/wp\/v2\/comments?post=3542"}],"version-history":[{"count":4,"href":"https:\/\/turrionsolutions.com\/de\/wp-json\/wp\/v2\/pages\/3542\/revisions"}],"predecessor-version":[{"id":3546,"href":"https:\/\/turrionsolutions.com\/de\/wp-json\/wp\/v2\/pages\/3542\/revisions\/3546"}],"wp:featuredmedia":[{"embeddable":true,"href":"https:\/\/turrionsolutions.com\/de\/wp-json\/wp\/v2\/media\/3494"}],"wp:attachment":[{"href":"https:\/\/turrionsolutions.com\/de\/wp-json\/wp\/v2\/media?parent=3542"}],"curies":[{"name":"wp","href":"https:\/\/api.w.org\/{rel}","templated":true}]}}