{"id":3156,"date":"2024-11-20T10:17:16","date_gmt":"2024-11-20T09:17:16","guid":{"rendered":"https:\/\/turrionsolutions.com\/?post_type=product&#038;p=3156"},"modified":"2025-03-09T18:47:49","modified_gmt":"2025-03-09T17:47:49","slug":"pistola-de-aplicacion","status":"publish","type":"product","link":"https:\/\/turrionsolutions.com\/de\/producto\/pistola-de-aplicacion\/","title":{"rendered":"Pistola de aplicaci\u00f3n"},"content":{"rendered":"<p>Pistola para la aplicaci\u00f3n del jab\u00f3n. Accesorio para<em> Karcher.<\/em><br \/>\nEntrada de pistola: accesorio de entrada de rosca M22-14 (di\u00e1metro interior 14 mm).<br \/>\nTipo de conexi\u00f3n de salida: M22-14<\/p>\n","protected":false},"excerpt":{"rendered":"<p>Pistola para la aplicaci\u00f3n del jab\u00f3n espumante. Accesorio para Karcher.<\/p>\n","protected":false},"featured_media":3157,"comment_status":"open","ping_status":"closed","template":"","meta":[],"product_cat":[25],"product_tag":[],"class_list":{"0":"post-3156","1":"product","2":"type-product","3":"status-publish","4":"has-post-thumbnail","6":"product_cat-sin-categorizar","8":"first","9":"instock","10":"taxable","11":"shipping-taxable","12":"purchasable","13":"product-type-simple"},"yoast_head":"<!-- This site is optimized with the Yoast SEO plugin v23.5 - https:\/\/yoast.com\/wordpress\/plugins\/seo\/ -->\n<title>Pistola de aplicaci\u00f3n - Turri\u00f3n Solutions<\/title>\n<meta name=\"robots\" content=\"index, follow, max-snippet:-1, max-image-preview:large, max-video-preview:-1\" \/>\n<link rel=\"canonical\" href=\"https:\/\/turrionsolutions.com\/de\/producto\/pistola-de-aplicacion\/\" \/>\n<meta property=\"og:locale\" content=\"de_DE\" \/>\n<meta property=\"og:type\" content=\"article\" \/>\n<meta property=\"og:title\" content=\"Pistola de aplicaci\u00f3n - Turri\u00f3n Solutions\" \/>\n<meta property=\"og:description\" content=\"Pistola para la aplicaci\u00f3n del jab\u00f3n espumante. Accesorio para Karcher.\" \/>\n<meta property=\"og:url\" content=\"https:\/\/turrionsolutions.com\/de\/producto\/pistola-de-aplicacion\/\" \/>\n<meta property=\"og:site_name\" content=\"Turri\u00f3n Solutions\" \/>\n<meta property=\"article:modified_time\" content=\"2025-03-09T17:47:49+00:00\" \/>\n<meta property=\"og:image\" content=\"https:\/\/turrionsolutions.com\/wp-content\/uploads\/2024\/11\/Pistola-de-Aplicacion.png\" \/>\n\t<meta property=\"og:image:width\" content=\"1155\" \/>\n\t<meta property=\"og:image:height\" content=\"832\" \/>\n\t<meta property=\"og:image:type\" content=\"image\/png\" \/>\n<meta name=\"twitter:card\" content=\"summary_large_image\" \/>\n<meta name=\"twitter:label1\" content=\"Gesch\u00e4tzte Lesezeit\" \/>\n\t<meta name=\"twitter:data1\" content=\"1\u00a0Minute\" \/>\n<script type=\"application\/ld+json\" class=\"yoast-schema-graph\">{\"@context\":\"https:\/\/schema.org\",\"@graph\":[{\"@type\":\"WebPage\",\"@id\":\"https:\/\/turrionsolutions.com\/de\/producto\/pistola-de-aplicacion\/\",\"url\":\"https:\/\/turrionsolutions.com\/de\/producto\/pistola-de-aplicacion\/\",\"name\":\"Pistola de aplicaci\u00f3n - Turri\u00f3n Solutions\",\"isPartOf\":{\"@id\":\"https:\/\/turrionsolutions.com\/de\/#website\"},\"primaryImageOfPage\":{\"@id\":\"https:\/\/turrionsolutions.com\/de\/producto\/pistola-de-aplicacion\/#primaryimage\"},\"image\":{\"@id\":\"https:\/\/turrionsolutions.com\/de\/producto\/pistola-de-aplicacion\/#primaryimage\"},\"thumbnailUrl\":\"https:\/\/turrionsolutions.com\/wp-content\/uploads\/2024\/11\/Pistola-de-Aplicacion.png\",\"datePublished\":\"2024-11-20T09:17:16+00:00\",\"dateModified\":\"2025-03-09T17:47:49+00:00\",\"breadcrumb\":{\"@id\":\"https:\/\/turrionsolutions.com\/de\/producto\/pistola-de-aplicacion\/#breadcrumb\"},\"inLanguage\":\"de\",\"potentialAction\":[{\"@type\":\"ReadAction\",\"target\":[\"https:\/\/turrionsolutions.com\/de\/producto\/pistola-de-aplicacion\/\"]}]},{\"@type\":\"ImageObject\",\"inLanguage\":\"de\",\"@id\":\"https:\/\/turrionsolutions.com\/de\/producto\/pistola-de-aplicacion\/#primaryimage\",\"url\":\"https:\/\/turrionsolutions.com\/wp-content\/uploads\/2024\/11\/Pistola-de-Aplicacion.png\",\"contentUrl\":\"https:\/\/turrionsolutions.com\/wp-content\/uploads\/2024\/11\/Pistola-de-Aplicacion.png\",\"width\":1155,\"height\":832},{\"@type\":\"BreadcrumbList\",\"@id\":\"https:\/\/turrionsolutions.com\/de\/producto\/pistola-de-aplicacion\/#breadcrumb\",\"itemListElement\":[{\"@type\":\"ListItem\",\"position\":1,\"name\":\"Portada\",\"item\":\"https:\/\/turrionsolutions.com\/de\/\"},{\"@type\":\"ListItem\",\"position\":2,\"name\":\"Tienda\",\"item\":\"https:\/\/turrionsolutions.com\/tienda\/\"},{\"@type\":\"ListItem\",\"position\":3,\"name\":\"Pistola de aplicaci\u00f3n\"}]},{\"@type\":\"WebSite\",\"@id\":\"https:\/\/turrionsolutions.com\/de\/#website\",\"url\":\"https:\/\/turrionsolutions.com\/de\/\",\"name\":\"Turri\u00f3n Solutions\",\"description\":\"\",\"potentialAction\":[{\"@type\":\"SearchAction\",\"target\":{\"@type\":\"EntryPoint\",\"urlTemplate\":\"https:\/\/turrionsolutions.com\/de\/?s={search_term_string}\"},\"query-input\":{\"@type\":\"PropertyValueSpecification\",\"valueRequired\":true,\"valueName\":\"search_term_string\"}}],\"inLanguage\":\"de\"}]}<\/script>\n<!-- \/ Yoast SEO plugin. -->","yoast_head_json":{"title":"Pistola de aplicaci\u00f3n - Turri\u00f3n Solutions","robots":{"index":"index","follow":"follow","max-snippet":"max-snippet:-1","max-image-preview":"max-image-preview:large","max-video-preview":"max-video-preview:-1"},"canonical":"https:\/\/turrionsolutions.com\/de\/producto\/pistola-de-aplicacion\/","og_locale":"de_DE","og_type":"article","og_title":"Pistola de aplicaci\u00f3n - Turri\u00f3n Solutions","og_description":"Pistola para la aplicaci\u00f3n del jab\u00f3n espumante. Accesorio para Karcher.","og_url":"https:\/\/turrionsolutions.com\/de\/producto\/pistola-de-aplicacion\/","og_site_name":"Turri\u00f3n Solutions","article_modified_time":"2025-03-09T17:47:49+00:00","og_image":[{"width":1155,"height":832,"url":"https:\/\/turrionsolutions.com\/wp-content\/uploads\/2024\/11\/Pistola-de-Aplicacion.png","type":"image\/png"}],"twitter_card":"summary_large_image","twitter_misc":{"Gesch\u00e4tzte Lesezeit":"1\u00a0Minute"},"schema":{"@context":"https:\/\/schema.org","@graph":[{"@type":"WebPage","@id":"https:\/\/turrionsolutions.com\/de\/producto\/pistola-de-aplicacion\/","url":"https:\/\/turrionsolutions.com\/de\/producto\/pistola-de-aplicacion\/","name":"Pistola de aplicaci\u00f3n - Turri\u00f3n Solutions","isPartOf":{"@id":"https:\/\/turrionsolutions.com\/de\/#website"},"primaryImageOfPage":{"@id":"https:\/\/turrionsolutions.com\/de\/producto\/pistola-de-aplicacion\/#primaryimage"},"image":{"@id":"https:\/\/turrionsolutions.com\/de\/producto\/pistola-de-aplicacion\/#primaryimage"},"thumbnailUrl":"https:\/\/turrionsolutions.com\/wp-content\/uploads\/2024\/11\/Pistola-de-Aplicacion.png","datePublished":"2024-11-20T09:17:16+00:00","dateModified":"2025-03-09T17:47:49+00:00","breadcrumb":{"@id":"https:\/\/turrionsolutions.com\/de\/producto\/pistola-de-aplicacion\/#breadcrumb"},"inLanguage":"de","potentialAction":[{"@type":"ReadAction","target":["https:\/\/turrionsolutions.com\/de\/producto\/pistola-de-aplicacion\/"]}]},{"@type":"ImageObject","inLanguage":"de","@id":"https:\/\/turrionsolutions.com\/de\/producto\/pistola-de-aplicacion\/#primaryimage","url":"https:\/\/turrionsolutions.com\/wp-content\/uploads\/2024\/11\/Pistola-de-Aplicacion.png","contentUrl":"https:\/\/turrionsolutions.com\/wp-content\/uploads\/2024\/11\/Pistola-de-Aplicacion.png","width":1155,"height":832},{"@type":"BreadcrumbList","@id":"https:\/\/turrionsolutions.com\/de\/producto\/pistola-de-aplicacion\/#breadcrumb","itemListElement":[{"@type":"ListItem","position":1,"name":"Portada","item":"https:\/\/turrionsolutions.com\/de\/"},{"@type":"ListItem","position":2,"name":"Tienda","item":"https:\/\/turrionsolutions.com\/tienda\/"},{"@type":"ListItem","position":3,"name":"Pistola de aplicaci\u00f3n"}]},{"@type":"WebSite","@id":"https:\/\/turrionsolutions.com\/de\/#website","url":"https:\/\/turrionsolutions.com\/de\/","name":"Turri\u00f3n Solutions","description":"","potentialAction":[{"@type":"SearchAction","target":{"@type":"EntryPoint","urlTemplate":"https:\/\/turrionsolutions.com\/de\/?s={search_term_string}"},"query-input":{"@type":"PropertyValueSpecification","valueRequired":true,"valueName":"search_term_string"}}],"inLanguage":"de"}]}},"_links":{"self":[{"href":"https:\/\/turrionsolutions.com\/de\/wp-json\/wp\/v2\/product\/3156","targetHints":{"allow":["GET"]}}],"collection":[{"href":"https:\/\/turrionsolutions.com\/de\/wp-json\/wp\/v2\/product"}],"about":[{"href":"https:\/\/turrionsolutions.com\/de\/wp-json\/wp\/v2\/types\/product"}],"replies":[{"embeddable":true,"href":"https:\/\/turrionsolutions.com\/de\/wp-json\/wp\/v2\/comments?post=3156"}],"wp:featuredmedia":[{"embeddable":true,"href":"https:\/\/turrionsolutions.com\/de\/wp-json\/wp\/v2\/media\/3157"}],"wp:attachment":[{"href":"https:\/\/turrionsolutions.com\/de\/wp-json\/wp\/v2\/media?parent=3156"}],"wp:term":[{"taxonomy":"product_cat","embeddable":true,"href":"https:\/\/turrionsolutions.com\/de\/wp-json\/wp\/v2\/product_cat?post=3156"},{"taxonomy":"product_tag","embeddable":true,"href":"https:\/\/turrionsolutions.com\/de\/wp-json\/wp\/v2\/product_tag?post=3156"}],"curies":[{"name":"wp","href":"https:\/\/api.w.org\/{rel}","templated":true}]}}