{"id":3548,"date":"2024-07-16T12:06:16","date_gmt":"2024-07-16T10:06:16","guid":{"rendered":"https:\/\/turrionsolutions.com\/producto\/pack-ts-pro-foam-radiator\/"},"modified":"2024-07-16T12:06:16","modified_gmt":"2024-07-16T10:06:16","slug":"pack-ts-pro-foam-radiator","status":"publish","type":"product","link":"https:\/\/turrionsolutions.com\/de\/producto\/pack-ts-pro-foam-radiator\/","title":{"rendered":"PACK TS PRO FOAM + RADIATOR"},"content":{"rendered":"<p>Unsere beiden revolution\u00e4rsten Produkte sind jetzt vereint. Verpassen Sie nicht die Gelegenheit, K\u00fchlerreiniger und TS PRO FOAM zu einem g\u00fcnstigeren Preis zu erwerben.<\/p>\n<p>Radiator Cleaner, der K\u00fchler- und K\u00fchlsystemreiniger, der die Welt der Reinigung von Land-, Industrie- und Transportmaschinen ver\u00e4ndert.<\/p>\n<p>TS PRO FOAM, unsere Schaum-K\u00f6rperseife, erm\u00f6glicht eine m\u00fchelose Reinigung mit beeindruckenden Ergebnissen und respektiert stets den Glanz Ihres K\u00f6rpers.<\/p>\n","protected":false},"excerpt":{"rendered":"<p>Die Packung enth\u00e4lt:<\/p>\n<p>1 TS PRO FOAM (K\u00f6rperseife)<\/p>\n<p>1 RADIATOR CLEANER (K\u00fchler- und K\u00fchlsystemreiniger von au\u00dfen)<\/p>\n","protected":false},"featured_media":3550,"comment_status":"open","ping_status":"closed","template":"","meta":[],"product_cat":[57],"product_tag":[],"class_list":{"0":"post-3548","1":"product","2":"type-product","3":"status-publish","4":"has-post-thumbnail","6":"product_cat-nicht-kategorisiert","8":"first","9":"instock","10":"sale","11":"purchasable","12":"product-type-simple"},"yoast_head":"<!-- This site is optimized with the Yoast SEO plugin v23.5 - https:\/\/yoast.com\/wordpress\/plugins\/seo\/ -->\n<title>PACK TS PRO FOAM + RADIATOR - Turri\u00f3n Solutions<\/title>\n<meta name=\"robots\" content=\"index, follow, max-snippet:-1, max-image-preview:large, max-video-preview:-1\" \/>\n<link rel=\"canonical\" href=\"https:\/\/turrionsolutions.com\/de\/producto\/pack-ts-pro-foam-radiator\/\" \/>\n<meta property=\"og:locale\" content=\"de_DE\" \/>\n<meta property=\"og:type\" content=\"article\" \/>\n<meta property=\"og:title\" content=\"PACK TS PRO FOAM + RADIATOR - Turri\u00f3n Solutions\" \/>\n<meta property=\"og:description\" content=\"Die Packung enth\u00e4lt: 1 TS PRO FOAM (K\u00f6rperseife) 1 RADIATOR CLEANER (K\u00fchler- und K\u00fchlsystemreiniger von au\u00dfen)\" \/>\n<meta property=\"og:url\" content=\"https:\/\/turrionsolutions.com\/de\/producto\/pack-ts-pro-foam-radiator\/\" \/>\n<meta property=\"og:site_name\" content=\"Turri\u00f3n Solutions\" \/>\n<meta property=\"og:image\" content=\"https:\/\/turrionsolutions.com\/wp-content\/uploads\/2024\/07\/WhatsApp-Image-2024-07-16-at-10.02.49-1.jpeg\" \/>\n\t<meta property=\"og:image:width\" content=\"1152\" \/>\n\t<meta property=\"og:image:height\" content=\"2048\" \/>\n\t<meta property=\"og:image:type\" content=\"image\/jpeg\" \/>\n<meta name=\"twitter:card\" content=\"summary_large_image\" \/>\n<script type=\"application\/ld+json\" class=\"yoast-schema-graph\">{\"@context\":\"https:\/\/schema.org\",\"@graph\":[{\"@type\":\"WebPage\",\"@id\":\"https:\/\/turrionsolutions.com\/de\/producto\/pack-ts-pro-foam-radiator\/\",\"url\":\"https:\/\/turrionsolutions.com\/de\/producto\/pack-ts-pro-foam-radiator\/\",\"name\":\"PACK TS PRO FOAM + RADIATOR - Turri\u00f3n Solutions\",\"isPartOf\":{\"@id\":\"https:\/\/turrionsolutions.com\/de\/#website\"},\"primaryImageOfPage\":{\"@id\":\"https:\/\/turrionsolutions.com\/de\/producto\/pack-ts-pro-foam-radiator\/#primaryimage\"},\"image\":{\"@id\":\"https:\/\/turrionsolutions.com\/de\/producto\/pack-ts-pro-foam-radiator\/#primaryimage\"},\"thumbnailUrl\":\"https:\/\/turrionsolutions.com\/wp-content\/uploads\/2024\/07\/WhatsApp-Image-2024-07-16-at-10.02.49-1.jpeg\",\"datePublished\":\"2024-07-16T10:06:16+00:00\",\"dateModified\":\"2024-07-16T10:06:16+00:00\",\"breadcrumb\":{\"@id\":\"https:\/\/turrionsolutions.com\/de\/producto\/pack-ts-pro-foam-radiator\/#breadcrumb\"},\"inLanguage\":\"de\",\"potentialAction\":[{\"@type\":\"ReadAction\",\"target\":[\"https:\/\/turrionsolutions.com\/de\/producto\/pack-ts-pro-foam-radiator\/\"]}]},{\"@type\":\"ImageObject\",\"inLanguage\":\"de\",\"@id\":\"https:\/\/turrionsolutions.com\/de\/producto\/pack-ts-pro-foam-radiator\/#primaryimage\",\"url\":\"https:\/\/turrionsolutions.com\/wp-content\/uploads\/2024\/07\/WhatsApp-Image-2024-07-16-at-10.02.49-1.jpeg\",\"contentUrl\":\"https:\/\/turrionsolutions.com\/wp-content\/uploads\/2024\/07\/WhatsApp-Image-2024-07-16-at-10.02.49-1.jpeg\",\"width\":1152,\"height\":2048},{\"@type\":\"BreadcrumbList\",\"@id\":\"https:\/\/turrionsolutions.com\/de\/producto\/pack-ts-pro-foam-radiator\/#breadcrumb\",\"itemListElement\":[{\"@type\":\"ListItem\",\"position\":1,\"name\":\"Portada\",\"item\":\"https:\/\/turrionsolutions.com\/de\/\"},{\"@type\":\"ListItem\",\"position\":2,\"name\":\"Tienda\",\"item\":\"https:\/\/turrionsolutions.com\/tienda\/\"},{\"@type\":\"ListItem\",\"position\":3,\"name\":\"PACK TS PRO FOAM + RADIATOR\"}]},{\"@type\":\"WebSite\",\"@id\":\"https:\/\/turrionsolutions.com\/de\/#website\",\"url\":\"https:\/\/turrionsolutions.com\/de\/\",\"name\":\"Turri\u00f3n Solutions\",\"description\":\"\",\"potentialAction\":[{\"@type\":\"SearchAction\",\"target\":{\"@type\":\"EntryPoint\",\"urlTemplate\":\"https:\/\/turrionsolutions.com\/de\/?s={search_term_string}\"},\"query-input\":{\"@type\":\"PropertyValueSpecification\",\"valueRequired\":true,\"valueName\":\"search_term_string\"}}],\"inLanguage\":\"de\"}]}<\/script>\n<!-- \/ Yoast SEO plugin. -->","yoast_head_json":{"title":"PACK TS PRO FOAM + RADIATOR - Turri\u00f3n Solutions","robots":{"index":"index","follow":"follow","max-snippet":"max-snippet:-1","max-image-preview":"max-image-preview:large","max-video-preview":"max-video-preview:-1"},"canonical":"https:\/\/turrionsolutions.com\/de\/producto\/pack-ts-pro-foam-radiator\/","og_locale":"de_DE","og_type":"article","og_title":"PACK TS PRO FOAM + RADIATOR - Turri\u00f3n Solutions","og_description":"Die Packung enth\u00e4lt: 1 TS PRO FOAM (K\u00f6rperseife) 1 RADIATOR CLEANER (K\u00fchler- und K\u00fchlsystemreiniger von au\u00dfen)","og_url":"https:\/\/turrionsolutions.com\/de\/producto\/pack-ts-pro-foam-radiator\/","og_site_name":"Turri\u00f3n Solutions","og_image":[{"width":1152,"height":2048,"url":"https:\/\/turrionsolutions.com\/wp-content\/uploads\/2024\/07\/WhatsApp-Image-2024-07-16-at-10.02.49-1.jpeg","type":"image\/jpeg"}],"twitter_card":"summary_large_image","schema":{"@context":"https:\/\/schema.org","@graph":[{"@type":"WebPage","@id":"https:\/\/turrionsolutions.com\/de\/producto\/pack-ts-pro-foam-radiator\/","url":"https:\/\/turrionsolutions.com\/de\/producto\/pack-ts-pro-foam-radiator\/","name":"PACK TS PRO FOAM + RADIATOR - Turri\u00f3n Solutions","isPartOf":{"@id":"https:\/\/turrionsolutions.com\/de\/#website"},"primaryImageOfPage":{"@id":"https:\/\/turrionsolutions.com\/de\/producto\/pack-ts-pro-foam-radiator\/#primaryimage"},"image":{"@id":"https:\/\/turrionsolutions.com\/de\/producto\/pack-ts-pro-foam-radiator\/#primaryimage"},"thumbnailUrl":"https:\/\/turrionsolutions.com\/wp-content\/uploads\/2024\/07\/WhatsApp-Image-2024-07-16-at-10.02.49-1.jpeg","datePublished":"2024-07-16T10:06:16+00:00","dateModified":"2024-07-16T10:06:16+00:00","breadcrumb":{"@id":"https:\/\/turrionsolutions.com\/de\/producto\/pack-ts-pro-foam-radiator\/#breadcrumb"},"inLanguage":"de","potentialAction":[{"@type":"ReadAction","target":["https:\/\/turrionsolutions.com\/de\/producto\/pack-ts-pro-foam-radiator\/"]}]},{"@type":"ImageObject","inLanguage":"de","@id":"https:\/\/turrionsolutions.com\/de\/producto\/pack-ts-pro-foam-radiator\/#primaryimage","url":"https:\/\/turrionsolutions.com\/wp-content\/uploads\/2024\/07\/WhatsApp-Image-2024-07-16-at-10.02.49-1.jpeg","contentUrl":"https:\/\/turrionsolutions.com\/wp-content\/uploads\/2024\/07\/WhatsApp-Image-2024-07-16-at-10.02.49-1.jpeg","width":1152,"height":2048},{"@type":"BreadcrumbList","@id":"https:\/\/turrionsolutions.com\/de\/producto\/pack-ts-pro-foam-radiator\/#breadcrumb","itemListElement":[{"@type":"ListItem","position":1,"name":"Portada","item":"https:\/\/turrionsolutions.com\/de\/"},{"@type":"ListItem","position":2,"name":"Tienda","item":"https:\/\/turrionsolutions.com\/tienda\/"},{"@type":"ListItem","position":3,"name":"PACK TS PRO FOAM + RADIATOR"}]},{"@type":"WebSite","@id":"https:\/\/turrionsolutions.com\/de\/#website","url":"https:\/\/turrionsolutions.com\/de\/","name":"Turri\u00f3n Solutions","description":"","potentialAction":[{"@type":"SearchAction","target":{"@type":"EntryPoint","urlTemplate":"https:\/\/turrionsolutions.com\/de\/?s={search_term_string}"},"query-input":{"@type":"PropertyValueSpecification","valueRequired":true,"valueName":"search_term_string"}}],"inLanguage":"de"}]}},"_links":{"self":[{"href":"https:\/\/turrionsolutions.com\/de\/wp-json\/wp\/v2\/product\/3548","targetHints":{"allow":["GET"]}}],"collection":[{"href":"https:\/\/turrionsolutions.com\/de\/wp-json\/wp\/v2\/product"}],"about":[{"href":"https:\/\/turrionsolutions.com\/de\/wp-json\/wp\/v2\/types\/product"}],"replies":[{"embeddable":true,"href":"https:\/\/turrionsolutions.com\/de\/wp-json\/wp\/v2\/comments?post=3548"}],"wp:featuredmedia":[{"embeddable":true,"href":"https:\/\/turrionsolutions.com\/de\/wp-json\/wp\/v2\/media\/3550"}],"wp:attachment":[{"href":"https:\/\/turrionsolutions.com\/de\/wp-json\/wp\/v2\/media?parent=3548"}],"wp:term":[{"taxonomy":"product_cat","embeddable":true,"href":"https:\/\/turrionsolutions.com\/de\/wp-json\/wp\/v2\/product_cat?post=3548"},{"taxonomy":"product_tag","embeddable":true,"href":"https:\/\/turrionsolutions.com\/de\/wp-json\/wp\/v2\/product_tag?post=3548"}],"curies":[{"name":"wp","href":"https:\/\/api.w.org\/{rel}","templated":true}]}}