{"id":3553,"date":"2024-04-27T22:14:01","date_gmt":"2024-04-27T20:14:01","guid":{"rendered":"https:\/\/turrionsolutions.com\/producto\/reinigungspaket\/"},"modified":"2024-04-27T22:14:01","modified_gmt":"2024-04-27T20:14:01","slug":"reinigungspaket","status":"publish","type":"product","link":"https:\/\/turrionsolutions.com\/de\/producto\/reinigungspaket\/","title":{"rendered":"Reinigungspaket"},"content":{"rendered":"<p>Genie\u00dfen Sie dieses Paket, das die Reinigung zu einem beneidenswerten Preis erleichtert.<\/p>\n<p>Mit unserem Reinigungspaket erzielen Sie optimale Ergebnisse, ohne viel Zeit und Geld investieren zu m\u00fcssen.<\/p>\n<p>Das Paket besteht aus:<\/p>\n<p>1 Turri\u00f3n EcoSoap, mit der Sie alle Arten von Fetten, verbrannten \u00d6len usw. schnell und effektiv reinigen und entfernen k\u00f6nnen. Schont die Haut und hinterl\u00e4sst ein angenehmes und anhaltendes Gef\u00fchl von Weichheit.<\/p>\n<p>1 Glasreiniger, um die Fenster auch bei direkter Sonneneinstrahlung schnell und streifenfrei reinigen zu k\u00f6nnen.<\/p>\n<p>1 professionelles Spr\u00fchger\u00e4t, mit dem Sie dank der Regulierkappe Ihren Fensterreiniger oder die von Ihnen bevorzugte Fl\u00fcssigkeit gleichm\u00e4\u00dfig und mit der von Ihnen festgelegten Durchflussmenge auftragen k\u00f6nnen.<\/p>\n","protected":false},"excerpt":{"rendered":"<p>Das Paket besteht aus:<\/p>\n<p>1 Turri\u00f3n EcoJab\u00f3n 5 kg mit Spender im Lieferumfang enthalten<\/p>\n<p>1 Glasreiniger 5L<\/p>\n<p>1 professionelles Spr\u00fchger\u00e4t 1L<\/p>\n","protected":false},"featured_media":3554,"comment_status":"open","ping_status":"closed","template":"","meta":[],"product_cat":[57],"product_tag":[],"class_list":{"0":"post-3553","1":"product","2":"type-product","3":"status-publish","4":"has-post-thumbnail","6":"product_cat-nicht-kategorisiert","8":"first","9":"instock","10":"sale","11":"purchasable","12":"product-type-simple"},"yoast_head":"<!-- This site is optimized with the Yoast SEO plugin v23.5 - https:\/\/yoast.com\/wordpress\/plugins\/seo\/ -->\n<title>Reinigungspaket - Turri\u00f3n Solutions<\/title>\n<meta name=\"robots\" content=\"index, follow, max-snippet:-1, max-image-preview:large, max-video-preview:-1\" \/>\n<link rel=\"canonical\" href=\"https:\/\/turrionsolutions.com\/de\/producto\/reinigungspaket\/\" \/>\n<meta property=\"og:locale\" content=\"de_DE\" \/>\n<meta property=\"og:type\" content=\"article\" \/>\n<meta property=\"og:title\" content=\"Reinigungspaket - Turri\u00f3n Solutions\" \/>\n<meta property=\"og:description\" content=\"Das Paket besteht aus: 1 Turri\u00f3n EcoJab\u00f3n 5 kg mit Spender im Lieferumfang enthalten 1 Glasreiniger 5L 1 professionelles Spr\u00fchger\u00e4t 1L\" \/>\n<meta property=\"og:url\" content=\"https:\/\/turrionsolutions.com\/de\/producto\/reinigungspaket\/\" \/>\n<meta property=\"og:site_name\" content=\"Turri\u00f3n Solutions\" \/>\n<meta property=\"og:image\" content=\"https:\/\/turrionsolutions.com\/wp-content\/uploads\/2024\/04\/Sujeto-13.png\" \/>\n\t<meta property=\"og:image:width\" content=\"2240\" \/>\n\t<meta property=\"og:image:height\" content=\"2119\" \/>\n\t<meta property=\"og:image:type\" content=\"image\/png\" \/>\n<meta name=\"twitter:card\" content=\"summary_large_image\" \/>\n<meta name=\"twitter:label1\" content=\"Gesch\u00e4tzte Lesezeit\" \/>\n\t<meta name=\"twitter:data1\" content=\"1\u00a0Minute\" \/>\n<script type=\"application\/ld+json\" class=\"yoast-schema-graph\">{\"@context\":\"https:\/\/schema.org\",\"@graph\":[{\"@type\":\"WebPage\",\"@id\":\"https:\/\/turrionsolutions.com\/de\/producto\/reinigungspaket\/\",\"url\":\"https:\/\/turrionsolutions.com\/de\/producto\/reinigungspaket\/\",\"name\":\"Reinigungspaket - Turri\u00f3n Solutions\",\"isPartOf\":{\"@id\":\"https:\/\/turrionsolutions.com\/de\/#website\"},\"primaryImageOfPage\":{\"@id\":\"https:\/\/turrionsolutions.com\/de\/producto\/reinigungspaket\/#primaryimage\"},\"image\":{\"@id\":\"https:\/\/turrionsolutions.com\/de\/producto\/reinigungspaket\/#primaryimage\"},\"thumbnailUrl\":\"https:\/\/turrionsolutions.com\/wp-content\/uploads\/2024\/04\/Sujeto-13.png\",\"datePublished\":\"2024-04-27T20:14:01+00:00\",\"dateModified\":\"2024-04-27T20:14:01+00:00\",\"breadcrumb\":{\"@id\":\"https:\/\/turrionsolutions.com\/de\/producto\/reinigungspaket\/#breadcrumb\"},\"inLanguage\":\"de\",\"potentialAction\":[{\"@type\":\"ReadAction\",\"target\":[\"https:\/\/turrionsolutions.com\/de\/producto\/reinigungspaket\/\"]}]},{\"@type\":\"ImageObject\",\"inLanguage\":\"de\",\"@id\":\"https:\/\/turrionsolutions.com\/de\/producto\/reinigungspaket\/#primaryimage\",\"url\":\"https:\/\/turrionsolutions.com\/wp-content\/uploads\/2024\/04\/Sujeto-13.png\",\"contentUrl\":\"https:\/\/turrionsolutions.com\/wp-content\/uploads\/2024\/04\/Sujeto-13.png\",\"width\":2240,\"height\":2119},{\"@type\":\"BreadcrumbList\",\"@id\":\"https:\/\/turrionsolutions.com\/de\/producto\/reinigungspaket\/#breadcrumb\",\"itemListElement\":[{\"@type\":\"ListItem\",\"position\":1,\"name\":\"Portada\",\"item\":\"https:\/\/turrionsolutions.com\/de\/\"},{\"@type\":\"ListItem\",\"position\":2,\"name\":\"Tienda\",\"item\":\"https:\/\/turrionsolutions.com\/tienda\/\"},{\"@type\":\"ListItem\",\"position\":3,\"name\":\"Reinigungspaket\"}]},{\"@type\":\"WebSite\",\"@id\":\"https:\/\/turrionsolutions.com\/de\/#website\",\"url\":\"https:\/\/turrionsolutions.com\/de\/\",\"name\":\"Turri\u00f3n Solutions\",\"description\":\"\",\"potentialAction\":[{\"@type\":\"SearchAction\",\"target\":{\"@type\":\"EntryPoint\",\"urlTemplate\":\"https:\/\/turrionsolutions.com\/de\/?s={search_term_string}\"},\"query-input\":{\"@type\":\"PropertyValueSpecification\",\"valueRequired\":true,\"valueName\":\"search_term_string\"}}],\"inLanguage\":\"de\"}]}<\/script>\n<!-- \/ Yoast SEO plugin. -->","yoast_head_json":{"title":"Reinigungspaket - Turri\u00f3n Solutions","robots":{"index":"index","follow":"follow","max-snippet":"max-snippet:-1","max-image-preview":"max-image-preview:large","max-video-preview":"max-video-preview:-1"},"canonical":"https:\/\/turrionsolutions.com\/de\/producto\/reinigungspaket\/","og_locale":"de_DE","og_type":"article","og_title":"Reinigungspaket - Turri\u00f3n Solutions","og_description":"Das Paket besteht aus: 1 Turri\u00f3n EcoJab\u00f3n 5 kg mit Spender im Lieferumfang enthalten 1 Glasreiniger 5L 1 professionelles Spr\u00fchger\u00e4t 1L","og_url":"https:\/\/turrionsolutions.com\/de\/producto\/reinigungspaket\/","og_site_name":"Turri\u00f3n Solutions","og_image":[{"url":"https:\/\/turrionsolutions.com\/wp-content\/uploads\/2024\/04\/Sujeto-13.png","width":2240,"height":2119,"type":"image\/png"}],"twitter_card":"summary_large_image","twitter_misc":{"Gesch\u00e4tzte Lesezeit":"1\u00a0Minute"},"schema":{"@context":"https:\/\/schema.org","@graph":[{"@type":"WebPage","@id":"https:\/\/turrionsolutions.com\/de\/producto\/reinigungspaket\/","url":"https:\/\/turrionsolutions.com\/de\/producto\/reinigungspaket\/","name":"Reinigungspaket - Turri\u00f3n Solutions","isPartOf":{"@id":"https:\/\/turrionsolutions.com\/de\/#website"},"primaryImageOfPage":{"@id":"https:\/\/turrionsolutions.com\/de\/producto\/reinigungspaket\/#primaryimage"},"image":{"@id":"https:\/\/turrionsolutions.com\/de\/producto\/reinigungspaket\/#primaryimage"},"thumbnailUrl":"https:\/\/turrionsolutions.com\/wp-content\/uploads\/2024\/04\/Sujeto-13.png","datePublished":"2024-04-27T20:14:01+00:00","dateModified":"2024-04-27T20:14:01+00:00","breadcrumb":{"@id":"https:\/\/turrionsolutions.com\/de\/producto\/reinigungspaket\/#breadcrumb"},"inLanguage":"de","potentialAction":[{"@type":"ReadAction","target":["https:\/\/turrionsolutions.com\/de\/producto\/reinigungspaket\/"]}]},{"@type":"ImageObject","inLanguage":"de","@id":"https:\/\/turrionsolutions.com\/de\/producto\/reinigungspaket\/#primaryimage","url":"https:\/\/turrionsolutions.com\/wp-content\/uploads\/2024\/04\/Sujeto-13.png","contentUrl":"https:\/\/turrionsolutions.com\/wp-content\/uploads\/2024\/04\/Sujeto-13.png","width":2240,"height":2119},{"@type":"BreadcrumbList","@id":"https:\/\/turrionsolutions.com\/de\/producto\/reinigungspaket\/#breadcrumb","itemListElement":[{"@type":"ListItem","position":1,"name":"Portada","item":"https:\/\/turrionsolutions.com\/de\/"},{"@type":"ListItem","position":2,"name":"Tienda","item":"https:\/\/turrionsolutions.com\/tienda\/"},{"@type":"ListItem","position":3,"name":"Reinigungspaket"}]},{"@type":"WebSite","@id":"https:\/\/turrionsolutions.com\/de\/#website","url":"https:\/\/turrionsolutions.com\/de\/","name":"Turri\u00f3n Solutions","description":"","potentialAction":[{"@type":"SearchAction","target":{"@type":"EntryPoint","urlTemplate":"https:\/\/turrionsolutions.com\/de\/?s={search_term_string}"},"query-input":{"@type":"PropertyValueSpecification","valueRequired":true,"valueName":"search_term_string"}}],"inLanguage":"de"}]}},"_links":{"self":[{"href":"https:\/\/turrionsolutions.com\/de\/wp-json\/wp\/v2\/product\/3553","targetHints":{"allow":["GET"]}}],"collection":[{"href":"https:\/\/turrionsolutions.com\/de\/wp-json\/wp\/v2\/product"}],"about":[{"href":"https:\/\/turrionsolutions.com\/de\/wp-json\/wp\/v2\/types\/product"}],"replies":[{"embeddable":true,"href":"https:\/\/turrionsolutions.com\/de\/wp-json\/wp\/v2\/comments?post=3553"}],"wp:featuredmedia":[{"embeddable":true,"href":"https:\/\/turrionsolutions.com\/de\/wp-json\/wp\/v2\/media\/3554"}],"wp:attachment":[{"href":"https:\/\/turrionsolutions.com\/de\/wp-json\/wp\/v2\/media?parent=3553"}],"wp:term":[{"taxonomy":"product_cat","embeddable":true,"href":"https:\/\/turrionsolutions.com\/de\/wp-json\/wp\/v2\/product_cat?post=3553"},{"taxonomy":"product_tag","embeddable":true,"href":"https:\/\/turrionsolutions.com\/de\/wp-json\/wp\/v2\/product_tag?post=3553"}],"curies":[{"name":"wp","href":"https:\/\/api.w.org\/{rel}","templated":true}]}}