{"id":3556,"date":"2024-04-09T21:58:13","date_gmt":"2024-04-09T19:58:13","guid":{"rendered":"https:\/\/turrionsolutions.com\/producto\/paket-vor-der-kampagne\/"},"modified":"2024-04-09T21:58:13","modified_gmt":"2024-04-09T19:58:13","slug":"paket-vor-der-kampagne","status":"publish","type":"product","link":"https:\/\/turrionsolutions.com\/de\/producto\/paket-vor-der-kampagne\/","title":{"rendered":"Paket vor der Kampagne"},"content":{"rendered":"<p>Genie\u00dfen Sie dieses Paket, das die Vorbereitung Ihrer Maschinen und\/oder Arbeitsger\u00e4te zu einem beneidenswerten Preis erleichtert. Mit unserem Pre-Kampagnen-Paket erzielen Sie optimale Ergebnisse, ohne viel Zeit und Geld investieren zu m\u00fcssen.<\/p>\n<p>Das beste Paket ist:<\/p>\n<p>1 K\u00fchlerreiniger, das Produkt, mit dem Sie eine \u00dcberhitzung der Motoren und eine Besch\u00e4digung Ihrer K\u00fchler durch Anblasen verhindern.<\/p>\n<p>1 Glasreiniger, um die Fenster auch bei direkter Sonneneinstrahlung schnell und streifenfrei reinigen zu k\u00f6nnen.<\/p>\n<p>1 professionelles Spr\u00fchger\u00e4t, mit dem Sie dank der Regulierkappe Ihren Fensterreiniger oder die von Ihnen bevorzugte Fl\u00fcssigkeit gleichm\u00e4\u00dfig und mit der von Ihnen festgelegten Durchflussmenge auftragen k\u00f6nnen.<\/p>\n<p>&nbsp;<\/p>\n","protected":false},"excerpt":{"rendered":"<p>Das Paket besteht aus:<\/p>\n<p>1 Radiator Cleaner 5L<\/p>\n<p>1 Glasreiniger 5L<\/p>\n<p>1 Professionelles Spr\u00fchger\u00e4t 1L<\/p>\n","protected":false},"featured_media":3557,"comment_status":"open","ping_status":"closed","template":"","meta":[],"product_cat":[57],"product_tag":[],"class_list":{"0":"post-3556","1":"product","2":"type-product","3":"status-publish","4":"has-post-thumbnail","6":"product_cat-nicht-kategorisiert","8":"first","9":"instock","10":"sale","11":"purchasable","12":"product-type-simple"},"yoast_head":"<!-- This site is optimized with the Yoast SEO plugin v23.5 - https:\/\/yoast.com\/wordpress\/plugins\/seo\/ -->\n<title>Paket vor der Kampagne - Turri\u00f3n Solutions<\/title>\n<meta name=\"robots\" content=\"index, follow, max-snippet:-1, max-image-preview:large, max-video-preview:-1\" \/>\n<link rel=\"canonical\" href=\"https:\/\/turrionsolutions.com\/de\/producto\/paket-vor-der-kampagne\/\" \/>\n<meta property=\"og:locale\" content=\"de_DE\" \/>\n<meta property=\"og:type\" content=\"article\" \/>\n<meta property=\"og:title\" content=\"Paket vor der Kampagne - Turri\u00f3n Solutions\" \/>\n<meta property=\"og:description\" content=\"Das Paket besteht aus: 1 Radiator Cleaner 5L 1 Glasreiniger 5L 1 Professionelles Spr\u00fchger\u00e4t 1L\" \/>\n<meta property=\"og:url\" content=\"https:\/\/turrionsolutions.com\/de\/producto\/paket-vor-der-kampagne\/\" \/>\n<meta property=\"og:site_name\" content=\"Turri\u00f3n Solutions\" \/>\n<meta property=\"og:image\" content=\"https:\/\/turrionsolutions.com\/wp-content\/uploads\/2024\/04\/WhatsApp-Image-2024-04-09-at-19.25.50-2.jpeg\" \/>\n\t<meta property=\"og:image:width\" content=\"1600\" \/>\n\t<meta property=\"og:image:height\" content=\"1200\" \/>\n\t<meta property=\"og:image:type\" content=\"image\/jpeg\" \/>\n<meta name=\"twitter:card\" content=\"summary_large_image\" \/>\n<meta name=\"twitter:label1\" content=\"Gesch\u00e4tzte Lesezeit\" \/>\n\t<meta name=\"twitter:data1\" content=\"1\u00a0Minute\" \/>\n<script type=\"application\/ld+json\" class=\"yoast-schema-graph\">{\"@context\":\"https:\/\/schema.org\",\"@graph\":[{\"@type\":\"WebPage\",\"@id\":\"https:\/\/turrionsolutions.com\/de\/producto\/paket-vor-der-kampagne\/\",\"url\":\"https:\/\/turrionsolutions.com\/de\/producto\/paket-vor-der-kampagne\/\",\"name\":\"Paket vor der Kampagne - Turri\u00f3n Solutions\",\"isPartOf\":{\"@id\":\"https:\/\/turrionsolutions.com\/de\/#website\"},\"primaryImageOfPage\":{\"@id\":\"https:\/\/turrionsolutions.com\/de\/producto\/paket-vor-der-kampagne\/#primaryimage\"},\"image\":{\"@id\":\"https:\/\/turrionsolutions.com\/de\/producto\/paket-vor-der-kampagne\/#primaryimage\"},\"thumbnailUrl\":\"https:\/\/turrionsolutions.com\/wp-content\/uploads\/2024\/04\/WhatsApp-Image-2024-04-09-at-19.25.50-2.jpeg\",\"datePublished\":\"2024-04-09T19:58:13+00:00\",\"dateModified\":\"2024-04-09T19:58:13+00:00\",\"breadcrumb\":{\"@id\":\"https:\/\/turrionsolutions.com\/de\/producto\/paket-vor-der-kampagne\/#breadcrumb\"},\"inLanguage\":\"de\",\"potentialAction\":[{\"@type\":\"ReadAction\",\"target\":[\"https:\/\/turrionsolutions.com\/de\/producto\/paket-vor-der-kampagne\/\"]}]},{\"@type\":\"ImageObject\",\"inLanguage\":\"de\",\"@id\":\"https:\/\/turrionsolutions.com\/de\/producto\/paket-vor-der-kampagne\/#primaryimage\",\"url\":\"https:\/\/turrionsolutions.com\/wp-content\/uploads\/2024\/04\/WhatsApp-Image-2024-04-09-at-19.25.50-2.jpeg\",\"contentUrl\":\"https:\/\/turrionsolutions.com\/wp-content\/uploads\/2024\/04\/WhatsApp-Image-2024-04-09-at-19.25.50-2.jpeg\",\"width\":1600,\"height\":1200},{\"@type\":\"BreadcrumbList\",\"@id\":\"https:\/\/turrionsolutions.com\/de\/producto\/paket-vor-der-kampagne\/#breadcrumb\",\"itemListElement\":[{\"@type\":\"ListItem\",\"position\":1,\"name\":\"Portada\",\"item\":\"https:\/\/turrionsolutions.com\/de\/\"},{\"@type\":\"ListItem\",\"position\":2,\"name\":\"Tienda\",\"item\":\"https:\/\/turrionsolutions.com\/tienda\/\"},{\"@type\":\"ListItem\",\"position\":3,\"name\":\"Paket vor der Kampagne\"}]},{\"@type\":\"WebSite\",\"@id\":\"https:\/\/turrionsolutions.com\/de\/#website\",\"url\":\"https:\/\/turrionsolutions.com\/de\/\",\"name\":\"Turri\u00f3n Solutions\",\"description\":\"\",\"potentialAction\":[{\"@type\":\"SearchAction\",\"target\":{\"@type\":\"EntryPoint\",\"urlTemplate\":\"https:\/\/turrionsolutions.com\/de\/?s={search_term_string}\"},\"query-input\":{\"@type\":\"PropertyValueSpecification\",\"valueRequired\":true,\"valueName\":\"search_term_string\"}}],\"inLanguage\":\"de\"}]}<\/script>\n<!-- \/ Yoast SEO plugin. -->","yoast_head_json":{"title":"Paket vor der Kampagne - Turri\u00f3n Solutions","robots":{"index":"index","follow":"follow","max-snippet":"max-snippet:-1","max-image-preview":"max-image-preview:large","max-video-preview":"max-video-preview:-1"},"canonical":"https:\/\/turrionsolutions.com\/de\/producto\/paket-vor-der-kampagne\/","og_locale":"de_DE","og_type":"article","og_title":"Paket vor der Kampagne - Turri\u00f3n Solutions","og_description":"Das Paket besteht aus: 1 Radiator Cleaner 5L 1 Glasreiniger 5L 1 Professionelles Spr\u00fchger\u00e4t 1L","og_url":"https:\/\/turrionsolutions.com\/de\/producto\/paket-vor-der-kampagne\/","og_site_name":"Turri\u00f3n Solutions","og_image":[{"width":1600,"height":1200,"url":"https:\/\/turrionsolutions.com\/wp-content\/uploads\/2024\/04\/WhatsApp-Image-2024-04-09-at-19.25.50-2.jpeg","type":"image\/jpeg"}],"twitter_card":"summary_large_image","twitter_misc":{"Gesch\u00e4tzte Lesezeit":"1\u00a0Minute"},"schema":{"@context":"https:\/\/schema.org","@graph":[{"@type":"WebPage","@id":"https:\/\/turrionsolutions.com\/de\/producto\/paket-vor-der-kampagne\/","url":"https:\/\/turrionsolutions.com\/de\/producto\/paket-vor-der-kampagne\/","name":"Paket vor der Kampagne - Turri\u00f3n Solutions","isPartOf":{"@id":"https:\/\/turrionsolutions.com\/de\/#website"},"primaryImageOfPage":{"@id":"https:\/\/turrionsolutions.com\/de\/producto\/paket-vor-der-kampagne\/#primaryimage"},"image":{"@id":"https:\/\/turrionsolutions.com\/de\/producto\/paket-vor-der-kampagne\/#primaryimage"},"thumbnailUrl":"https:\/\/turrionsolutions.com\/wp-content\/uploads\/2024\/04\/WhatsApp-Image-2024-04-09-at-19.25.50-2.jpeg","datePublished":"2024-04-09T19:58:13+00:00","dateModified":"2024-04-09T19:58:13+00:00","breadcrumb":{"@id":"https:\/\/turrionsolutions.com\/de\/producto\/paket-vor-der-kampagne\/#breadcrumb"},"inLanguage":"de","potentialAction":[{"@type":"ReadAction","target":["https:\/\/turrionsolutions.com\/de\/producto\/paket-vor-der-kampagne\/"]}]},{"@type":"ImageObject","inLanguage":"de","@id":"https:\/\/turrionsolutions.com\/de\/producto\/paket-vor-der-kampagne\/#primaryimage","url":"https:\/\/turrionsolutions.com\/wp-content\/uploads\/2024\/04\/WhatsApp-Image-2024-04-09-at-19.25.50-2.jpeg","contentUrl":"https:\/\/turrionsolutions.com\/wp-content\/uploads\/2024\/04\/WhatsApp-Image-2024-04-09-at-19.25.50-2.jpeg","width":1600,"height":1200},{"@type":"BreadcrumbList","@id":"https:\/\/turrionsolutions.com\/de\/producto\/paket-vor-der-kampagne\/#breadcrumb","itemListElement":[{"@type":"ListItem","position":1,"name":"Portada","item":"https:\/\/turrionsolutions.com\/de\/"},{"@type":"ListItem","position":2,"name":"Tienda","item":"https:\/\/turrionsolutions.com\/tienda\/"},{"@type":"ListItem","position":3,"name":"Paket vor der Kampagne"}]},{"@type":"WebSite","@id":"https:\/\/turrionsolutions.com\/de\/#website","url":"https:\/\/turrionsolutions.com\/de\/","name":"Turri\u00f3n Solutions","description":"","potentialAction":[{"@type":"SearchAction","target":{"@type":"EntryPoint","urlTemplate":"https:\/\/turrionsolutions.com\/de\/?s={search_term_string}"},"query-input":{"@type":"PropertyValueSpecification","valueRequired":true,"valueName":"search_term_string"}}],"inLanguage":"de"}]}},"_links":{"self":[{"href":"https:\/\/turrionsolutions.com\/de\/wp-json\/wp\/v2\/product\/3556","targetHints":{"allow":["GET"]}}],"collection":[{"href":"https:\/\/turrionsolutions.com\/de\/wp-json\/wp\/v2\/product"}],"about":[{"href":"https:\/\/turrionsolutions.com\/de\/wp-json\/wp\/v2\/types\/product"}],"replies":[{"embeddable":true,"href":"https:\/\/turrionsolutions.com\/de\/wp-json\/wp\/v2\/comments?post=3556"}],"wp:featuredmedia":[{"embeddable":true,"href":"https:\/\/turrionsolutions.com\/de\/wp-json\/wp\/v2\/media\/3557"}],"wp:attachment":[{"href":"https:\/\/turrionsolutions.com\/de\/wp-json\/wp\/v2\/media?parent=3556"}],"wp:term":[{"taxonomy":"product_cat","embeddable":true,"href":"https:\/\/turrionsolutions.com\/de\/wp-json\/wp\/v2\/product_cat?post=3556"},{"taxonomy":"product_tag","embeddable":true,"href":"https:\/\/turrionsolutions.com\/de\/wp-json\/wp\/v2\/product_tag?post=3556"}],"curies":[{"name":"wp","href":"https:\/\/api.w.org\/{rel}","templated":true}]}}