{"id":3561,"date":"2024-03-13T12:17:06","date_gmt":"2024-03-13T11:17:06","guid":{"rendered":"https:\/\/turrionsolutions.com\/producto\/air-filter-blaster-variation\/"},"modified":"2024-03-13T12:17:06","modified_gmt":"2024-03-13T11:17:06","slug":"air-filter-blaster-variation","status":"publish","type":"product","link":"https:\/\/turrionsolutions.com\/de\/producto\/air-filter-blaster-variation\/","title":{"rendered":"Air Filter Blaster Variation"},"content":{"rendered":"<p>Air Filter Blaster ist eine neue patentierte Methode zur Reinigung von Luftfiltern, die den Austausch von Luftfiltern und den Kraftstoffverbrauch motorisierter Ger\u00e4te drastisch reduziert. Die Technologie wurde in umfangreichen Feldversuchen bew\u00e4hrt. Durch die Reduzierung des Kraftstoffverbrauchs und des Filterwechsels erzielt Air Filter Blaster erhebliche Einsparungen. Gleichzeitig wird ber\u00fccksichtigt, dass Staub nicht nur f\u00fcr Menschen, sondern auch f\u00fcr die Umwelt sch\u00e4dlich ist. Saubere Luftfilter garantieren ein ges\u00fcnderes Wohnumfeld. Der Air Filter Blaster ist einfach und schnell zu bedienen. Das Produkt besteht aus einem konischen Deckel, einem Rohr, einer F\u00fchrungsscheibe und einem Rotor in den verschiedenen verf\u00fcgbaren Gr\u00f6\u00dfen (75, 115, 150 oder 230 mm). Die konische Kappe passt auf fast alle Gr\u00f6\u00dfen runder Luftfilter. \u00dcber eine Schnellkupplung wird ein Druckluftschlauch an das Rohr angeschlossen. Am Boden des Rohres sind eine F\u00fchrungsscheibe und ein gleichgro\u00dfer Rotor angebracht. Der schnell rotierende Vibrationsrotor verf\u00fcgt \u00fcber vier Auslass\u00f6ffnungen, die in unterschiedliche Richtungen blasen. Dadurch werden Staub- und Schmutzpartikel freigesetzt. Der Rotor bl\u00e4st den Staub von innen nach au\u00dfen. Durch das Auf- und Abbewegen des Rohrs wird die gesamte Oberfl\u00e4che des Filters gereinigt. <\/p>\n","protected":false},"excerpt":{"rendered":"<p>Die Packung enth\u00e4lt:<\/p>\n<ul>\n<li>1 konische Abdeckung.<\/li>\n<li>1 R\u00f6hre.<\/li>\n<li>1 F\u00fchrungsscheibe (Gr\u00f6\u00dfe ausw\u00e4hlen)<\/li>\n<li>1 Rotor (Gr\u00f6\u00dfe ausw\u00e4hlen)<\/li>\n<\/ul>\n","protected":false},"featured_media":3567,"comment_status":"open","ping_status":"closed","template":"","meta":[],"product_cat":[58],"product_tag":[],"class_list":{"0":"post-3561","1":"product","2":"type-product","3":"status-publish","4":"has-post-thumbnail","6":"product_cat-luftfilter-blaster","7":"product_shipping_class-especiales","9":"first","10":"outofstock","11":"taxable","12":"shipping-taxable","13":"purchasable","14":"product-type-variable"},"yoast_head":"<!-- This site is optimized with the Yoast SEO plugin v23.5 - https:\/\/yoast.com\/wordpress\/plugins\/seo\/ -->\n<title>Air Filter Blaster Variation - Turri\u00f3n Solutions<\/title>\n<meta name=\"robots\" content=\"index, follow, max-snippet:-1, max-image-preview:large, max-video-preview:-1\" \/>\n<link rel=\"canonical\" href=\"https:\/\/turrionsolutions.com\/de\/producto\/air-filter-blaster-variation\/\" \/>\n<meta property=\"og:locale\" content=\"de_DE\" \/>\n<meta property=\"og:type\" content=\"article\" \/>\n<meta property=\"og:title\" content=\"Air Filter Blaster Variation - Turri\u00f3n Solutions\" \/>\n<meta property=\"og:description\" content=\"Die Packung enth\u00e4lt:  1 konische Abdeckung.  1 R\u00f6hre.  1 F\u00fchrungsscheibe (Gr\u00f6\u00dfe ausw\u00e4hlen)  1 Rotor (Gr\u00f6\u00dfe ausw\u00e4hlen)\" \/>\n<meta property=\"og:url\" content=\"https:\/\/turrionsolutions.com\/de\/producto\/air-filter-blaster-variation\/\" \/>\n<meta property=\"og:site_name\" content=\"Turri\u00f3n Solutions\" \/>\n<meta name=\"twitter:card\" content=\"summary_large_image\" \/>\n<meta name=\"twitter:label1\" content=\"Gesch\u00e4tzte Lesezeit\" \/>\n\t<meta name=\"twitter:data1\" content=\"1\u00a0Minute\" \/>\n<script type=\"application\/ld+json\" class=\"yoast-schema-graph\">{\"@context\":\"https:\/\/schema.org\",\"@graph\":[{\"@type\":\"WebPage\",\"@id\":\"https:\/\/turrionsolutions.com\/de\/producto\/air-filter-blaster-variation\/\",\"url\":\"https:\/\/turrionsolutions.com\/de\/producto\/air-filter-blaster-variation\/\",\"name\":\"Air Filter Blaster Variation - Turri\u00f3n Solutions\",\"isPartOf\":{\"@id\":\"https:\/\/turrionsolutions.com\/de\/#website\"},\"primaryImageOfPage\":{\"@id\":\"https:\/\/turrionsolutions.com\/de\/producto\/air-filter-blaster-variation\/#primaryimage\"},\"image\":{\"@id\":\"https:\/\/turrionsolutions.com\/de\/producto\/air-filter-blaster-variation\/#primaryimage\"},\"thumbnailUrl\":\"https:\/\/turrionsolutions.com\/wp-content\/uploads\/2024\/03\/fe8721ac-e480-4d41-80ed-f8e2ce71dbdd.jpg\",\"datePublished\":\"2024-03-13T11:17:06+00:00\",\"dateModified\":\"2024-03-13T11:17:06+00:00\",\"breadcrumb\":{\"@id\":\"https:\/\/turrionsolutions.com\/de\/producto\/air-filter-blaster-variation\/#breadcrumb\"},\"inLanguage\":\"de\",\"potentialAction\":[{\"@type\":\"ReadAction\",\"target\":[\"https:\/\/turrionsolutions.com\/de\/producto\/air-filter-blaster-variation\/\"]}]},{\"@type\":\"ImageObject\",\"inLanguage\":\"de\",\"@id\":\"https:\/\/turrionsolutions.com\/de\/producto\/air-filter-blaster-variation\/#primaryimage\",\"url\":\"https:\/\/turrionsolutions.com\/wp-content\/uploads\/2024\/03\/fe8721ac-e480-4d41-80ed-f8e2ce71dbdd.jpg\",\"contentUrl\":\"https:\/\/turrionsolutions.com\/wp-content\/uploads\/2024\/03\/fe8721ac-e480-4d41-80ed-f8e2ce71dbdd.jpg\",\"width\":1600,\"height\":1599},{\"@type\":\"BreadcrumbList\",\"@id\":\"https:\/\/turrionsolutions.com\/de\/producto\/air-filter-blaster-variation\/#breadcrumb\",\"itemListElement\":[{\"@type\":\"ListItem\",\"position\":1,\"name\":\"Portada\",\"item\":\"https:\/\/turrionsolutions.com\/de\/\"},{\"@type\":\"ListItem\",\"position\":2,\"name\":\"Tienda\",\"item\":\"https:\/\/turrionsolutions.com\/tienda\/\"},{\"@type\":\"ListItem\",\"position\":3,\"name\":\"Air Filter Blaster Variation\"}]},{\"@type\":\"WebSite\",\"@id\":\"https:\/\/turrionsolutions.com\/de\/#website\",\"url\":\"https:\/\/turrionsolutions.com\/de\/\",\"name\":\"Turri\u00f3n Solutions\",\"description\":\"\",\"potentialAction\":[{\"@type\":\"SearchAction\",\"target\":{\"@type\":\"EntryPoint\",\"urlTemplate\":\"https:\/\/turrionsolutions.com\/de\/?s={search_term_string}\"},\"query-input\":{\"@type\":\"PropertyValueSpecification\",\"valueRequired\":true,\"valueName\":\"search_term_string\"}}],\"inLanguage\":\"de\"}]}<\/script>\n<!-- \/ Yoast SEO plugin. -->","yoast_head_json":{"title":"Air Filter Blaster Variation - Turri\u00f3n Solutions","robots":{"index":"index","follow":"follow","max-snippet":"max-snippet:-1","max-image-preview":"max-image-preview:large","max-video-preview":"max-video-preview:-1"},"canonical":"https:\/\/turrionsolutions.com\/de\/producto\/air-filter-blaster-variation\/","og_locale":"de_DE","og_type":"article","og_title":"Air Filter Blaster Variation - Turri\u00f3n Solutions","og_description":"Die Packung enth\u00e4lt:  1 konische Abdeckung.  1 R\u00f6hre.  1 F\u00fchrungsscheibe (Gr\u00f6\u00dfe ausw\u00e4hlen)  1 Rotor (Gr\u00f6\u00dfe ausw\u00e4hlen)","og_url":"https:\/\/turrionsolutions.com\/de\/producto\/air-filter-blaster-variation\/","og_site_name":"Turri\u00f3n Solutions","twitter_card":"summary_large_image","twitter_misc":{"Gesch\u00e4tzte Lesezeit":"1\u00a0Minute"},"schema":{"@context":"https:\/\/schema.org","@graph":[{"@type":"WebPage","@id":"https:\/\/turrionsolutions.com\/de\/producto\/air-filter-blaster-variation\/","url":"https:\/\/turrionsolutions.com\/de\/producto\/air-filter-blaster-variation\/","name":"Air Filter Blaster Variation - Turri\u00f3n Solutions","isPartOf":{"@id":"https:\/\/turrionsolutions.com\/de\/#website"},"primaryImageOfPage":{"@id":"https:\/\/turrionsolutions.com\/de\/producto\/air-filter-blaster-variation\/#primaryimage"},"image":{"@id":"https:\/\/turrionsolutions.com\/de\/producto\/air-filter-blaster-variation\/#primaryimage"},"thumbnailUrl":"https:\/\/turrionsolutions.com\/wp-content\/uploads\/2024\/03\/fe8721ac-e480-4d41-80ed-f8e2ce71dbdd.jpg","datePublished":"2024-03-13T11:17:06+00:00","dateModified":"2024-03-13T11:17:06+00:00","breadcrumb":{"@id":"https:\/\/turrionsolutions.com\/de\/producto\/air-filter-blaster-variation\/#breadcrumb"},"inLanguage":"de","potentialAction":[{"@type":"ReadAction","target":["https:\/\/turrionsolutions.com\/de\/producto\/air-filter-blaster-variation\/"]}]},{"@type":"ImageObject","inLanguage":"de","@id":"https:\/\/turrionsolutions.com\/de\/producto\/air-filter-blaster-variation\/#primaryimage","url":"https:\/\/turrionsolutions.com\/wp-content\/uploads\/2024\/03\/fe8721ac-e480-4d41-80ed-f8e2ce71dbdd.jpg","contentUrl":"https:\/\/turrionsolutions.com\/wp-content\/uploads\/2024\/03\/fe8721ac-e480-4d41-80ed-f8e2ce71dbdd.jpg","width":1600,"height":1599},{"@type":"BreadcrumbList","@id":"https:\/\/turrionsolutions.com\/de\/producto\/air-filter-blaster-variation\/#breadcrumb","itemListElement":[{"@type":"ListItem","position":1,"name":"Portada","item":"https:\/\/turrionsolutions.com\/de\/"},{"@type":"ListItem","position":2,"name":"Tienda","item":"https:\/\/turrionsolutions.com\/tienda\/"},{"@type":"ListItem","position":3,"name":"Air Filter Blaster Variation"}]},{"@type":"WebSite","@id":"https:\/\/turrionsolutions.com\/de\/#website","url":"https:\/\/turrionsolutions.com\/de\/","name":"Turri\u00f3n Solutions","description":"","potentialAction":[{"@type":"SearchAction","target":{"@type":"EntryPoint","urlTemplate":"https:\/\/turrionsolutions.com\/de\/?s={search_term_string}"},"query-input":{"@type":"PropertyValueSpecification","valueRequired":true,"valueName":"search_term_string"}}],"inLanguage":"de"}]}},"_links":{"self":[{"href":"https:\/\/turrionsolutions.com\/de\/wp-json\/wp\/v2\/product\/3561","targetHints":{"allow":["GET"]}}],"collection":[{"href":"https:\/\/turrionsolutions.com\/de\/wp-json\/wp\/v2\/product"}],"about":[{"href":"https:\/\/turrionsolutions.com\/de\/wp-json\/wp\/v2\/types\/product"}],"replies":[{"embeddable":true,"href":"https:\/\/turrionsolutions.com\/de\/wp-json\/wp\/v2\/comments?post=3561"}],"wp:featuredmedia":[{"embeddable":true,"href":"https:\/\/turrionsolutions.com\/de\/wp-json\/wp\/v2\/media\/3567"}],"wp:attachment":[{"href":"https:\/\/turrionsolutions.com\/de\/wp-json\/wp\/v2\/media?parent=3561"}],"wp:term":[{"taxonomy":"product_cat","embeddable":true,"href":"https:\/\/turrionsolutions.com\/de\/wp-json\/wp\/v2\/product_cat?post=3561"},{"taxonomy":"product_tag","embeddable":true,"href":"https:\/\/turrionsolutions.com\/de\/wp-json\/wp\/v2\/product_tag?post=3561"}],"curies":[{"name":"wp","href":"https:\/\/api.w.org\/{rel}","templated":true}]}}