{"id":3585,"date":"2024-02-23T16:46:51","date_gmt":"2024-02-23T15:46:51","guid":{"rendered":"https:\/\/turrionsolutions.com\/producto\/professionelles-spruehgeraet-1l\/"},"modified":"2024-02-23T16:46:51","modified_gmt":"2024-02-23T15:46:51","slug":"professionelles-spruehgeraet-1l","status":"publish","type":"product","link":"https:\/\/turrionsolutions.com\/de\/producto\/professionelles-spruehgeraet-1l\/","title":{"rendered":"Professionelles Spr\u00fchger\u00e4t 1L"},"content":{"rendered":"<p>Flasche mit 1 Liter Fassungsverm\u00f6gen und professionellem Zerst\u00e4uber.<\/p>\n<p>Der Spr\u00fcher wird leer geliefert.<\/p>\n<p>BEIM KAUF VON 4 GLASREINIGER-TR\u00c4GERN SCHENKEN WIR IHNEN EINEN!<\/p>\n","protected":false},"excerpt":{"rendered":"<p>Pulverizador Professional de 1L VAC\u00cdO.<\/p>\n","protected":false},"featured_media":3589,"comment_status":"open","ping_status":"closed","template":"","meta":[],"product_cat":[57],"product_tag":[],"class_list":{"0":"post-3585","1":"product","2":"type-product","3":"status-publish","4":"has-post-thumbnail","6":"product_cat-nicht-kategorisiert","8":"first","9":"instock","10":"purchasable","11":"product-type-simple"},"yoast_head":"<!-- This site is optimized with the Yoast SEO plugin v23.5 - https:\/\/yoast.com\/wordpress\/plugins\/seo\/ -->\n<title>Professionelles Spr\u00fchger\u00e4t 1L - Turri\u00f3n Solutions<\/title>\n<meta name=\"robots\" content=\"index, follow, max-snippet:-1, max-image-preview:large, max-video-preview:-1\" \/>\n<link rel=\"canonical\" href=\"https:\/\/turrionsolutions.com\/de\/producto\/professionelles-spruehgeraet-1l\/\" \/>\n<meta property=\"og:locale\" content=\"de_DE\" \/>\n<meta property=\"og:type\" content=\"article\" \/>\n<meta property=\"og:title\" content=\"Professionelles Spr\u00fchger\u00e4t 1L - Turri\u00f3n Solutions\" \/>\n<meta property=\"og:description\" content=\"Pulverizador Professional de 1L VAC\u00cdO.\" \/>\n<meta property=\"og:url\" content=\"https:\/\/turrionsolutions.com\/de\/producto\/professionelles-spruehgeraet-1l\/\" \/>\n<meta property=\"og:site_name\" content=\"Turri\u00f3n Solutions\" \/>\n<meta property=\"og:image\" content=\"https:\/\/turrionsolutions.com\/wp-content\/uploads\/2024\/02\/producto-pulverizador-1l-800px.png\" \/>\n\t<meta property=\"og:image:width\" content=\"800\" \/>\n\t<meta property=\"og:image:height\" content=\"1414\" \/>\n\t<meta property=\"og:image:type\" content=\"image\/png\" \/>\n<meta name=\"twitter:card\" content=\"summary_large_image\" \/>\n<script type=\"application\/ld+json\" class=\"yoast-schema-graph\">{\"@context\":\"https:\/\/schema.org\",\"@graph\":[{\"@type\":\"WebPage\",\"@id\":\"https:\/\/turrionsolutions.com\/de\/producto\/professionelles-spruehgeraet-1l\/\",\"url\":\"https:\/\/turrionsolutions.com\/de\/producto\/professionelles-spruehgeraet-1l\/\",\"name\":\"Professionelles Spr\u00fchger\u00e4t 1L - Turri\u00f3n Solutions\",\"isPartOf\":{\"@id\":\"https:\/\/turrionsolutions.com\/de\/#website\"},\"primaryImageOfPage\":{\"@id\":\"https:\/\/turrionsolutions.com\/de\/producto\/professionelles-spruehgeraet-1l\/#primaryimage\"},\"image\":{\"@id\":\"https:\/\/turrionsolutions.com\/de\/producto\/professionelles-spruehgeraet-1l\/#primaryimage\"},\"thumbnailUrl\":\"https:\/\/turrionsolutions.com\/wp-content\/uploads\/2024\/02\/producto-pulverizador-1l-800px.png\",\"datePublished\":\"2024-02-23T15:46:51+00:00\",\"dateModified\":\"2024-02-23T15:46:51+00:00\",\"breadcrumb\":{\"@id\":\"https:\/\/turrionsolutions.com\/de\/producto\/professionelles-spruehgeraet-1l\/#breadcrumb\"},\"inLanguage\":\"de\",\"potentialAction\":[{\"@type\":\"ReadAction\",\"target\":[\"https:\/\/turrionsolutions.com\/de\/producto\/professionelles-spruehgeraet-1l\/\"]}]},{\"@type\":\"ImageObject\",\"inLanguage\":\"de\",\"@id\":\"https:\/\/turrionsolutions.com\/de\/producto\/professionelles-spruehgeraet-1l\/#primaryimage\",\"url\":\"https:\/\/turrionsolutions.com\/wp-content\/uploads\/2024\/02\/producto-pulverizador-1l-800px.png\",\"contentUrl\":\"https:\/\/turrionsolutions.com\/wp-content\/uploads\/2024\/02\/producto-pulverizador-1l-800px.png\",\"width\":800,\"height\":1414},{\"@type\":\"BreadcrumbList\",\"@id\":\"https:\/\/turrionsolutions.com\/de\/producto\/professionelles-spruehgeraet-1l\/#breadcrumb\",\"itemListElement\":[{\"@type\":\"ListItem\",\"position\":1,\"name\":\"Portada\",\"item\":\"https:\/\/turrionsolutions.com\/de\/\"},{\"@type\":\"ListItem\",\"position\":2,\"name\":\"Tienda\",\"item\":\"https:\/\/turrionsolutions.com\/tienda\/\"},{\"@type\":\"ListItem\",\"position\":3,\"name\":\"Professionelles Spr\u00fchger\u00e4t 1L\"}]},{\"@type\":\"WebSite\",\"@id\":\"https:\/\/turrionsolutions.com\/de\/#website\",\"url\":\"https:\/\/turrionsolutions.com\/de\/\",\"name\":\"Turri\u00f3n Solutions\",\"description\":\"\",\"potentialAction\":[{\"@type\":\"SearchAction\",\"target\":{\"@type\":\"EntryPoint\",\"urlTemplate\":\"https:\/\/turrionsolutions.com\/de\/?s={search_term_string}\"},\"query-input\":{\"@type\":\"PropertyValueSpecification\",\"valueRequired\":true,\"valueName\":\"search_term_string\"}}],\"inLanguage\":\"de\"}]}<\/script>\n<!-- \/ Yoast SEO plugin. -->","yoast_head_json":{"title":"Professionelles Spr\u00fchger\u00e4t 1L - Turri\u00f3n Solutions","robots":{"index":"index","follow":"follow","max-snippet":"max-snippet:-1","max-image-preview":"max-image-preview:large","max-video-preview":"max-video-preview:-1"},"canonical":"https:\/\/turrionsolutions.com\/de\/producto\/professionelles-spruehgeraet-1l\/","og_locale":"de_DE","og_type":"article","og_title":"Professionelles Spr\u00fchger\u00e4t 1L - Turri\u00f3n Solutions","og_description":"Pulverizador Professional de 1L VAC\u00cdO.","og_url":"https:\/\/turrionsolutions.com\/de\/producto\/professionelles-spruehgeraet-1l\/","og_site_name":"Turri\u00f3n Solutions","og_image":[{"width":800,"height":1414,"url":"https:\/\/turrionsolutions.com\/wp-content\/uploads\/2024\/02\/producto-pulverizador-1l-800px.png","type":"image\/png"}],"twitter_card":"summary_large_image","schema":{"@context":"https:\/\/schema.org","@graph":[{"@type":"WebPage","@id":"https:\/\/turrionsolutions.com\/de\/producto\/professionelles-spruehgeraet-1l\/","url":"https:\/\/turrionsolutions.com\/de\/producto\/professionelles-spruehgeraet-1l\/","name":"Professionelles Spr\u00fchger\u00e4t 1L - Turri\u00f3n Solutions","isPartOf":{"@id":"https:\/\/turrionsolutions.com\/de\/#website"},"primaryImageOfPage":{"@id":"https:\/\/turrionsolutions.com\/de\/producto\/professionelles-spruehgeraet-1l\/#primaryimage"},"image":{"@id":"https:\/\/turrionsolutions.com\/de\/producto\/professionelles-spruehgeraet-1l\/#primaryimage"},"thumbnailUrl":"https:\/\/turrionsolutions.com\/wp-content\/uploads\/2024\/02\/producto-pulverizador-1l-800px.png","datePublished":"2024-02-23T15:46:51+00:00","dateModified":"2024-02-23T15:46:51+00:00","breadcrumb":{"@id":"https:\/\/turrionsolutions.com\/de\/producto\/professionelles-spruehgeraet-1l\/#breadcrumb"},"inLanguage":"de","potentialAction":[{"@type":"ReadAction","target":["https:\/\/turrionsolutions.com\/de\/producto\/professionelles-spruehgeraet-1l\/"]}]},{"@type":"ImageObject","inLanguage":"de","@id":"https:\/\/turrionsolutions.com\/de\/producto\/professionelles-spruehgeraet-1l\/#primaryimage","url":"https:\/\/turrionsolutions.com\/wp-content\/uploads\/2024\/02\/producto-pulverizador-1l-800px.png","contentUrl":"https:\/\/turrionsolutions.com\/wp-content\/uploads\/2024\/02\/producto-pulverizador-1l-800px.png","width":800,"height":1414},{"@type":"BreadcrumbList","@id":"https:\/\/turrionsolutions.com\/de\/producto\/professionelles-spruehgeraet-1l\/#breadcrumb","itemListElement":[{"@type":"ListItem","position":1,"name":"Portada","item":"https:\/\/turrionsolutions.com\/de\/"},{"@type":"ListItem","position":2,"name":"Tienda","item":"https:\/\/turrionsolutions.com\/tienda\/"},{"@type":"ListItem","position":3,"name":"Professionelles Spr\u00fchger\u00e4t 1L"}]},{"@type":"WebSite","@id":"https:\/\/turrionsolutions.com\/de\/#website","url":"https:\/\/turrionsolutions.com\/de\/","name":"Turri\u00f3n Solutions","description":"","potentialAction":[{"@type":"SearchAction","target":{"@type":"EntryPoint","urlTemplate":"https:\/\/turrionsolutions.com\/de\/?s={search_term_string}"},"query-input":{"@type":"PropertyValueSpecification","valueRequired":true,"valueName":"search_term_string"}}],"inLanguage":"de"}]}},"_links":{"self":[{"href":"https:\/\/turrionsolutions.com\/de\/wp-json\/wp\/v2\/product\/3585","targetHints":{"allow":["GET"]}}],"collection":[{"href":"https:\/\/turrionsolutions.com\/de\/wp-json\/wp\/v2\/product"}],"about":[{"href":"https:\/\/turrionsolutions.com\/de\/wp-json\/wp\/v2\/types\/product"}],"replies":[{"embeddable":true,"href":"https:\/\/turrionsolutions.com\/de\/wp-json\/wp\/v2\/comments?post=3585"}],"wp:featuredmedia":[{"embeddable":true,"href":"https:\/\/turrionsolutions.com\/de\/wp-json\/wp\/v2\/media\/3589"}],"wp:attachment":[{"href":"https:\/\/turrionsolutions.com\/de\/wp-json\/wp\/v2\/media?parent=3585"}],"wp:term":[{"taxonomy":"product_cat","embeddable":true,"href":"https:\/\/turrionsolutions.com\/de\/wp-json\/wp\/v2\/product_cat?post=3585"},{"taxonomy":"product_tag","embeddable":true,"href":"https:\/\/turrionsolutions.com\/de\/wp-json\/wp\/v2\/product_tag?post=3585"}],"curies":[{"name":"wp","href":"https:\/\/api.w.org\/{rel}","templated":true}]}}