{"id":3590,"date":"2024-02-23T16:40:54","date_gmt":"2024-02-23T15:40:54","guid":{"rendered":"https:\/\/turrionsolutions.com\/producto\/ecojabon-turrion\/"},"modified":"2024-02-23T16:40:54","modified_gmt":"2024-02-23T15:40:54","slug":"ecojabon-turrion","status":"publish","type":"product","link":"https:\/\/turrionsolutions.com\/de\/producto\/ecojabon-turrion\/","title":{"rendered":"EcoJab\u00f3n Turrion"},"content":{"rendered":"<p>\u00d6kologischer Reiniger zum H\u00e4ndewaschen. Damit k\u00f6nnen Sie alle Arten von Fetten, verbrannten \u00d6len usw. schnell und effektiv reinigen und entfernen. Schont die Haut und hinterl\u00e4sst ein angenehmes und anhaltendes Gef\u00fchl von Weichheit. V\u00f6llig frei von synthetischen Kunststoff-Strahlmitteln, mineralischen Strahlmitteln, Farbstoffen und \u00e4tzenden Bestandteilen. ECOJAB\u00d3N TURRION verf\u00fcgt \u00fcber das ECOITEL-Zertifikat f\u00fcr \u00f6kologische Produkte<\/p>\n<p><img decoding=\"async\" class=\"lazyload alignnone size-full wp-image-1438\" src=\"https:\/\/turrionsolutions.com\/wp-content\/uploads\/2024\/02\/Sujeto-7.png\" data-orig-src=\"https:\/\/turrionsolutions.com\/wp-content\/uploads\/2024\/02\/Sujeto-7.png\" alt=\"\" width=\"1826\" height=\"2781\" srcset=\"data:image\/svg+xml,%3Csvg%20xmlns%3D%27http%3A%2F%2Fwww.w3.org%2F2000%2Fsvg%27%20width%3D%271826%27%20height%3D%272781%27%20viewBox%3D%270%200%201826%202781%27%3E%3Crect%20width%3D%271826%27%20height%3D%272781%27%20fill-opacity%3D%220%22%2F%3E%3C%2Fsvg%3E\" data-srcset=\"https:\/\/turrionsolutions.com\/wp-content\/uploads\/2024\/02\/Sujeto-7-200x305.png 200w, https:\/\/turrionsolutions.com\/wp-content\/uploads\/2024\/02\/Sujeto-7-400x609.png 400w, https:\/\/turrionsolutions.com\/wp-content\/uploads\/2024\/02\/Sujeto-7-500x762.png 500w, https:\/\/turrionsolutions.com\/wp-content\/uploads\/2024\/02\/Sujeto-7-600x914.png 600w, https:\/\/turrionsolutions.com\/wp-content\/uploads\/2024\/02\/Sujeto-7-700x1066.png 700w, https:\/\/turrionsolutions.com\/wp-content\/uploads\/2024\/02\/Sujeto-7-768x1170.png 768w, https:\/\/turrionsolutions.com\/wp-content\/uploads\/2024\/02\/Sujeto-7-800x1218.png 800w, https:\/\/turrionsolutions.com\/wp-content\/uploads\/2024\/02\/Sujeto-7-1009x1536.png 1009w, https:\/\/turrionsolutions.com\/wp-content\/uploads\/2024\/02\/Sujeto-7-1200x1828.png 1200w, https:\/\/turrionsolutions.com\/wp-content\/uploads\/2024\/02\/Sujeto-7-1345x2048.png 1345w, https:\/\/turrionsolutions.com\/wp-content\/uploads\/2024\/02\/Sujeto-7.png 1826w\" data-sizes=\"auto\" data-orig-sizes=\"(max-width: 1826px) 100vw, 1826px\" \/><\/p>\n","protected":false},"excerpt":{"rendered":"<p>\u00d6kologischer Reiniger zum H\u00e4ndewaschen. Damit k\u00f6nnen Sie alle Arten von [&hellip;]<\/p>\n","protected":false},"featured_media":3591,"comment_status":"open","ping_status":"closed","template":"","meta":[],"product_cat":[57],"product_tag":[],"class_list":{"0":"post-3590","1":"product","2":"type-product","3":"status-publish","4":"has-post-thumbnail","6":"product_cat-nicht-kategorisiert","8":"first","9":"instock","10":"taxable","11":"shipping-taxable","12":"purchasable","13":"product-type-simple"},"yoast_head":"<!-- This site is optimized with the Yoast SEO plugin v23.5 - https:\/\/yoast.com\/wordpress\/plugins\/seo\/ -->\n<title>EcoJab\u00f3n Turrion - Turri\u00f3n Solutions<\/title>\n<meta name=\"robots\" content=\"index, follow, max-snippet:-1, max-image-preview:large, max-video-preview:-1\" \/>\n<link rel=\"canonical\" href=\"https:\/\/turrionsolutions.com\/de\/producto\/ecojabon-turrion\/\" \/>\n<meta property=\"og:locale\" content=\"de_DE\" \/>\n<meta property=\"og:type\" content=\"article\" \/>\n<meta property=\"og:title\" content=\"EcoJab\u00f3n Turrion - Turri\u00f3n Solutions\" \/>\n<meta property=\"og:description\" content=\"\u00d6kologischer Reiniger zum H\u00e4ndewaschen. Damit k\u00f6nnen Sie alle Arten von [&hellip;]\" \/>\n<meta property=\"og:url\" content=\"https:\/\/turrionsolutions.com\/de\/producto\/ecojabon-turrion\/\" \/>\n<meta property=\"og:site_name\" content=\"Turri\u00f3n Solutions\" \/>\n<meta property=\"og:image\" content=\"https:\/\/turrionsolutions.com\/wp-content\/uploads\/2024\/02\/Sujeto-6.png\" \/>\n\t<meta property=\"og:image:width\" content=\"1897\" \/>\n\t<meta property=\"og:image:height\" content=\"3198\" \/>\n\t<meta property=\"og:image:type\" content=\"image\/png\" \/>\n<meta name=\"twitter:card\" content=\"summary_large_image\" \/>\n<script type=\"application\/ld+json\" class=\"yoast-schema-graph\">{\"@context\":\"https:\/\/schema.org\",\"@graph\":[{\"@type\":\"WebPage\",\"@id\":\"https:\/\/turrionsolutions.com\/de\/producto\/ecojabon-turrion\/\",\"url\":\"https:\/\/turrionsolutions.com\/de\/producto\/ecojabon-turrion\/\",\"name\":\"EcoJab\u00f3n Turrion - Turri\u00f3n Solutions\",\"isPartOf\":{\"@id\":\"https:\/\/turrionsolutions.com\/de\/#website\"},\"primaryImageOfPage\":{\"@id\":\"https:\/\/turrionsolutions.com\/de\/producto\/ecojabon-turrion\/#primaryimage\"},\"image\":{\"@id\":\"https:\/\/turrionsolutions.com\/de\/producto\/ecojabon-turrion\/#primaryimage\"},\"thumbnailUrl\":\"https:\/\/turrionsolutions.com\/wp-content\/uploads\/2024\/02\/Sujeto-6.png\",\"datePublished\":\"2024-02-23T15:40:54+00:00\",\"dateModified\":\"2024-02-23T15:40:54+00:00\",\"breadcrumb\":{\"@id\":\"https:\/\/turrionsolutions.com\/de\/producto\/ecojabon-turrion\/#breadcrumb\"},\"inLanguage\":\"de\",\"potentialAction\":[{\"@type\":\"ReadAction\",\"target\":[\"https:\/\/turrionsolutions.com\/de\/producto\/ecojabon-turrion\/\"]}]},{\"@type\":\"ImageObject\",\"inLanguage\":\"de\",\"@id\":\"https:\/\/turrionsolutions.com\/de\/producto\/ecojabon-turrion\/#primaryimage\",\"url\":\"https:\/\/turrionsolutions.com\/wp-content\/uploads\/2024\/02\/Sujeto-6.png\",\"contentUrl\":\"https:\/\/turrionsolutions.com\/wp-content\/uploads\/2024\/02\/Sujeto-6.png\",\"width\":1897,\"height\":3198},{\"@type\":\"BreadcrumbList\",\"@id\":\"https:\/\/turrionsolutions.com\/de\/producto\/ecojabon-turrion\/#breadcrumb\",\"itemListElement\":[{\"@type\":\"ListItem\",\"position\":1,\"name\":\"Portada\",\"item\":\"https:\/\/turrionsolutions.com\/de\/\"},{\"@type\":\"ListItem\",\"position\":2,\"name\":\"Tienda\",\"item\":\"https:\/\/turrionsolutions.com\/tienda\/\"},{\"@type\":\"ListItem\",\"position\":3,\"name\":\"EcoJab\u00f3n Turrion\"}]},{\"@type\":\"WebSite\",\"@id\":\"https:\/\/turrionsolutions.com\/de\/#website\",\"url\":\"https:\/\/turrionsolutions.com\/de\/\",\"name\":\"Turri\u00f3n Solutions\",\"description\":\"\",\"potentialAction\":[{\"@type\":\"SearchAction\",\"target\":{\"@type\":\"EntryPoint\",\"urlTemplate\":\"https:\/\/turrionsolutions.com\/de\/?s={search_term_string}\"},\"query-input\":{\"@type\":\"PropertyValueSpecification\",\"valueRequired\":true,\"valueName\":\"search_term_string\"}}],\"inLanguage\":\"de\"}]}<\/script>\n<!-- \/ Yoast SEO plugin. -->","yoast_head_json":{"title":"EcoJab\u00f3n Turrion - Turri\u00f3n Solutions","robots":{"index":"index","follow":"follow","max-snippet":"max-snippet:-1","max-image-preview":"max-image-preview:large","max-video-preview":"max-video-preview:-1"},"canonical":"https:\/\/turrionsolutions.com\/de\/producto\/ecojabon-turrion\/","og_locale":"de_DE","og_type":"article","og_title":"EcoJab\u00f3n Turrion - Turri\u00f3n Solutions","og_description":"\u00d6kologischer Reiniger zum H\u00e4ndewaschen. Damit k\u00f6nnen Sie alle Arten von [&hellip;]","og_url":"https:\/\/turrionsolutions.com\/de\/producto\/ecojabon-turrion\/","og_site_name":"Turri\u00f3n Solutions","og_image":[{"url":"https:\/\/turrionsolutions.com\/wp-content\/uploads\/2024\/02\/Sujeto-6.png","width":1897,"height":3198,"type":"image\/png"}],"twitter_card":"summary_large_image","schema":{"@context":"https:\/\/schema.org","@graph":[{"@type":"WebPage","@id":"https:\/\/turrionsolutions.com\/de\/producto\/ecojabon-turrion\/","url":"https:\/\/turrionsolutions.com\/de\/producto\/ecojabon-turrion\/","name":"EcoJab\u00f3n Turrion - Turri\u00f3n Solutions","isPartOf":{"@id":"https:\/\/turrionsolutions.com\/de\/#website"},"primaryImageOfPage":{"@id":"https:\/\/turrionsolutions.com\/de\/producto\/ecojabon-turrion\/#primaryimage"},"image":{"@id":"https:\/\/turrionsolutions.com\/de\/producto\/ecojabon-turrion\/#primaryimage"},"thumbnailUrl":"https:\/\/turrionsolutions.com\/wp-content\/uploads\/2024\/02\/Sujeto-6.png","datePublished":"2024-02-23T15:40:54+00:00","dateModified":"2024-02-23T15:40:54+00:00","breadcrumb":{"@id":"https:\/\/turrionsolutions.com\/de\/producto\/ecojabon-turrion\/#breadcrumb"},"inLanguage":"de","potentialAction":[{"@type":"ReadAction","target":["https:\/\/turrionsolutions.com\/de\/producto\/ecojabon-turrion\/"]}]},{"@type":"ImageObject","inLanguage":"de","@id":"https:\/\/turrionsolutions.com\/de\/producto\/ecojabon-turrion\/#primaryimage","url":"https:\/\/turrionsolutions.com\/wp-content\/uploads\/2024\/02\/Sujeto-6.png","contentUrl":"https:\/\/turrionsolutions.com\/wp-content\/uploads\/2024\/02\/Sujeto-6.png","width":1897,"height":3198},{"@type":"BreadcrumbList","@id":"https:\/\/turrionsolutions.com\/de\/producto\/ecojabon-turrion\/#breadcrumb","itemListElement":[{"@type":"ListItem","position":1,"name":"Portada","item":"https:\/\/turrionsolutions.com\/de\/"},{"@type":"ListItem","position":2,"name":"Tienda","item":"https:\/\/turrionsolutions.com\/tienda\/"},{"@type":"ListItem","position":3,"name":"EcoJab\u00f3n Turrion"}]},{"@type":"WebSite","@id":"https:\/\/turrionsolutions.com\/de\/#website","url":"https:\/\/turrionsolutions.com\/de\/","name":"Turri\u00f3n Solutions","description":"","potentialAction":[{"@type":"SearchAction","target":{"@type":"EntryPoint","urlTemplate":"https:\/\/turrionsolutions.com\/de\/?s={search_term_string}"},"query-input":{"@type":"PropertyValueSpecification","valueRequired":true,"valueName":"search_term_string"}}],"inLanguage":"de"}]}},"_links":{"self":[{"href":"https:\/\/turrionsolutions.com\/de\/wp-json\/wp\/v2\/product\/3590","targetHints":{"allow":["GET"]}}],"collection":[{"href":"https:\/\/turrionsolutions.com\/de\/wp-json\/wp\/v2\/product"}],"about":[{"href":"https:\/\/turrionsolutions.com\/de\/wp-json\/wp\/v2\/types\/product"}],"replies":[{"embeddable":true,"href":"https:\/\/turrionsolutions.com\/de\/wp-json\/wp\/v2\/comments?post=3590"}],"wp:featuredmedia":[{"embeddable":true,"href":"https:\/\/turrionsolutions.com\/de\/wp-json\/wp\/v2\/media\/3591"}],"wp:attachment":[{"href":"https:\/\/turrionsolutions.com\/de\/wp-json\/wp\/v2\/media?parent=3590"}],"wp:term":[{"taxonomy":"product_cat","embeddable":true,"href":"https:\/\/turrionsolutions.com\/de\/wp-json\/wp\/v2\/product_cat?post=3590"},{"taxonomy":"product_tag","embeddable":true,"href":"https:\/\/turrionsolutions.com\/de\/wp-json\/wp\/v2\/product_tag?post=3590"}],"curies":[{"name":"wp","href":"https:\/\/api.w.org\/{rel}","templated":true}]}}