{"id":3599,"date":"2024-02-19T21:44:03","date_gmt":"2024-02-19T20:44:03","guid":{"rendered":"https:\/\/turrionsolutions.com\/producto\/pulverizador-ik-multi-6\/"},"modified":"2024-02-19T21:44:03","modified_gmt":"2024-02-19T20:44:03","slug":"pulverizador-ik-multi-6","status":"publish","type":"product","link":"https:\/\/turrionsolutions.com\/de\/producto\/pulverizador-ik-multi-6\/","title":{"rendered":"Pulverizador iK MULTI 6"},"content":{"rendered":"<p>Das Spr\u00fchger\u00e4t IK MULTI 6 mit einem maximalen Fassungsverm\u00f6gen von 4 l bietet die professionelle Spr\u00fchl\u00f6sung, um optimale Ergebnisse in einer Vielzahl von Bereichen wie Reinigung und Desinfektion, Bauwesen, Sch\u00e4dlings-, Viren- und Epidemiebek\u00e4mpfung, Automobilindustrie, Industrie und Klimaanlage zu erzielen ( HVAC).<\/p>\n<p><strong> \u00a1 Perfektes Spr\u00fchger\u00e4t f\u00fcr die Anwendung von RadiatorCleaner !<\/strong><\/p>\n","protected":false},"excerpt":{"rendered":"<p>Das Spr\u00fchger\u00e4t IK MULTI 6 mit einem maximalen Fassungsverm\u00f6gen von [&hellip;]<\/p>\n","protected":false},"featured_media":3597,"comment_status":"open","ping_status":"closed","template":"","meta":[],"product_cat":[57],"product_tag":[],"class_list":{"0":"post-3599","1":"product","2":"type-product","3":"status-publish","4":"has-post-thumbnail","6":"product_cat-nicht-kategorisiert","8":"first","9":"instock","10":"purchasable","11":"product-type-simple"},"yoast_head":"<!-- This site is optimized with the Yoast SEO plugin v23.5 - https:\/\/yoast.com\/wordpress\/plugins\/seo\/ -->\n<title>Pulverizador iK MULTI 6 - Turri\u00f3n Solutions<\/title>\n<meta name=\"robots\" content=\"index, follow, max-snippet:-1, max-image-preview:large, max-video-preview:-1\" \/>\n<link rel=\"canonical\" href=\"https:\/\/turrionsolutions.com\/de\/producto\/pulverizador-ik-multi-6\/\" \/>\n<meta property=\"og:locale\" content=\"de_DE\" \/>\n<meta property=\"og:type\" content=\"article\" \/>\n<meta property=\"og:title\" content=\"Pulverizador iK MULTI 6 - Turri\u00f3n Solutions\" \/>\n<meta property=\"og:description\" content=\"Das Spr\u00fchger\u00e4t IK MULTI 6 mit einem maximalen Fassungsverm\u00f6gen von [&hellip;]\" \/>\n<meta property=\"og:url\" content=\"https:\/\/turrionsolutions.com\/de\/producto\/pulverizador-ik-multi-6\/\" \/>\n<meta property=\"og:site_name\" content=\"Turri\u00f3n Solutions\" \/>\n<meta name=\"twitter:card\" content=\"summary_large_image\" \/>\n<script type=\"application\/ld+json\" class=\"yoast-schema-graph\">{\"@context\":\"https:\/\/schema.org\",\"@graph\":[{\"@type\":\"WebPage\",\"@id\":\"https:\/\/turrionsolutions.com\/de\/producto\/pulverizador-ik-multi-6\/\",\"url\":\"https:\/\/turrionsolutions.com\/de\/producto\/pulverizador-ik-multi-6\/\",\"name\":\"Pulverizador iK MULTI 6 - Turri\u00f3n Solutions\",\"isPartOf\":{\"@id\":\"https:\/\/turrionsolutions.com\/de\/#website\"},\"primaryImageOfPage\":{\"@id\":\"https:\/\/turrionsolutions.com\/de\/producto\/pulverizador-ik-multi-6\/#primaryimage\"},\"image\":{\"@id\":\"https:\/\/turrionsolutions.com\/de\/producto\/pulverizador-ik-multi-6\/#primaryimage\"},\"thumbnailUrl\":\"https:\/\/turrionsolutions.com\/wp-content\/uploads\/2024\/02\/producto-ik-800px.png\",\"datePublished\":\"2024-02-19T20:44:03+00:00\",\"dateModified\":\"2024-02-19T20:44:03+00:00\",\"breadcrumb\":{\"@id\":\"https:\/\/turrionsolutions.com\/de\/producto\/pulverizador-ik-multi-6\/#breadcrumb\"},\"inLanguage\":\"de\",\"potentialAction\":[{\"@type\":\"ReadAction\",\"target\":[\"https:\/\/turrionsolutions.com\/de\/producto\/pulverizador-ik-multi-6\/\"]}]},{\"@type\":\"ImageObject\",\"inLanguage\":\"de\",\"@id\":\"https:\/\/turrionsolutions.com\/de\/producto\/pulverizador-ik-multi-6\/#primaryimage\",\"url\":\"https:\/\/turrionsolutions.com\/wp-content\/uploads\/2024\/02\/producto-ik-800px.png\",\"contentUrl\":\"https:\/\/turrionsolutions.com\/wp-content\/uploads\/2024\/02\/producto-ik-800px.png\",\"width\":800,\"height\":1414},{\"@type\":\"BreadcrumbList\",\"@id\":\"https:\/\/turrionsolutions.com\/de\/producto\/pulverizador-ik-multi-6\/#breadcrumb\",\"itemListElement\":[{\"@type\":\"ListItem\",\"position\":1,\"name\":\"Portada\",\"item\":\"https:\/\/turrionsolutions.com\/de\/\"},{\"@type\":\"ListItem\",\"position\":2,\"name\":\"Tienda\",\"item\":\"https:\/\/turrionsolutions.com\/tienda\/\"},{\"@type\":\"ListItem\",\"position\":3,\"name\":\"Pulverizador iK MULTI 6\"}]},{\"@type\":\"WebSite\",\"@id\":\"https:\/\/turrionsolutions.com\/de\/#website\",\"url\":\"https:\/\/turrionsolutions.com\/de\/\",\"name\":\"Turri\u00f3n Solutions\",\"description\":\"\",\"potentialAction\":[{\"@type\":\"SearchAction\",\"target\":{\"@type\":\"EntryPoint\",\"urlTemplate\":\"https:\/\/turrionsolutions.com\/de\/?s={search_term_string}\"},\"query-input\":{\"@type\":\"PropertyValueSpecification\",\"valueRequired\":true,\"valueName\":\"search_term_string\"}}],\"inLanguage\":\"de\"}]}<\/script>\n<!-- \/ Yoast SEO plugin. -->","yoast_head_json":{"title":"Pulverizador iK MULTI 6 - Turri\u00f3n Solutions","robots":{"index":"index","follow":"follow","max-snippet":"max-snippet:-1","max-image-preview":"max-image-preview:large","max-video-preview":"max-video-preview:-1"},"canonical":"https:\/\/turrionsolutions.com\/de\/producto\/pulverizador-ik-multi-6\/","og_locale":"de_DE","og_type":"article","og_title":"Pulverizador iK MULTI 6 - Turri\u00f3n Solutions","og_description":"Das Spr\u00fchger\u00e4t IK MULTI 6 mit einem maximalen Fassungsverm\u00f6gen von [&hellip;]","og_url":"https:\/\/turrionsolutions.com\/de\/producto\/pulverizador-ik-multi-6\/","og_site_name":"Turri\u00f3n Solutions","twitter_card":"summary_large_image","schema":{"@context":"https:\/\/schema.org","@graph":[{"@type":"WebPage","@id":"https:\/\/turrionsolutions.com\/de\/producto\/pulverizador-ik-multi-6\/","url":"https:\/\/turrionsolutions.com\/de\/producto\/pulverizador-ik-multi-6\/","name":"Pulverizador iK MULTI 6 - Turri\u00f3n Solutions","isPartOf":{"@id":"https:\/\/turrionsolutions.com\/de\/#website"},"primaryImageOfPage":{"@id":"https:\/\/turrionsolutions.com\/de\/producto\/pulverizador-ik-multi-6\/#primaryimage"},"image":{"@id":"https:\/\/turrionsolutions.com\/de\/producto\/pulverizador-ik-multi-6\/#primaryimage"},"thumbnailUrl":"https:\/\/turrionsolutions.com\/wp-content\/uploads\/2024\/02\/producto-ik-800px.png","datePublished":"2024-02-19T20:44:03+00:00","dateModified":"2024-02-19T20:44:03+00:00","breadcrumb":{"@id":"https:\/\/turrionsolutions.com\/de\/producto\/pulverizador-ik-multi-6\/#breadcrumb"},"inLanguage":"de","potentialAction":[{"@type":"ReadAction","target":["https:\/\/turrionsolutions.com\/de\/producto\/pulverizador-ik-multi-6\/"]}]},{"@type":"ImageObject","inLanguage":"de","@id":"https:\/\/turrionsolutions.com\/de\/producto\/pulverizador-ik-multi-6\/#primaryimage","url":"https:\/\/turrionsolutions.com\/wp-content\/uploads\/2024\/02\/producto-ik-800px.png","contentUrl":"https:\/\/turrionsolutions.com\/wp-content\/uploads\/2024\/02\/producto-ik-800px.png","width":800,"height":1414},{"@type":"BreadcrumbList","@id":"https:\/\/turrionsolutions.com\/de\/producto\/pulverizador-ik-multi-6\/#breadcrumb","itemListElement":[{"@type":"ListItem","position":1,"name":"Portada","item":"https:\/\/turrionsolutions.com\/de\/"},{"@type":"ListItem","position":2,"name":"Tienda","item":"https:\/\/turrionsolutions.com\/tienda\/"},{"@type":"ListItem","position":3,"name":"Pulverizador iK MULTI 6"}]},{"@type":"WebSite","@id":"https:\/\/turrionsolutions.com\/de\/#website","url":"https:\/\/turrionsolutions.com\/de\/","name":"Turri\u00f3n Solutions","description":"","potentialAction":[{"@type":"SearchAction","target":{"@type":"EntryPoint","urlTemplate":"https:\/\/turrionsolutions.com\/de\/?s={search_term_string}"},"query-input":{"@type":"PropertyValueSpecification","valueRequired":true,"valueName":"search_term_string"}}],"inLanguage":"de"}]}},"_links":{"self":[{"href":"https:\/\/turrionsolutions.com\/de\/wp-json\/wp\/v2\/product\/3599","targetHints":{"allow":["GET"]}}],"collection":[{"href":"https:\/\/turrionsolutions.com\/de\/wp-json\/wp\/v2\/product"}],"about":[{"href":"https:\/\/turrionsolutions.com\/de\/wp-json\/wp\/v2\/types\/product"}],"replies":[{"embeddable":true,"href":"https:\/\/turrionsolutions.com\/de\/wp-json\/wp\/v2\/comments?post=3599"}],"wp:featuredmedia":[{"embeddable":true,"href":"https:\/\/turrionsolutions.com\/de\/wp-json\/wp\/v2\/media\/3597"}],"wp:attachment":[{"href":"https:\/\/turrionsolutions.com\/de\/wp-json\/wp\/v2\/media?parent=3599"}],"wp:term":[{"taxonomy":"product_cat","embeddable":true,"href":"https:\/\/turrionsolutions.com\/de\/wp-json\/wp\/v2\/product_cat?post=3599"},{"taxonomy":"product_tag","embeddable":true,"href":"https:\/\/turrionsolutions.com\/de\/wp-json\/wp\/v2\/product_tag?post=3599"}],"curies":[{"name":"wp","href":"https:\/\/api.w.org\/{rel}","templated":true}]}}