{"id":3602,"date":"2024-02-01T18:57:04","date_gmt":"2024-02-01T17:57:04","guid":{"rendered":"https:\/\/turrionsolutions.com\/producto\/radiator-cleaner\/"},"modified":"2024-02-01T18:57:04","modified_gmt":"2024-02-01T17:57:04","slug":"radiator-cleaner","status":"publish","type":"product","link":"https:\/\/turrionsolutions.com\/de\/producto\/radiator-cleaner\/","title":{"rendered":"Radiator Cleaner"},"content":{"rendered":"<p>Externer K\u00fchlerreiniger f\u00fcr K\u00fchlsysteme. Leistungsstarker Spezialreiniger zur Tiefenreinigung der Au\u00dfenseite von K\u00fchlern in K\u00fchlsystemen, T\u00fcrmen, Fahrzeugen, Klimaanlagen usw. <\/p>\n<p>Entfernt schnell und effektiv alle Spuren von Schmutz, Verschmutzung, Staub, \u00d6len, Insekten usw. sammeln sich im K\u00fchlergrill an, f\u00f6rdern die Bel\u00fcftung und verbessern die Leistung des K\u00fchlsystems.<\/p>\n","protected":false},"excerpt":{"rendered":"<p>Externer K\u00fchlerreiniger f\u00fcr K\u00fchlsysteme. Leistungsstarker Spezialreiniger zur Tiefenreinigung der Au\u00dfenseite von K\u00fchlern in K\u00fchlsystemen, T\u00fcrmen, Fahrzeugen, Klimaanlagen usw. <\/p>\n","protected":false},"featured_media":3604,"comment_status":"open","ping_status":"closed","template":"","meta":[],"product_cat":[57],"product_tag":[],"class_list":{"0":"post-3602","1":"product","2":"type-product","3":"status-publish","4":"has-post-thumbnail","6":"product_cat-nicht-kategorisiert","8":"first","9":"instock","10":"purchasable","11":"product-type-simple"},"yoast_head":"<!-- This site is optimized with the Yoast SEO plugin v23.5 - https:\/\/yoast.com\/wordpress\/plugins\/seo\/ -->\n<title>Radiator Cleaner - Turri\u00f3n Solutions<\/title>\n<meta name=\"robots\" content=\"index, follow, max-snippet:-1, max-image-preview:large, max-video-preview:-1\" \/>\n<link rel=\"canonical\" href=\"https:\/\/turrionsolutions.com\/de\/producto\/radiator-cleaner\/\" \/>\n<meta property=\"og:locale\" content=\"de_DE\" \/>\n<meta property=\"og:type\" content=\"article\" \/>\n<meta property=\"og:title\" content=\"Radiator Cleaner - Turri\u00f3n Solutions\" \/>\n<meta property=\"og:description\" content=\"Externer K\u00fchlerreiniger f\u00fcr K\u00fchlsysteme. Leistungsstarker Spezialreiniger zur Tiefenreinigung der Au\u00dfenseite von K\u00fchlern in K\u00fchlsystemen, T\u00fcrmen, Fahrzeugen, Klimaanlagen usw.\" \/>\n<meta property=\"og:url\" content=\"https:\/\/turrionsolutions.com\/de\/producto\/radiator-cleaner\/\" \/>\n<meta property=\"og:site_name\" content=\"Turri\u00f3n Solutions\" \/>\n<meta name=\"twitter:card\" content=\"summary_large_image\" \/>\n<script type=\"application\/ld+json\" class=\"yoast-schema-graph\">{\"@context\":\"https:\/\/schema.org\",\"@graph\":[{\"@type\":\"WebPage\",\"@id\":\"https:\/\/turrionsolutions.com\/de\/producto\/radiator-cleaner\/\",\"url\":\"https:\/\/turrionsolutions.com\/de\/producto\/radiator-cleaner\/\",\"name\":\"Radiator Cleaner - Turri\u00f3n Solutions\",\"isPartOf\":{\"@id\":\"https:\/\/turrionsolutions.com\/de\/#website\"},\"primaryImageOfPage\":{\"@id\":\"https:\/\/turrionsolutions.com\/de\/producto\/radiator-cleaner\/#primaryimage\"},\"image\":{\"@id\":\"https:\/\/turrionsolutions.com\/de\/producto\/radiator-cleaner\/#primaryimage\"},\"thumbnailUrl\":\"https:\/\/turrionsolutions.com\/wp-content\/uploads\/2024\/01\/img-producte-radiator-cleaner-frontal.png\",\"datePublished\":\"2024-02-01T17:57:04+00:00\",\"dateModified\":\"2024-02-01T17:57:04+00:00\",\"breadcrumb\":{\"@id\":\"https:\/\/turrionsolutions.com\/de\/producto\/radiator-cleaner\/#breadcrumb\"},\"inLanguage\":\"de\",\"potentialAction\":[{\"@type\":\"ReadAction\",\"target\":[\"https:\/\/turrionsolutions.com\/de\/producto\/radiator-cleaner\/\"]}]},{\"@type\":\"ImageObject\",\"inLanguage\":\"de\",\"@id\":\"https:\/\/turrionsolutions.com\/de\/producto\/radiator-cleaner\/#primaryimage\",\"url\":\"https:\/\/turrionsolutions.com\/wp-content\/uploads\/2024\/01\/img-producte-radiator-cleaner-frontal.png\",\"contentUrl\":\"https:\/\/turrionsolutions.com\/wp-content\/uploads\/2024\/01\/img-producte-radiator-cleaner-frontal.png\",\"width\":700,\"height\":828},{\"@type\":\"BreadcrumbList\",\"@id\":\"https:\/\/turrionsolutions.com\/de\/producto\/radiator-cleaner\/#breadcrumb\",\"itemListElement\":[{\"@type\":\"ListItem\",\"position\":1,\"name\":\"Portada\",\"item\":\"https:\/\/turrionsolutions.com\/de\/\"},{\"@type\":\"ListItem\",\"position\":2,\"name\":\"Tienda\",\"item\":\"https:\/\/turrionsolutions.com\/tienda\/\"},{\"@type\":\"ListItem\",\"position\":3,\"name\":\"Radiator Cleaner\"}]},{\"@type\":\"WebSite\",\"@id\":\"https:\/\/turrionsolutions.com\/de\/#website\",\"url\":\"https:\/\/turrionsolutions.com\/de\/\",\"name\":\"Turri\u00f3n Solutions\",\"description\":\"\",\"potentialAction\":[{\"@type\":\"SearchAction\",\"target\":{\"@type\":\"EntryPoint\",\"urlTemplate\":\"https:\/\/turrionsolutions.com\/de\/?s={search_term_string}\"},\"query-input\":{\"@type\":\"PropertyValueSpecification\",\"valueRequired\":true,\"valueName\":\"search_term_string\"}}],\"inLanguage\":\"de\"}]}<\/script>\n<!-- \/ Yoast SEO plugin. -->","yoast_head_json":{"title":"Radiator Cleaner - Turri\u00f3n Solutions","robots":{"index":"index","follow":"follow","max-snippet":"max-snippet:-1","max-image-preview":"max-image-preview:large","max-video-preview":"max-video-preview:-1"},"canonical":"https:\/\/turrionsolutions.com\/de\/producto\/radiator-cleaner\/","og_locale":"de_DE","og_type":"article","og_title":"Radiator Cleaner - Turri\u00f3n Solutions","og_description":"Externer K\u00fchlerreiniger f\u00fcr K\u00fchlsysteme. Leistungsstarker Spezialreiniger zur Tiefenreinigung der Au\u00dfenseite von K\u00fchlern in K\u00fchlsystemen, T\u00fcrmen, Fahrzeugen, Klimaanlagen usw.","og_url":"https:\/\/turrionsolutions.com\/de\/producto\/radiator-cleaner\/","og_site_name":"Turri\u00f3n Solutions","twitter_card":"summary_large_image","schema":{"@context":"https:\/\/schema.org","@graph":[{"@type":"WebPage","@id":"https:\/\/turrionsolutions.com\/de\/producto\/radiator-cleaner\/","url":"https:\/\/turrionsolutions.com\/de\/producto\/radiator-cleaner\/","name":"Radiator Cleaner - Turri\u00f3n Solutions","isPartOf":{"@id":"https:\/\/turrionsolutions.com\/de\/#website"},"primaryImageOfPage":{"@id":"https:\/\/turrionsolutions.com\/de\/producto\/radiator-cleaner\/#primaryimage"},"image":{"@id":"https:\/\/turrionsolutions.com\/de\/producto\/radiator-cleaner\/#primaryimage"},"thumbnailUrl":"https:\/\/turrionsolutions.com\/wp-content\/uploads\/2024\/01\/img-producte-radiator-cleaner-frontal.png","datePublished":"2024-02-01T17:57:04+00:00","dateModified":"2024-02-01T17:57:04+00:00","breadcrumb":{"@id":"https:\/\/turrionsolutions.com\/de\/producto\/radiator-cleaner\/#breadcrumb"},"inLanguage":"de","potentialAction":[{"@type":"ReadAction","target":["https:\/\/turrionsolutions.com\/de\/producto\/radiator-cleaner\/"]}]},{"@type":"ImageObject","inLanguage":"de","@id":"https:\/\/turrionsolutions.com\/de\/producto\/radiator-cleaner\/#primaryimage","url":"https:\/\/turrionsolutions.com\/wp-content\/uploads\/2024\/01\/img-producte-radiator-cleaner-frontal.png","contentUrl":"https:\/\/turrionsolutions.com\/wp-content\/uploads\/2024\/01\/img-producte-radiator-cleaner-frontal.png","width":700,"height":828},{"@type":"BreadcrumbList","@id":"https:\/\/turrionsolutions.com\/de\/producto\/radiator-cleaner\/#breadcrumb","itemListElement":[{"@type":"ListItem","position":1,"name":"Portada","item":"https:\/\/turrionsolutions.com\/de\/"},{"@type":"ListItem","position":2,"name":"Tienda","item":"https:\/\/turrionsolutions.com\/tienda\/"},{"@type":"ListItem","position":3,"name":"Radiator Cleaner"}]},{"@type":"WebSite","@id":"https:\/\/turrionsolutions.com\/de\/#website","url":"https:\/\/turrionsolutions.com\/de\/","name":"Turri\u00f3n Solutions","description":"","potentialAction":[{"@type":"SearchAction","target":{"@type":"EntryPoint","urlTemplate":"https:\/\/turrionsolutions.com\/de\/?s={search_term_string}"},"query-input":{"@type":"PropertyValueSpecification","valueRequired":true,"valueName":"search_term_string"}}],"inLanguage":"de"}]}},"_links":{"self":[{"href":"https:\/\/turrionsolutions.com\/de\/wp-json\/wp\/v2\/product\/3602","targetHints":{"allow":["GET"]}}],"collection":[{"href":"https:\/\/turrionsolutions.com\/de\/wp-json\/wp\/v2\/product"}],"about":[{"href":"https:\/\/turrionsolutions.com\/de\/wp-json\/wp\/v2\/types\/product"}],"replies":[{"embeddable":true,"href":"https:\/\/turrionsolutions.com\/de\/wp-json\/wp\/v2\/comments?post=3602"}],"wp:featuredmedia":[{"embeddable":true,"href":"https:\/\/turrionsolutions.com\/de\/wp-json\/wp\/v2\/media\/3604"}],"wp:attachment":[{"href":"https:\/\/turrionsolutions.com\/de\/wp-json\/wp\/v2\/media?parent=3602"}],"wp:term":[{"taxonomy":"product_cat","embeddable":true,"href":"https:\/\/turrionsolutions.com\/de\/wp-json\/wp\/v2\/product_cat?post=3602"},{"taxonomy":"product_tag","embeddable":true,"href":"https:\/\/turrionsolutions.com\/de\/wp-json\/wp\/v2\/product_tag?post=3602"}],"curies":[{"name":"wp","href":"https:\/\/api.w.org\/{rel}","templated":true}]}}