{"id":3209,"date":"2024-12-02T16:39:24","date_gmt":"2024-12-02T15:39:24","guid":{"rendered":"https:\/\/turrionsolutions.com\/?post_type=product&#038;p=3209"},"modified":"2025-01-14T14:12:46","modified_gmt":"2025-01-14T13:12:46","slug":"ts-pro-foam-mini-5l","status":"publish","type":"product","link":"https:\/\/turrionsolutions.com\/en\/producto\/ts-pro-foam-mini-5l\/","title":{"rendered":"TS PRO FOAM MINI 5L"},"content":{"rendered":"<p>La versi\u00f3n MINI del detergente para limpiar el exterior de carrocer\u00edas de todo tipo, que ya conoc\u00e9is. Potente limpiador espumante con componentes que deshacen los restos de suciedad sin necesidad de frotar, respetando el brillo y el color de la carrocer\u00eda.<\/p>\n","protected":false},"excerpt":{"rendered":"<p>Jab\u00f3n espumante para carrocer\u00edas, versi\u00f3n 5L.<\/p>\n","protected":false},"featured_media":3210,"comment_status":"open","ping_status":"closed","template":"","meta":[],"product_cat":[25],"product_tag":[],"class_list":{"0":"post-3209","1":"product","2":"type-product","3":"status-publish","4":"has-post-thumbnail","6":"product_cat-sin-categorizar","8":"first","9":"instock","10":"taxable","11":"shipping-taxable","12":"purchasable","13":"product-type-simple"},"yoast_head":"<!-- This site is optimized with the Yoast SEO plugin v23.5 - https:\/\/yoast.com\/wordpress\/plugins\/seo\/ -->\n<title>TS PRO FOAM MINI 5L - Turri\u00f3n Solutions<\/title>\n<meta name=\"robots\" content=\"index, follow, max-snippet:-1, max-image-preview:large, max-video-preview:-1\" \/>\n<link rel=\"canonical\" href=\"https:\/\/turrionsolutions.com\/en\/producto\/ts-pro-foam-mini-5l\/\" \/>\n<meta property=\"og:locale\" content=\"en_US\" \/>\n<meta property=\"og:type\" content=\"article\" \/>\n<meta property=\"og:title\" content=\"TS PRO FOAM MINI 5L - Turri\u00f3n Solutions\" \/>\n<meta property=\"og:description\" content=\"Jab\u00f3n espumante para carrocer\u00edas, versi\u00f3n 5L.\" \/>\n<meta property=\"og:url\" content=\"https:\/\/turrionsolutions.com\/en\/producto\/ts-pro-foam-mini-5l\/\" \/>\n<meta property=\"og:site_name\" content=\"Turri\u00f3n Solutions\" \/>\n<meta property=\"article:modified_time\" content=\"2025-01-14T13:12:46+00:00\" \/>\n<meta property=\"og:image\" content=\"https:\/\/turrionsolutions.com\/wp-content\/uploads\/2024\/12\/WhatsApp-Image-2024-12-02-at-16.32.57.jpeg\" \/>\n\t<meta property=\"og:image:width\" content=\"1152\" \/>\n\t<meta property=\"og:image:height\" content=\"2048\" \/>\n\t<meta property=\"og:image:type\" content=\"image\/jpeg\" \/>\n<meta name=\"twitter:card\" content=\"summary_large_image\" \/>\n<meta name=\"twitter:label1\" content=\"Est. reading time\" \/>\n\t<meta name=\"twitter:data1\" content=\"1 minute\" \/>\n<script type=\"application\/ld+json\" class=\"yoast-schema-graph\">{\"@context\":\"https:\/\/schema.org\",\"@graph\":[{\"@type\":\"WebPage\",\"@id\":\"https:\/\/turrionsolutions.com\/en\/producto\/ts-pro-foam-mini-5l\/\",\"url\":\"https:\/\/turrionsolutions.com\/en\/producto\/ts-pro-foam-mini-5l\/\",\"name\":\"TS PRO FOAM MINI 5L - Turri\u00f3n Solutions\",\"isPartOf\":{\"@id\":\"https:\/\/turrionsolutions.com\/en\/#website\"},\"primaryImageOfPage\":{\"@id\":\"https:\/\/turrionsolutions.com\/en\/producto\/ts-pro-foam-mini-5l\/#primaryimage\"},\"image\":{\"@id\":\"https:\/\/turrionsolutions.com\/en\/producto\/ts-pro-foam-mini-5l\/#primaryimage\"},\"thumbnailUrl\":\"https:\/\/turrionsolutions.com\/wp-content\/uploads\/2024\/12\/WhatsApp-Image-2024-12-02-at-16.32.57.jpeg\",\"datePublished\":\"2024-12-02T15:39:24+00:00\",\"dateModified\":\"2025-01-14T13:12:46+00:00\",\"breadcrumb\":{\"@id\":\"https:\/\/turrionsolutions.com\/en\/producto\/ts-pro-foam-mini-5l\/#breadcrumb\"},\"inLanguage\":\"en-US\",\"potentialAction\":[{\"@type\":\"ReadAction\",\"target\":[\"https:\/\/turrionsolutions.com\/en\/producto\/ts-pro-foam-mini-5l\/\"]}]},{\"@type\":\"ImageObject\",\"inLanguage\":\"en-US\",\"@id\":\"https:\/\/turrionsolutions.com\/en\/producto\/ts-pro-foam-mini-5l\/#primaryimage\",\"url\":\"https:\/\/turrionsolutions.com\/wp-content\/uploads\/2024\/12\/WhatsApp-Image-2024-12-02-at-16.32.57.jpeg\",\"contentUrl\":\"https:\/\/turrionsolutions.com\/wp-content\/uploads\/2024\/12\/WhatsApp-Image-2024-12-02-at-16.32.57.jpeg\",\"width\":1152,\"height\":2048},{\"@type\":\"BreadcrumbList\",\"@id\":\"https:\/\/turrionsolutions.com\/en\/producto\/ts-pro-foam-mini-5l\/#breadcrumb\",\"itemListElement\":[{\"@type\":\"ListItem\",\"position\":1,\"name\":\"Portada\",\"item\":\"https:\/\/turrionsolutions.com\/en\/\"},{\"@type\":\"ListItem\",\"position\":2,\"name\":\"Tienda\",\"item\":\"https:\/\/turrionsolutions.com\/tienda\/\"},{\"@type\":\"ListItem\",\"position\":3,\"name\":\"TS PRO FOAM MINI 5L\"}]},{\"@type\":\"WebSite\",\"@id\":\"https:\/\/turrionsolutions.com\/en\/#website\",\"url\":\"https:\/\/turrionsolutions.com\/en\/\",\"name\":\"Turri\u00f3n Solutions\",\"description\":\"\",\"potentialAction\":[{\"@type\":\"SearchAction\",\"target\":{\"@type\":\"EntryPoint\",\"urlTemplate\":\"https:\/\/turrionsolutions.com\/en\/?s={search_term_string}\"},\"query-input\":{\"@type\":\"PropertyValueSpecification\",\"valueRequired\":true,\"valueName\":\"search_term_string\"}}],\"inLanguage\":\"en-US\"}]}<\/script>\n<!-- \/ Yoast SEO plugin. -->","yoast_head_json":{"title":"TS PRO FOAM MINI 5L - Turri\u00f3n Solutions","robots":{"index":"index","follow":"follow","max-snippet":"max-snippet:-1","max-image-preview":"max-image-preview:large","max-video-preview":"max-video-preview:-1"},"canonical":"https:\/\/turrionsolutions.com\/en\/producto\/ts-pro-foam-mini-5l\/","og_locale":"en_US","og_type":"article","og_title":"TS PRO FOAM MINI 5L - Turri\u00f3n Solutions","og_description":"Jab\u00f3n espumante para carrocer\u00edas, versi\u00f3n 5L.","og_url":"https:\/\/turrionsolutions.com\/en\/producto\/ts-pro-foam-mini-5l\/","og_site_name":"Turri\u00f3n Solutions","article_modified_time":"2025-01-14T13:12:46+00:00","og_image":[{"width":1152,"height":2048,"url":"https:\/\/turrionsolutions.com\/wp-content\/uploads\/2024\/12\/WhatsApp-Image-2024-12-02-at-16.32.57.jpeg","type":"image\/jpeg"}],"twitter_card":"summary_large_image","twitter_misc":{"Est. reading time":"1 minute"},"schema":{"@context":"https:\/\/schema.org","@graph":[{"@type":"WebPage","@id":"https:\/\/turrionsolutions.com\/en\/producto\/ts-pro-foam-mini-5l\/","url":"https:\/\/turrionsolutions.com\/en\/producto\/ts-pro-foam-mini-5l\/","name":"TS PRO FOAM MINI 5L - Turri\u00f3n Solutions","isPartOf":{"@id":"https:\/\/turrionsolutions.com\/en\/#website"},"primaryImageOfPage":{"@id":"https:\/\/turrionsolutions.com\/en\/producto\/ts-pro-foam-mini-5l\/#primaryimage"},"image":{"@id":"https:\/\/turrionsolutions.com\/en\/producto\/ts-pro-foam-mini-5l\/#primaryimage"},"thumbnailUrl":"https:\/\/turrionsolutions.com\/wp-content\/uploads\/2024\/12\/WhatsApp-Image-2024-12-02-at-16.32.57.jpeg","datePublished":"2024-12-02T15:39:24+00:00","dateModified":"2025-01-14T13:12:46+00:00","breadcrumb":{"@id":"https:\/\/turrionsolutions.com\/en\/producto\/ts-pro-foam-mini-5l\/#breadcrumb"},"inLanguage":"en-US","potentialAction":[{"@type":"ReadAction","target":["https:\/\/turrionsolutions.com\/en\/producto\/ts-pro-foam-mini-5l\/"]}]},{"@type":"ImageObject","inLanguage":"en-US","@id":"https:\/\/turrionsolutions.com\/en\/producto\/ts-pro-foam-mini-5l\/#primaryimage","url":"https:\/\/turrionsolutions.com\/wp-content\/uploads\/2024\/12\/WhatsApp-Image-2024-12-02-at-16.32.57.jpeg","contentUrl":"https:\/\/turrionsolutions.com\/wp-content\/uploads\/2024\/12\/WhatsApp-Image-2024-12-02-at-16.32.57.jpeg","width":1152,"height":2048},{"@type":"BreadcrumbList","@id":"https:\/\/turrionsolutions.com\/en\/producto\/ts-pro-foam-mini-5l\/#breadcrumb","itemListElement":[{"@type":"ListItem","position":1,"name":"Portada","item":"https:\/\/turrionsolutions.com\/en\/"},{"@type":"ListItem","position":2,"name":"Tienda","item":"https:\/\/turrionsolutions.com\/tienda\/"},{"@type":"ListItem","position":3,"name":"TS PRO FOAM MINI 5L"}]},{"@type":"WebSite","@id":"https:\/\/turrionsolutions.com\/en\/#website","url":"https:\/\/turrionsolutions.com\/en\/","name":"Turri\u00f3n Solutions","description":"","potentialAction":[{"@type":"SearchAction","target":{"@type":"EntryPoint","urlTemplate":"https:\/\/turrionsolutions.com\/en\/?s={search_term_string}"},"query-input":{"@type":"PropertyValueSpecification","valueRequired":true,"valueName":"search_term_string"}}],"inLanguage":"en-US"}]}},"_links":{"self":[{"href":"https:\/\/turrionsolutions.com\/en\/wp-json\/wp\/v2\/product\/3209","targetHints":{"allow":["GET"]}}],"collection":[{"href":"https:\/\/turrionsolutions.com\/en\/wp-json\/wp\/v2\/product"}],"about":[{"href":"https:\/\/turrionsolutions.com\/en\/wp-json\/wp\/v2\/types\/product"}],"replies":[{"embeddable":true,"href":"https:\/\/turrionsolutions.com\/en\/wp-json\/wp\/v2\/comments?post=3209"}],"wp:featuredmedia":[{"embeddable":true,"href":"https:\/\/turrionsolutions.com\/en\/wp-json\/wp\/v2\/media\/3210"}],"wp:attachment":[{"href":"https:\/\/turrionsolutions.com\/en\/wp-json\/wp\/v2\/media?parent=3209"}],"wp:term":[{"taxonomy":"product_cat","embeddable":true,"href":"https:\/\/turrionsolutions.com\/en\/wp-json\/wp\/v2\/product_cat?post=3209"},{"taxonomy":"product_tag","embeddable":true,"href":"https:\/\/turrionsolutions.com\/en\/wp-json\/wp\/v2\/product_tag?post=3209"}],"curies":[{"name":"wp","href":"https:\/\/api.w.org\/{rel}","templated":true}]}}